{"id":38614,"date":"2026-03-11T08:43:40","date_gmt":"2026-03-11T07:43:40","guid":{"rendered":"https:\/\/socjologia.uwr.edu.pl\/?page_id=38614"},"modified":"2026-03-12T13:26:36","modified_gmt":"2026-03-12T12:26:36","slug":"archive","status":"publish","type":"page","link":"https:\/\/socjologia.uwr.edu.pl\/en\/science-and-research\/grants-and-projects\/archive\/","title":{"rendered":"Archive"},"content":{"rendered":"\n<ul class=\"wp-block-list\">\n<li><strong>Research project (<a href=\"https:\/\/socjologia.uwr.edu.pl\/wp-content\/uploads\/sites\/393\/2024\/03\/Towarzystwo-Bachelardowskie-Mythopoeia.docx\" type=\"link\" id=\"https:\/\/socjologia.uwr.edu.pl\/wp-content\/uploads\/sites\/393\/2024\/03\/Towarzystwo-Bachelardowskie-Mythopoeia.docx\">Mythopoeia<\/a>: Philosophy and Anthropology of the Image; Imaginarium \u2013 Figures, Methods, Practices, Languages)<\/strong> This project is dedicated to diverse, interdisciplinary approaches (anthropological-cultural, anthropological-philosophical, philosophical-social, sociological, philological, historical-philosophical) to the concepts of images, imaging, imagery, and imagination.<\/li>\n\n\n\n<li><strong>Research project &#8220;Evaluation of the European Capital of Culture Wroc\u0142aw 2016 Events \u2013 Social Contexts of Culture&#8221;<\/strong> Project carried out by researchers from the Institute of Sociology in 2016\u20132017.<\/li>\n\n\n\n<li><strong>Research project &#8220;<a href=\"https:\/\/socjologia.uwr.edu.pl\/wp-content\/uploads\/sites\/393\/2024\/03\/WROCLAW-FASHION-PROJECT-KODOWANIE-I-MODELOWANIE-UBIORU-CODZIENNEGO.docx\" type=\"link\" id=\"https:\/\/socjologia.uwr.edu.pl\/wp-content\/uploads\/sites\/393\/2024\/03\/WROCLAW-FASHION-PROJECT-KODOWANIE-I-MODELOWANIE-UBIORU-CODZIENNEGO.docx\">Wroc\u0142aw Fashion Project: Coding and Modelling Everyday Dress<\/a>&#8220;<\/strong><\/li>\n\n\n\n<li><strong>EU 7th Framework Programme, Project FP7-PEOPLE-Initial Training Network-2012 CHANGING EMPLOYMENT<\/strong> (under Marie Curie Actions) (The Changing Nature of Employment in Europe in the Context of Challenges, Threats and Opportunities for Employees and Employers). Duration: 1 December 2012 \u2013 30 November 2016. Project budget: EUR 4.5 million (UWr budget: EUR 212,956). Programme Coordinator: Prof. Paul Stewart (University of Strathclyde). Project Leader at the Institute of Sociology: Dr hab. Adam Mrozowicki.<\/li>\n\n\n\n<li><strong>NCN ETIUDA Project: &#8220;Return Migrants&#8217; Inclusion and Employment: The Case of Return Migration from the UK to Poland&#8221;<\/strong> Project no. UMO-2016\/20\/T\/HS6\/00479. Mateusz Karolak MA. Duration: 6 September 2016 \u2013 30 September 2018.<\/li>\n\n\n\n<li><strong>International NCN\/DFG Beethoven Project &#8220;PREWORK: Young Precarious Workers in Poland and Germany: A Comparative Sociological Study of Working and Living Conditions, Social Consciousness and Civic Engagement&#8221;<\/strong> Agreement no. UMO-2014\/15\/G\/HS4\/04476. Consortium with SGH Warsaw School of Economics (Prof. Dr hab. Juliusz Gardawski (leader), Dr Jan Czarzasty). German partner: Freie Universit\u00e4t Berlin. Duration: March 2016 \u2013 February 2019. Team members at UWr Institute of Sociology: Dr hab. Adam Mrozowicki (Principal Investigator), Dr Agata Krasowska, Mateusz Karolak MA. Doctoral students involved as project staff: Aleksandra Drabina MA, Jacek Burski MA. German team members: Prof. Vera Trappmann, Jule-Marie Lorenzen, Alexandra Seehaus, Dennis Neumann. Project website: <a href=\"https:\/\/www.prework.uni.wroc.pl\/prework.eu\/pl.html\">https:\/\/www.prework.uni.wroc.pl\/prework.eu\/pl.html<\/a><\/li>\n\n\n\n<li><strong>International NCN\/DFG Beethoven Project &#8220;Jews and Germans in Polish Collective Memory: Two Case Studies of Memory Formation in Local Communities after World War II&#8221;<\/strong> Project no. 2014\/15\/G\/HS6\/04836. Duration: 20 January 2016 \u2013 19 January 2019. Leader: Dr Barbara Pabjan. German partner: Universit\u00e4t Hamburg. Team members: Dr Barbara Pabjan, Dr Pawe\u0142 Czajkowski, Prof. Dr hab. Stanis\u0142aw K\u0142opot, Mateusz Ga\u0142kowski MA, Marek Szajda MA, Dr Katrin Steffen, Dr Imke Hansen, Dr Kamil Kijek.<\/li>\n\n\n\n<li><strong>International Project PRECARIR \u2013 &#8220;The Rise of the Dual Labour Market: Fighting Precarious Employment in the New Member States through Industrial Relations&#8221;<\/strong> Project no. VS\/2014\/0534. Duration: 1 December 2014 \u2013 30 September 2016. Funding: European Commission&#8217;s DG for Employment, Social Affairs &amp; Inclusion. Team at UWr Institute of Sociology: Dr hab. Adam Mrozowicki (Principal Investigator), Dr Ma\u0142gorzata Maciejewska. <a href=\"https:\/\/socjologia.uwr.edu.pl\/wp-content\/uploads\/sites\/393\/2024\/03\/Poland_national-report_PRECARIR_2016_2017-03-02_21-16-46.pdf\" type=\"link\" id=\"https:\/\/socjologia.uwr.edu.pl\/wp-content\/uploads\/sites\/393\/2024\/03\/Poland_national-report_PRECARIR_2016_2017-03-02_21-16-46.pdf\">Research report<\/a>.<\/li>\n\n\n\n<li><strong>Doctoral Dissertation Grant for Dr Micha\u0142 Cebula: &#8220;The Symbolic Dimension of Consumption in Contemporary Culture Based on Research among Wroc\u0142aw Residents&#8221;<\/strong> Supervisor: Prof. Wanda Patrza\u0142ek. Agreement no. 4954\/B\/H03\/2011\/40.<\/li>\n\n\n\n<li><strong>Research Grant: &#8220;Sociological Analysis of the Role, Status and Significance of Women in Dispositional Groups in Society in the Context of Security&#8221;<\/strong> Registration no. O N116 045638, ID: 73299. Competition: 38 (31 July 2009). Individual grant, Dr Ma\u0142gorzata Stochmal.<\/li>\n\n\n\n<li><strong>Polish-German Science Foundation: &#8220;Leipzig and Wroc\u0142aw in the Process of Transformation, Europeanization and Globalization \u2013 A Comparative Study of Municipal, Economic and Social Development&#8221;<\/strong> Principal Investigator: Prof. Zbigniew Kurcz. Partner: Zentrum f\u00fcr Internationale Wirtschaftsbeziehungen, Universit\u00e4t Leipzig. Project duration: 2012\u20132013.<\/li>\n\n\n\n<li><strong>KBN Research Grant: &#8220;Beyond the City? The Suburbanization Process and Functional Links between Small and Medium-Sized Towns and Their Suburban Zones from a Sociological Perspective \u2013 The Case of Lower Silesian Voivodeship&#8221;<\/strong> Grant no. N N116 348939. Principal Investigator: Dr Katarzyna Kajdanek. Duration: 2010\u20132012.<\/li>\n\n\n\n<li><strong>Project &#8220;The Memory of Vanished Population Groups in Today&#8217;s East and Central European Urban Environment: Memory Treatment and Urban Planning in Lviv, Chernivtsi, Chi\u0219in\u0103u and Wroc\u0142aw&#8221;<\/strong> Project Leader: Dr Barbara Pabjan. Duration: 2011\u20132014. Budget: EUR 120,000. Funding: The Bank of Sweden Tercentenary Foundation.<\/li>\n\n\n\n<li><strong>&#8220;<a href=\"https:\/\/socjologia.uwr.edu.pl\/wp-content\/uploads\/sites\/393\/2024\/03\/Powiatowy-program-rozwoju-pieczy-zastepczej-w-powiecie-Wroclaw-na-lata-2018-2020.docx\" type=\"link\" id=\"https:\/\/socjologia.uwr.edu.pl\/wp-content\/uploads\/sites\/393\/2024\/03\/Powiatowy-program-rozwoju-pieczy-zastepczej-w-powiecie-Wroclaw-na-lata-2018-2020.docx\">District Programme for the Development of Foster Care in the Wroc\u0142aw District for 2018\u20132020<\/a>&#8220;<\/strong> A research project carried out by Dr Monika Wiktorowicz-Sosnowska.<\/li>\n\n\n\n<li><strong><a href=\"https:\/\/socjologia.uwr.edu.pl\/wp-content\/uploads\/sites\/393\/2024\/03\/Przekraczajac-niewidzialne.docx\" type=\"link\" id=\"https:\/\/socjologia.uwr.edu.pl\/wp-content\/uploads\/sites\/393\/2024\/03\/Przekraczajac-niewidzialne.docx\">NCN MINIATURA Project: &#8220;Crossing (In)visible Boundaries: The Experience of Class Mobility in Individual Biographies<\/a>&#8220;<\/strong> Project Leader: Dr Justyna Kajta. Grant amount: PLN 15,730. Duration: October 2020 \u2013 October 2021.<\/li>\n<\/ul>\n","protected":false},"excerpt":{"rendered":"","protected":false},"author":1839,"featured_media":0,"parent":29343,"menu_order":0,"comment_status":"closed","ping_status":"closed","template":"","meta":{"_acf_changed":false,"inline_featured_image":false,"site-sidebar-layout":"default","site-content-layout":"","ast-site-content-layout":"default","site-content-style":"default","site-sidebar-style":"default","ast-global-header-display":"","ast-banner-title-visibility":"","ast-main-header-display":"","ast-hfb-above-header-display":"","ast-hfb-below-header-display":"","ast-hfb-mobile-header-display":"","site-post-title":"","ast-breadcrumbs-content":"","ast-featured-img":"","footer-sml-layout":"","ast-disable-related-posts":"","theme-transparent-header-meta":"","adv-header-id-meta":"","stick-header-meta":"","header-above-stick-meta":"","header-main-stick-meta":"","header-below-stick-meta":"","astra-migrate-meta-layouts":"set","ast-page-background-enabled":"default","ast-page-background-meta":{"desktop":{"background-color":"","background-image":"","background-repeat":"repeat","background-position":"center center","background-size":"auto","background-attachment":"scroll","background-type":"","background-media":"","overlay-type":"","overlay-color":"","overlay-opacity":"","overlay-gradient":""},"tablet":{"background-color":"","background-image":"","background-repeat":"repeat","background-position":"center center","background-size":"auto","background-attachment":"scroll","background-type":"","background-media":"","overlay-type":"","overlay-color":"","overlay-opacity":"","overlay-gradient":""},"mobile":{"background-color":"","background-image":"","background-repeat":"repeat","background-position":"center center","background-size":"auto","background-attachment":"scroll","background-type":"","background-media":"","overlay-type":"","overlay-color":"","overlay-opacity":"","overlay-gradient":""}},"ast-content-background-meta":{"desktop":{"background-color":"var(--ast-global-color-5)","background-image":"","background-repeat":"repeat","background-position":"center center","background-size":"auto","background-attachment":"scroll","background-type":"","background-media":"","overlay-type":"","overlay-color":"","overlay-opacity":"","overlay-gradient":""},"tablet":{"background-color":"var(--ast-global-color-5)","background-image":"","background-repeat":"repeat","background-position":"center center","background-size":"auto","background-attachment":"scroll","background-type":"","background-media":"","overlay-type":"","overlay-color":"","overlay-opacity":"","overlay-gradient":""},"mobile":{"background-color":"var(--ast-global-color-5)","background-image":"","background-repeat":"repeat","background-position":"center center","background-size":"auto","background-attachment":"scroll","background-type":"","background-media":"","overlay-type":"","overlay-color":"","overlay-opacity":"","overlay-gradient":""}},"footnotes":""},"categories":[],"tags":[],"class_list":["post-38614","page","type-page","status-publish","hentry"],"featured_image_urls_v2":{"full":"","thumbnail":"","medium":"","medium_large":"","large":"","1536x1536":"","2048x2048":"","menu-24x24":"","menu-36x36":"","menu-48x48":""},"post_excerpt_stackable_v2":"<p>Research project (Mythopoeia: Philosophy and Anthropology of the Image; Imaginarium \u2013 Figures, Methods, Practices, Languages) This project is dedicated to diverse, interdisciplinary approaches (anthropological-cultural, anthropological-philosophical, philosophical-social, sociological, philological, historical-philosophical) to the concepts of images, imaging, imagery, and imagination. Research project &#8220;Evaluation of the European Capital of Culture Wroc\u0142aw 2016 Events \u2013 Social Contexts of Culture&#8221; Project carried out by researchers from the Institute of Sociology in 2016\u20132017. Research project &#8220;Wroc\u0142aw Fashion Project: Coding and Modelling Everyday Dress&#8220; EU 7th Framework Programme, Project FP7-PEOPLE-Initial Training Network-2012 CHANGING EMPLOYMENT (under Marie Curie Actions) (The Changing Nature of Employment in Europe in the&hellip;<\/p>\n","category_list_v2":"Uncategorized","author_info_v2":{"name":"ppienkowski","url":"https:\/\/socjologia.uwr.edu.pl\/en\/author\/ppienkowski\/"},"comments_num_v2":"0 comments","acf":[],"yoast_head":"<!-- This site is optimized with the Yoast SEO plugin v27.1.1 - https:\/\/yoast.com\/product\/yoast-seo-wordpress\/ -->\n<title>Archive - Institute of Sociology<\/title>\n<meta name=\"robots\" content=\"index, follow, max-snippet:-1, max-image-preview:large, max-video-preview:-1\" \/>\n<link rel=\"canonical\" href=\"https:\/\/socjologia.uwr.edu.pl\/en\/science-and-research\/grants-and-projects\/archive\/\" \/>\n<meta property=\"og:locale\" content=\"en_US\" \/>\n<meta property=\"og:type\" content=\"article\" \/>\n<meta property=\"og:title\" content=\"Archive - Institute of Sociology\" \/>\n<meta property=\"og:url\" content=\"https:\/\/socjologia.uwr.edu.pl\/en\/science-and-research\/grants-and-projects\/archive\/\" \/>\n<meta property=\"og:site_name\" content=\"Institute of Sociology\" \/>\n<meta property=\"article:modified_time\" content=\"2026-03-12T12:26:36+00:00\" \/>\n<meta name=\"twitter:card\" content=\"summary_large_image\" \/>\n<meta name=\"twitter:label1\" content=\"Est. reading time\" \/>\n\t<meta name=\"twitter:data1\" content=\"4 minutes\" \/>\n<script type=\"application\/ld+json\" class=\"yoast-schema-graph\">{\"@context\":\"https:\/\/schema.org\",\"@graph\":[{\"@type\":\"WebPage\",\"@id\":\"https:\/\/socjologia.uwr.edu.pl\/en\/science-and-research\/grants-and-projects\/archive\/\",\"url\":\"https:\/\/socjologia.uwr.edu.pl\/en\/science-and-research\/grants-and-projects\/archive\/\",\"name\":\"Archive - Institute of Sociology\",\"isPartOf\":{\"@id\":\"https:\/\/socjologia.uwr.edu.pl\/#website\"},\"datePublished\":\"2026-03-11T07:43:40+00:00\",\"dateModified\":\"2026-03-12T12:26:36+00:00\",\"breadcrumb\":{\"@id\":\"https:\/\/socjologia.uwr.edu.pl\/en\/science-and-research\/grants-and-projects\/archive\/#breadcrumb\"},\"inLanguage\":\"en-US\",\"potentialAction\":[{\"@type\":\"ReadAction\",\"target\":[\"https:\/\/socjologia.uwr.edu.pl\/en\/science-and-research\/grants-and-projects\/archive\/\"]}]},{\"@type\":\"BreadcrumbList\",\"@id\":\"https:\/\/socjologia.uwr.edu.pl\/en\/science-and-research\/grants-and-projects\/archive\/#breadcrumb\",\"itemListElement\":[{\"@type\":\"ListItem\",\"position\":1,\"name\":\"Strona g\u0142\u00f3wna\",\"item\":\"https:\/\/socjologia.uwr.edu.pl\/en\/\"},{\"@type\":\"ListItem\",\"position\":2,\"name\":\"Science and Research\",\"item\":\"https:\/\/socjologia.uwr.edu.pl\/en\/science-and-research\/\"},{\"@type\":\"ListItem\",\"position\":3,\"name\":\"Grants and Projects\",\"item\":\"https:\/\/socjologia.uwr.edu.pl\/en\/science-and-research\/grants-and-projects\/\"},{\"@type\":\"ListItem\",\"position\":4,\"name\":\"Archive\"}]},{\"@type\":\"WebSite\",\"@id\":\"https:\/\/socjologia.uwr.edu.pl\/#website\",\"url\":\"https:\/\/socjologia.uwr.edu.pl\/\",\"name\":\"Institute of Sociology\",\"description\":\"Kolejna witryna sieci \u201eUWR Witryny\u201d\",\"publisher\":{\"@id\":\"https:\/\/socjologia.uwr.edu.pl\/#organization\"},\"potentialAction\":[{\"@type\":\"SearchAction\",\"target\":{\"@type\":\"EntryPoint\",\"urlTemplate\":\"https:\/\/socjologia.uwr.edu.pl\/?s={search_term_string}\"},\"query-input\":{\"@type\":\"PropertyValueSpecification\",\"valueRequired\":true,\"valueName\":\"search_term_string\"}}],\"inLanguage\":\"en-US\"},{\"@type\":\"Organization\",\"@id\":\"https:\/\/socjologia.uwr.edu.pl\/#organization\",\"name\":\"Institute of Sociology\",\"url\":\"https:\/\/socjologia.uwr.edu.pl\/\",\"logo\":{\"@type\":\"ImageObject\",\"inLanguage\":\"en-US\",\"@id\":\"https:\/\/socjologia.uwr.edu.pl\/#\/schema\/logo\/image\/\",\"url\":\"https:\/\/socjologia.uwr.edu.pl\/wp-content\/uploads\/sites\/393\/2025\/10\/UWr-logotyp-2025.png\",\"contentUrl\":\"https:\/\/socjologia.uwr.edu.pl\/wp-content\/uploads\/sites\/393\/2025\/10\/UWr-logotyp-2025.png\",\"width\":764,\"height\":269,\"caption\":\"Institute of Sociology\"},\"image\":{\"@id\":\"https:\/\/socjologia.uwr.edu.pl\/#\/schema\/logo\/image\/\"}}]}<\/script>\n<!-- \/ Yoast SEO plugin. -->","yoast_head_json":{"title":"Archive - Institute of Sociology","robots":{"index":"index","follow":"follow","max-snippet":"max-snippet:-1","max-image-preview":"max-image-preview:large","max-video-preview":"max-video-preview:-1"},"canonical":"https:\/\/socjologia.uwr.edu.pl\/en\/science-and-research\/grants-and-projects\/archive\/","og_locale":"en_US","og_type":"article","og_title":"Archive - Institute of Sociology","og_url":"https:\/\/socjologia.uwr.edu.pl\/en\/science-and-research\/grants-and-projects\/archive\/","og_site_name":"Institute of Sociology","article_modified_time":"2026-03-12T12:26:36+00:00","twitter_card":"summary_large_image","twitter_misc":{"Est. reading time":"4 minutes"},"schema":{"@context":"https:\/\/schema.org","@graph":[{"@type":"WebPage","@id":"https:\/\/socjologia.uwr.edu.pl\/en\/science-and-research\/grants-and-projects\/archive\/","url":"https:\/\/socjologia.uwr.edu.pl\/en\/science-and-research\/grants-and-projects\/archive\/","name":"Archive - Institute of Sociology","isPartOf":{"@id":"https:\/\/socjologia.uwr.edu.pl\/#website"},"datePublished":"2026-03-11T07:43:40+00:00","dateModified":"2026-03-12T12:26:36+00:00","breadcrumb":{"@id":"https:\/\/socjologia.uwr.edu.pl\/en\/science-and-research\/grants-and-projects\/archive\/#breadcrumb"},"inLanguage":"en-US","potentialAction":[{"@type":"ReadAction","target":["https:\/\/socjologia.uwr.edu.pl\/en\/science-and-research\/grants-and-projects\/archive\/"]}]},{"@type":"BreadcrumbList","@id":"https:\/\/socjologia.uwr.edu.pl\/en\/science-and-research\/grants-and-projects\/archive\/#breadcrumb","itemListElement":[{"@type":"ListItem","position":1,"name":"Strona g\u0142\u00f3wna","item":"https:\/\/socjologia.uwr.edu.pl\/en\/"},{"@type":"ListItem","position":2,"name":"Science and Research","item":"https:\/\/socjologia.uwr.edu.pl\/en\/science-and-research\/"},{"@type":"ListItem","position":3,"name":"Grants and Projects","item":"https:\/\/socjologia.uwr.edu.pl\/en\/science-and-research\/grants-and-projects\/"},{"@type":"ListItem","position":4,"name":"Archive"}]},{"@type":"WebSite","@id":"https:\/\/socjologia.uwr.edu.pl\/#website","url":"https:\/\/socjologia.uwr.edu.pl\/","name":"Institute of Sociology","description":"Kolejna witryna sieci \u201eUWR Witryny\u201d","publisher":{"@id":"https:\/\/socjologia.uwr.edu.pl\/#organization"},"potentialAction":[{"@type":"SearchAction","target":{"@type":"EntryPoint","urlTemplate":"https:\/\/socjologia.uwr.edu.pl\/?s={search_term_string}"},"query-input":{"@type":"PropertyValueSpecification","valueRequired":true,"valueName":"search_term_string"}}],"inLanguage":"en-US"},{"@type":"Organization","@id":"https:\/\/socjologia.uwr.edu.pl\/#organization","name":"Institute of Sociology","url":"https:\/\/socjologia.uwr.edu.pl\/","logo":{"@type":"ImageObject","inLanguage":"en-US","@id":"https:\/\/socjologia.uwr.edu.pl\/#\/schema\/logo\/image\/","url":"https:\/\/socjologia.uwr.edu.pl\/wp-content\/uploads\/sites\/393\/2025\/10\/UWr-logotyp-2025.png","contentUrl":"https:\/\/socjologia.uwr.edu.pl\/wp-content\/uploads\/sites\/393\/2025\/10\/UWr-logotyp-2025.png","width":764,"height":269,"caption":"Institute of Sociology"},"image":{"@id":"https:\/\/socjologia.uwr.edu.pl\/#\/schema\/logo\/image\/"}}]}},"publishpress_future_action":{"enabled":false,"date":"2026-05-06 04:14:38","action":"change-status","newStatus":"draft","terms":[],"taxonomy":"category","extraData":[]},"publishpress_future_workflow_manual_trigger":{"enabledWorkflows":[]},"_links":{"self":[{"href":"https:\/\/socjologia.uwr.edu.pl\/en\/wp-json\/wp\/v2\/pages\/38614\/"}],"collection":[{"href":"https:\/\/socjologia.uwr.edu.pl\/en\/wp-json\/wp\/v2\/pages\/"}],"about":[{"href":"https:\/\/socjologia.uwr.edu.pl\/en\/wp-json\/wp\/v2\/types\/page\/"}],"author":[{"embeddable":true,"href":"https:\/\/socjologia.uwr.edu.pl\/en\/wp-json\/wp\/v2\/users\/1839\/"}],"replies":[{"embeddable":true,"href":"https:\/\/socjologia.uwr.edu.pl\/en\/wp-json\/wp\/v2\/comments\/?post=38614"}],"version-history":[{"count":3,"href":"https:\/\/socjologia.uwr.edu.pl\/en\/wp-json\/wp\/v2\/pages\/38614\/revisions\/"}],"predecessor-version":[{"id":38725,"href":"https:\/\/socjologia.uwr.edu.pl\/en\/wp-json\/wp\/v2\/pages\/38614\/revisions\/38725\/"}],"up":[{"embeddable":true,"href":"https:\/\/socjologia.uwr.edu.pl\/en\/wp-json\/wp\/v2\/pages\/29343\/"}],"wp:attachment":[{"href":"https:\/\/socjologia.uwr.edu.pl\/en\/wp-json\/wp\/v2\/media\/?parent=38614"}],"wp:term":[{"taxonomy":"category","embeddable":true,"href":"https:\/\/socjologia.uwr.edu.pl\/en\/wp-json\/wp\/v2\/categories\/?post=38614"},{"taxonomy":"post_tag","embeddable":true,"href":"https:\/\/socjologia.uwr.edu.pl\/en\/wp-json\/wp\/v2\/tags\/?post=38614"}],"curies":[{"name":"wp","href":"https:\/\/api.w.org\/{rel}","templated":true}]}}