{"id":38488,"date":"2026-02-26T15:59:46","date_gmt":"2026-02-26T14:59:46","guid":{"rendered":"https:\/\/socjologia.uwr.edu.pl\/?page_id=38488"},"modified":"2026-03-05T17:49:28","modified_gmt":"2026-03-05T16:49:28","slug":"emre-can-alptekin","status":"publish","type":"page","link":"https:\/\/socjologia.uwr.edu.pl\/en\/instytut\/pracownicy\/pracownicy-instytutu\/emre-can-alptekin\/","title":{"rendered":"Emre Can Alptekin"},"content":{"rendered":"\n<div class=\"wp-block-media-text alignwide is-stacked-on-mobile is-vertically-aligned-top\" style=\"grid-template-columns:25% auto\"><figure class=\"wp-block-media-text__media\"><img loading=\"lazy\" decoding=\"async\" width=\"585\" height=\"1024\" src=\"https:\/\/socjologia.uwr.edu.pl\/wp-content\/uploads\/sites\/393\/2026\/02\/Emre-Can-Alptekin-585x1024.png\" alt=\"Emre Can Alptekin\" class=\"wp-image-38476 size-full\" srcset=\"https:\/\/socjologia.uwr.edu.pl\/wp-content\/uploads\/sites\/393\/2026\/02\/Emre-Can-Alptekin-585x1024.png 585w, https:\/\/socjologia.uwr.edu.pl\/wp-content\/uploads\/sites\/393\/2026\/02\/Emre-Can-Alptekin-171x300.png 171w, https:\/\/socjologia.uwr.edu.pl\/wp-content\/uploads\/sites\/393\/2026\/02\/Emre-Can-Alptekin-14x24.png 14w, https:\/\/socjologia.uwr.edu.pl\/wp-content\/uploads\/sites\/393\/2026\/02\/Emre-Can-Alptekin-21x36.png 21w, https:\/\/socjologia.uwr.edu.pl\/wp-content\/uploads\/sites\/393\/2026\/02\/Emre-Can-Alptekin-27x48.png 27w, https:\/\/socjologia.uwr.edu.pl\/wp-content\/uploads\/sites\/393\/2026\/02\/Emre-Can-Alptekin.png 768w\" sizes=\"auto, (max-width: 585px) 100vw, 585px\" \/><\/figure><div class=\"wp-block-media-text__content\">\n<p><strong>Emre Can Alptekin<\/strong><\/p>\n\n\n\n<p>Stopie\u0144: dr<\/p>\n\n\n\n<p>Stanowisko: adiunkt<\/p>\n\n\n\n<p>Zak\u0142ad Socjologii Wiedzy i Kultury<\/p>\n\n\n\n<p>Nr gabinetu: 22 (budynek biblioteki)<\/p>\n\n\n\n<p>Nr telefonu: 571 893 389<\/p>\n\n\n\n<p>E-mail: <a href=\"mailto:emre.alptekin@uwr.edu.pl\">emre.alptekin@uwr.edu.pl<\/a><\/p>\n\n\n\n<p>ORCID:<a href=\"https:\/\/orcid.org\/0000-0002-9733-0166\"> <\/a><a href=\"https:\/\/orcid.org\/0000-0001-6254-1361\" target=\"_blank\" rel=\"noreferrer noopener\">https:\/\/orcid.org\/0000-0001-6254-1361<\/a><\/p>\n\n\n\n<p><a href=\"https:\/\/luna.bu.uni.wroc.pl\/publikacje\/Items.php?Ind=2&amp;Item=Alptekin%20Emre%20Can&amp;Rok=0&amp;Wydz=9&amp;Etk=Alptekin,+Emre+Can.&amp;Lpoz=1&amp;Ekr=0&amp;GrTyp=0\">Publikacje pracownika w bazie UWr<\/a><\/p>\n\n\n\n<p>Zainteresowania badawcze:<\/p>\n\n\n\n<ul class=\"wp-block-list\">\n<li>Socjologia kultury<\/li>\n\n\n\n<li>Socjologia muzyki<\/li>\n\n\n\n<li>Muzyka i to\u017csamo\u015b\u0107<\/li>\n\n\n\n<li>Muzyka i zmiana spo\u0142eczna<\/li>\n\n\n\n<li>Migracja, mobilno\u015b\u0107 i adaptacja kulturowa<\/li>\n\n\n\n<li>Granice kulturowe, autentyczno\u015b\u0107 i przynale\u017cno\u015b\u0107<\/li>\n<\/ul>\n\n\n\n<p><a href=\"https:\/\/socjologia.uwr.edu.pl\/instytut\/pracownicy\/dyzury\/\" target=\"_blank\" rel=\"noreferrer noopener\">Dy\u017cury<\/a><\/p>\n<\/div><\/div>\n","protected":false},"excerpt":{"rendered":"","protected":false},"author":5364,"featured_media":0,"parent":26013,"menu_order":0,"comment_status":"closed","ping_status":"closed","template":"","meta":{"_acf_changed":false,"inline_featured_image":false,"site-sidebar-layout":"default","site-content-layout":"","ast-site-content-layout":"default","site-content-style":"default","site-sidebar-style":"default","ast-global-header-display":"","ast-banner-title-visibility":"","ast-main-header-display":"","ast-hfb-above-header-display":"","ast-hfb-below-header-display":"","ast-hfb-mobile-header-display":"","site-post-title":"","ast-breadcrumbs-content":"","ast-featured-img":"","footer-sml-layout":"","ast-disable-related-posts":"","theme-transparent-header-meta":"","adv-header-id-meta":"","stick-header-meta":"","header-above-stick-meta":"","header-main-stick-meta":"","header-below-stick-meta":"","astra-migrate-meta-layouts":"set","ast-page-background-enabled":"default","ast-page-background-meta":{"desktop":{"background-color":"","background-image":"","background-repeat":"repeat","background-position":"center center","background-size":"auto","background-attachment":"scroll","background-type":"","background-media":"","overlay-type":"","overlay-color":"","overlay-opacity":"","overlay-gradient":""},"tablet":{"background-color":"","background-image":"","background-repeat":"repeat","background-position":"center center","background-size":"auto","background-attachment":"scroll","background-type":"","background-media":"","overlay-type":"","overlay-color":"","overlay-opacity":"","overlay-gradient":""},"mobile":{"background-color":"","background-image":"","background-repeat":"repeat","background-position":"center center","background-size":"auto","background-attachment":"scroll","background-type":"","background-media":"","overlay-type":"","overlay-color":"","overlay-opacity":"","overlay-gradient":""}},"ast-content-background-meta":{"desktop":{"background-color":"var(--ast-global-color-5)","background-image":"","background-repeat":"repeat","background-position":"center center","background-size":"auto","background-attachment":"scroll","background-type":"","background-media":"","overlay-type":"","overlay-color":"","overlay-opacity":"","overlay-gradient":""},"tablet":{"background-color":"var(--ast-global-color-5)","background-image":"","background-repeat":"repeat","background-position":"center center","background-size":"auto","background-attachment":"scroll","background-type":"","background-media":"","overlay-type":"","overlay-color":"","overlay-opacity":"","overlay-gradient":""},"mobile":{"background-color":"var(--ast-global-color-5)","background-image":"","background-repeat":"repeat","background-position":"center center","background-size":"auto","background-attachment":"scroll","background-type":"","background-media":"","overlay-type":"","overlay-color":"","overlay-opacity":"","overlay-gradient":""}},"footnotes":""},"categories":[],"tags":[],"class_list":["post-38488","page","type-page","status-publish","hentry"],"featured_image_urls_v2":{"full":"","thumbnail":"","medium":"","medium_large":"","large":"","1536x1536":"","2048x2048":"","menu-24x24":"","menu-36x36":"","menu-48x48":""},"post_excerpt_stackable_v2":"<p>Emre Can Alptekin Stopie\u0144: dr Stanowisko: adiunkt Zak\u0142ad Socjologii Wiedzy i Kultury Nr gabinetu: 22 (budynek biblioteki) Nr telefonu: 571 893 389 E-mail: emre.alptekin@uwr.edu.pl ORCID: https:\/\/orcid.org\/0000-0001-6254-1361 Publikacje pracownika w bazie UWr Zainteresowania badawcze: Socjologia kultury Socjologia muzyki Muzyka i to\u017csamo\u015b\u0107 Muzyka i zmiana spo\u0142eczna Migracja, mobilno\u015b\u0107 i adaptacja kulturowa Granice kulturowe, autentyczno\u015b\u0107 i przynale\u017cno\u015b\u0107 Dy\u017cury<\/p>\n","category_list_v2":"Uncategorized","author_info_v2":{"name":"stanislaw.krawczyk@uwr.edu.pl","url":"https:\/\/socjologia.uwr.edu.pl\/en\/author\/stanislaw-krawczykuwr-edu-pl\/"},"comments_num_v2":"0 comments","acf":[],"yoast_head":"<!-- This site is optimized with the Yoast SEO plugin v27.1.1 - https:\/\/yoast.com\/product\/yoast-seo-wordpress\/ -->\n<title>Emre Can Alptekin - Institute of Sociology<\/title>\n<meta name=\"robots\" content=\"index, follow, max-snippet:-1, max-image-preview:large, max-video-preview:-1\" \/>\n<link rel=\"canonical\" href=\"https:\/\/socjologia.uwr.edu.pl\/en\/instytut\/pracownicy\/pracownicy-instytutu\/emre-can-alptekin\/\" \/>\n<meta property=\"og:locale\" content=\"en_US\" \/>\n<meta property=\"og:type\" content=\"article\" \/>\n<meta property=\"og:title\" content=\"Emre Can Alptekin - Institute of Sociology\" \/>\n<meta property=\"og:url\" content=\"https:\/\/socjologia.uwr.edu.pl\/en\/instytut\/pracownicy\/pracownicy-instytutu\/emre-can-alptekin\/\" \/>\n<meta property=\"og:site_name\" content=\"Institute of Sociology\" \/>\n<meta property=\"article:modified_time\" content=\"2026-03-05T16:49:28+00:00\" \/>\n<meta property=\"og:image\" content=\"https:\/\/socjologia.uwr.edu.pl\/wp-content\/uploads\/sites\/393\/2026\/02\/Emre-Can-Alptekin.png\" \/>\n\t<meta property=\"og:image:width\" content=\"768\" \/>\n\t<meta property=\"og:image:height\" content=\"1344\" \/>\n\t<meta property=\"og:image:type\" content=\"image\/png\" \/>\n<meta name=\"twitter:card\" content=\"summary_large_image\" \/>\n<meta name=\"twitter:label1\" content=\"Est. reading time\" \/>\n\t<meta name=\"twitter:data1\" content=\"1 minute\" \/>\n<script type=\"application\/ld+json\" class=\"yoast-schema-graph\">{\"@context\":\"https:\/\/schema.org\",\"@graph\":[{\"@type\":\"WebPage\",\"@id\":\"https:\/\/socjologia.uwr.edu.pl\/en\/instytut\/pracownicy\/pracownicy-instytutu\/emre-can-alptekin\/\",\"url\":\"https:\/\/socjologia.uwr.edu.pl\/en\/instytut\/pracownicy\/pracownicy-instytutu\/emre-can-alptekin\/\",\"name\":\"Emre Can Alptekin - Institute of Sociology\",\"isPartOf\":{\"@id\":\"https:\/\/socjologia.uwr.edu.pl\/#website\"},\"primaryImageOfPage\":{\"@id\":\"https:\/\/socjologia.uwr.edu.pl\/en\/instytut\/pracownicy\/pracownicy-instytutu\/emre-can-alptekin\/#primaryimage\"},\"image\":{\"@id\":\"https:\/\/socjologia.uwr.edu.pl\/en\/instytut\/pracownicy\/pracownicy-instytutu\/emre-can-alptekin\/#primaryimage\"},\"thumbnailUrl\":\"https:\/\/socjologia.uwr.edu.pl\/wp-content\/uploads\/sites\/393\/2026\/02\/Emre-Can-Alptekin-585x1024.png\",\"datePublished\":\"2026-02-26T14:59:46+00:00\",\"dateModified\":\"2026-03-05T16:49:28+00:00\",\"breadcrumb\":{\"@id\":\"https:\/\/socjologia.uwr.edu.pl\/en\/instytut\/pracownicy\/pracownicy-instytutu\/emre-can-alptekin\/#breadcrumb\"},\"inLanguage\":\"en-US\",\"potentialAction\":[{\"@type\":\"ReadAction\",\"target\":[\"https:\/\/socjologia.uwr.edu.pl\/en\/instytut\/pracownicy\/pracownicy-instytutu\/emre-can-alptekin\/\"]}]},{\"@type\":\"ImageObject\",\"inLanguage\":\"en-US\",\"@id\":\"https:\/\/socjologia.uwr.edu.pl\/en\/instytut\/pracownicy\/pracownicy-instytutu\/emre-can-alptekin\/#primaryimage\",\"url\":\"https:\/\/socjologia.uwr.edu.pl\/wp-content\/uploads\/sites\/393\/2026\/02\/Emre-Can-Alptekin-585x1024.png\",\"contentUrl\":\"https:\/\/socjologia.uwr.edu.pl\/wp-content\/uploads\/sites\/393\/2026\/02\/Emre-Can-Alptekin-585x1024.png\"},{\"@type\":\"BreadcrumbList\",\"@id\":\"https:\/\/socjologia.uwr.edu.pl\/en\/instytut\/pracownicy\/pracownicy-instytutu\/emre-can-alptekin\/#breadcrumb\",\"itemListElement\":[{\"@type\":\"ListItem\",\"position\":1,\"name\":\"Strona g\u0142\u00f3wna\",\"item\":\"https:\/\/socjologia.uwr.edu.pl\/en\/\"},{\"@type\":\"ListItem\",\"position\":2,\"name\":\"Instytut\",\"item\":\"https:\/\/socjologia.uwr.edu.pl\/instytut\/\"},{\"@type\":\"ListItem\",\"position\":3,\"name\":\"Pracownicy\",\"item\":\"https:\/\/socjologia.uwr.edu.pl\/instytut\/pracownicy\/\"},{\"@type\":\"ListItem\",\"position\":4,\"name\":\"Pracownicy Instytutu\",\"item\":\"https:\/\/socjologia.uwr.edu.pl\/instytut\/pracownicy\/pracownicy-instytutu\/\"},{\"@type\":\"ListItem\",\"position\":5,\"name\":\"Emre Can Alptekin\"}]},{\"@type\":\"WebSite\",\"@id\":\"https:\/\/socjologia.uwr.edu.pl\/#website\",\"url\":\"https:\/\/socjologia.uwr.edu.pl\/\",\"name\":\"Institute of Sociology\",\"description\":\"Kolejna witryna sieci \u201eUWR Witryny\u201d\",\"publisher\":{\"@id\":\"https:\/\/socjologia.uwr.edu.pl\/#organization\"},\"potentialAction\":[{\"@type\":\"SearchAction\",\"target\":{\"@type\":\"EntryPoint\",\"urlTemplate\":\"https:\/\/socjologia.uwr.edu.pl\/?s={search_term_string}\"},\"query-input\":{\"@type\":\"PropertyValueSpecification\",\"valueRequired\":true,\"valueName\":\"search_term_string\"}}],\"inLanguage\":\"en-US\"},{\"@type\":\"Organization\",\"@id\":\"https:\/\/socjologia.uwr.edu.pl\/#organization\",\"name\":\"Institute of Sociology\",\"url\":\"https:\/\/socjologia.uwr.edu.pl\/\",\"logo\":{\"@type\":\"ImageObject\",\"inLanguage\":\"en-US\",\"@id\":\"https:\/\/socjologia.uwr.edu.pl\/#\/schema\/logo\/image\/\",\"url\":\"https:\/\/socjologia.uwr.edu.pl\/wp-content\/uploads\/sites\/393\/2025\/10\/UWr-logotyp-2025.png\",\"contentUrl\":\"https:\/\/socjologia.uwr.edu.pl\/wp-content\/uploads\/sites\/393\/2025\/10\/UWr-logotyp-2025.png\",\"width\":764,\"height\":269,\"caption\":\"Institute of Sociology\"},\"image\":{\"@id\":\"https:\/\/socjologia.uwr.edu.pl\/#\/schema\/logo\/image\/\"}}]}<\/script>\n<!-- \/ Yoast SEO plugin. -->","yoast_head_json":{"title":"Emre Can Alptekin - Institute of Sociology","robots":{"index":"index","follow":"follow","max-snippet":"max-snippet:-1","max-image-preview":"max-image-preview:large","max-video-preview":"max-video-preview:-1"},"canonical":"https:\/\/socjologia.uwr.edu.pl\/en\/instytut\/pracownicy\/pracownicy-instytutu\/emre-can-alptekin\/","og_locale":"en_US","og_type":"article","og_title":"Emre Can Alptekin - Institute of Sociology","og_url":"https:\/\/socjologia.uwr.edu.pl\/en\/instytut\/pracownicy\/pracownicy-instytutu\/emre-can-alptekin\/","og_site_name":"Institute of Sociology","article_modified_time":"2026-03-05T16:49:28+00:00","og_image":[{"width":768,"height":1344,"url":"https:\/\/socjologia.uwr.edu.pl\/wp-content\/uploads\/sites\/393\/2026\/02\/Emre-Can-Alptekin.png","type":"image\/png"}],"twitter_card":"summary_large_image","twitter_misc":{"Est. reading time":"1 minute"},"schema":{"@context":"https:\/\/schema.org","@graph":[{"@type":"WebPage","@id":"https:\/\/socjologia.uwr.edu.pl\/en\/instytut\/pracownicy\/pracownicy-instytutu\/emre-can-alptekin\/","url":"https:\/\/socjologia.uwr.edu.pl\/en\/instytut\/pracownicy\/pracownicy-instytutu\/emre-can-alptekin\/","name":"Emre Can Alptekin - Institute of Sociology","isPartOf":{"@id":"https:\/\/socjologia.uwr.edu.pl\/#website"},"primaryImageOfPage":{"@id":"https:\/\/socjologia.uwr.edu.pl\/en\/instytut\/pracownicy\/pracownicy-instytutu\/emre-can-alptekin\/#primaryimage"},"image":{"@id":"https:\/\/socjologia.uwr.edu.pl\/en\/instytut\/pracownicy\/pracownicy-instytutu\/emre-can-alptekin\/#primaryimage"},"thumbnailUrl":"https:\/\/socjologia.uwr.edu.pl\/wp-content\/uploads\/sites\/393\/2026\/02\/Emre-Can-Alptekin-585x1024.png","datePublished":"2026-02-26T14:59:46+00:00","dateModified":"2026-03-05T16:49:28+00:00","breadcrumb":{"@id":"https:\/\/socjologia.uwr.edu.pl\/en\/instytut\/pracownicy\/pracownicy-instytutu\/emre-can-alptekin\/#breadcrumb"},"inLanguage":"en-US","potentialAction":[{"@type":"ReadAction","target":["https:\/\/socjologia.uwr.edu.pl\/en\/instytut\/pracownicy\/pracownicy-instytutu\/emre-can-alptekin\/"]}]},{"@type":"ImageObject","inLanguage":"en-US","@id":"https:\/\/socjologia.uwr.edu.pl\/en\/instytut\/pracownicy\/pracownicy-instytutu\/emre-can-alptekin\/#primaryimage","url":"https:\/\/socjologia.uwr.edu.pl\/wp-content\/uploads\/sites\/393\/2026\/02\/Emre-Can-Alptekin-585x1024.png","contentUrl":"https:\/\/socjologia.uwr.edu.pl\/wp-content\/uploads\/sites\/393\/2026\/02\/Emre-Can-Alptekin-585x1024.png"},{"@type":"BreadcrumbList","@id":"https:\/\/socjologia.uwr.edu.pl\/en\/instytut\/pracownicy\/pracownicy-instytutu\/emre-can-alptekin\/#breadcrumb","itemListElement":[{"@type":"ListItem","position":1,"name":"Strona g\u0142\u00f3wna","item":"https:\/\/socjologia.uwr.edu.pl\/en\/"},{"@type":"ListItem","position":2,"name":"Instytut","item":"https:\/\/socjologia.uwr.edu.pl\/instytut\/"},{"@type":"ListItem","position":3,"name":"Pracownicy","item":"https:\/\/socjologia.uwr.edu.pl\/instytut\/pracownicy\/"},{"@type":"ListItem","position":4,"name":"Pracownicy Instytutu","item":"https:\/\/socjologia.uwr.edu.pl\/instytut\/pracownicy\/pracownicy-instytutu\/"},{"@type":"ListItem","position":5,"name":"Emre Can Alptekin"}]},{"@type":"WebSite","@id":"https:\/\/socjologia.uwr.edu.pl\/#website","url":"https:\/\/socjologia.uwr.edu.pl\/","name":"Institute of Sociology","description":"Kolejna witryna sieci \u201eUWR Witryny\u201d","publisher":{"@id":"https:\/\/socjologia.uwr.edu.pl\/#organization"},"potentialAction":[{"@type":"SearchAction","target":{"@type":"EntryPoint","urlTemplate":"https:\/\/socjologia.uwr.edu.pl\/?s={search_term_string}"},"query-input":{"@type":"PropertyValueSpecification","valueRequired":true,"valueName":"search_term_string"}}],"inLanguage":"en-US"},{"@type":"Organization","@id":"https:\/\/socjologia.uwr.edu.pl\/#organization","name":"Institute of Sociology","url":"https:\/\/socjologia.uwr.edu.pl\/","logo":{"@type":"ImageObject","inLanguage":"en-US","@id":"https:\/\/socjologia.uwr.edu.pl\/#\/schema\/logo\/image\/","url":"https:\/\/socjologia.uwr.edu.pl\/wp-content\/uploads\/sites\/393\/2025\/10\/UWr-logotyp-2025.png","contentUrl":"https:\/\/socjologia.uwr.edu.pl\/wp-content\/uploads\/sites\/393\/2025\/10\/UWr-logotyp-2025.png","width":764,"height":269,"caption":"Institute of Sociology"},"image":{"@id":"https:\/\/socjologia.uwr.edu.pl\/#\/schema\/logo\/image\/"}}]}},"publishpress_future_action":{"enabled":false,"date":"2026-05-22 19:39:02","action":"change-status","newStatus":"draft","terms":[],"taxonomy":"category","extraData":[]},"publishpress_future_workflow_manual_trigger":{"enabledWorkflows":[]},"_links":{"self":[{"href":"https:\/\/socjologia.uwr.edu.pl\/en\/wp-json\/wp\/v2\/pages\/38488\/"}],"collection":[{"href":"https:\/\/socjologia.uwr.edu.pl\/en\/wp-json\/wp\/v2\/pages\/"}],"about":[{"href":"https:\/\/socjologia.uwr.edu.pl\/en\/wp-json\/wp\/v2\/types\/page\/"}],"author":[{"embeddable":true,"href":"https:\/\/socjologia.uwr.edu.pl\/en\/wp-json\/wp\/v2\/users\/5364\/"}],"replies":[{"embeddable":true,"href":"https:\/\/socjologia.uwr.edu.pl\/en\/wp-json\/wp\/v2\/comments\/?post=38488"}],"version-history":[{"count":3,"href":"https:\/\/socjologia.uwr.edu.pl\/en\/wp-json\/wp\/v2\/pages\/38488\/revisions\/"}],"predecessor-version":[{"id":38569,"href":"https:\/\/socjologia.uwr.edu.pl\/en\/wp-json\/wp\/v2\/pages\/38488\/revisions\/38569\/"}],"up":[{"embeddable":true,"href":"https:\/\/socjologia.uwr.edu.pl\/en\/wp-json\/wp\/v2\/pages\/26013\/"}],"wp:attachment":[{"href":"https:\/\/socjologia.uwr.edu.pl\/en\/wp-json\/wp\/v2\/media\/?parent=38488"}],"wp:term":[{"taxonomy":"category","embeddable":true,"href":"https:\/\/socjologia.uwr.edu.pl\/en\/wp-json\/wp\/v2\/categories\/?post=38488"},{"taxonomy":"post_tag","embeddable":true,"href":"https:\/\/socjologia.uwr.edu.pl\/en\/wp-json\/wp\/v2\/tags\/?post=38488"}],"curies":[{"name":"wp","href":"https:\/\/api.w.org\/{rel}","templated":true}]}}