{"id":33659,"date":"2024-11-13T19:08:28","date_gmt":"2024-11-13T18:08:28","guid":{"rendered":"https:\/\/socjologia.uwr.edu.pl\/?page_id=33659"},"modified":"2024-11-19T01:03:37","modified_gmt":"2024-11-19T00:03:37","slug":"migration-culture-city-lab-mcclab","status":"publish","type":"page","link":"https:\/\/socjologia.uwr.edu.pl\/en\/institute\/structure\/migration-culture-city-lab-mcclab\/","title":{"rendered":"Migration \u2013 Culture \u2013 City Lab** (MCCLab)"},"content":{"rendered":"\n<h2 class=\"wp-block-heading\">Migration \u2013 Culture \u2013 City Lab** (MCCLab)<\/h2>\n\n\n\n<p><strong>Team<\/strong><\/p>\n\n\n\n<p>Dr hab. Ewa Banaszak, Prof. UWr<br>Dr Agnieszka Bielewska<br>Dr hab. Kamilla Doli\u0144ska, Prof. UWr<br>Dr hab. Katarzyna Kajdanek, Prof. UWr<br>Dr Mateusz Karolak<br>Dr Dawid Krysi\u0144ski<br>Dr hab. Julita Makaro, Prof. UWr<br>Dr hab. El\u017cbieta Opi\u0142owska, Prof. UWr<\/p>\n\n\n\n<p>The Migration \u2013 Culture \u2013 City Lab is a research unit established in October 2024 at the Institute of Sociology, University of Wroc\u0142aw, to conduct advanced, interdisciplinary and integrated studies on migration processes, socio-cultural changes and urban policies. The Lab brings together specialists in urban studies, migration research and cultural studies who have previously conducted research projects in each of these areas separately and recognize the need for their integration.<\/p>\n\n\n\n<p>&nbsp;The Lab focuses on combining and coordinating the following activities:<\/p>\n\n\n\n<p>\u2013 Research activities, including implementation of research projects of various scales at local, central and international levels, funded from domestic and foreign sources; organization of national and international seminars and conferences; intensifying international cooperation with units conducting research on analogous socio-cultural processes.<\/p>\n\n\n\n<p>\u2013 Theoretical and methodological development in conducting studies and searching for methodologies that enable research advancement in the field defined by the overlap of three sociological subdisciplines: urban sociology, migration sociology and cultural sociology, as well as seeking methodological solutions for conducting innovative and advanced empirical research on urban, migration and cultural processes.<\/p>\n\n\n\n<p>\u2013 Developing interdisciplinary approaches by inviting geographers, economists, lawyers, political scientists, and specialists in security and international relations to collaborate with the Lab &nbsp;&#8211; Developing cooperation with public and local government units through research and analytical work within long-term agreements, increasing the dissemination of research results and deepening impact on the socio-economic environment.<\/p>\n","protected":false},"excerpt":{"rendered":"<p>Migration \u2013 Culture \u2013 City Lab** (MCCLab) Team Dr hab. Ewa Banaszak, Prof. UWrDr Agnieszka BielewskaDr hab. Kamilla Doli\u0144ska, Prof. UWrDr hab. Katarzyna Kajdanek, Prof. UWrDr Mateusz KarolakDr Dawid Krysi\u0144skiDr hab. Julita Makaro, Prof. UWrDr hab. El\u017cbieta Opi\u0142owska, Prof. UWr The Migration \u2013 Culture \u2013 City Lab is a research unit established in October 2024 [&hellip;]<\/p>\n","protected":false},"author":5364,"featured_media":0,"parent":28374,"menu_order":0,"comment_status":"closed","ping_status":"closed","template":"","meta":{"_acf_changed":false,"inline_featured_image":false,"site-sidebar-layout":"default","site-content-layout":"","ast-site-content-layout":"default","site-content-style":"default","site-sidebar-style":"default","ast-global-header-display":"","ast-banner-title-visibility":"","ast-main-header-display":"","ast-hfb-above-header-display":"","ast-hfb-below-header-display":"","ast-hfb-mobile-header-display":"","site-post-title":"","ast-breadcrumbs-content":"","ast-featured-img":"","footer-sml-layout":"","ast-disable-related-posts":"","theme-transparent-header-meta":"","adv-header-id-meta":"","stick-header-meta":"","header-above-stick-meta":"","header-main-stick-meta":"","header-below-stick-meta":"","astra-migrate-meta-layouts":"set","ast-page-background-enabled":"default","ast-page-background-meta":{"desktop":{"background-color":"","background-image":"","background-repeat":"repeat","background-position":"center center","background-size":"auto","background-attachment":"scroll","background-type":"","background-media":"","overlay-type":"","overlay-color":"","overlay-opacity":"","overlay-gradient":""},"tablet":{"background-color":"","background-image":"","background-repeat":"repeat","background-position":"center center","background-size":"auto","background-attachment":"scroll","background-type":"","background-media":"","overlay-type":"","overlay-color":"","overlay-opacity":"","overlay-gradient":""},"mobile":{"background-color":"","background-image":"","background-repeat":"repeat","background-position":"center center","background-size":"auto","background-attachment":"scroll","background-type":"","background-media":"","overlay-type":"","overlay-color":"","overlay-opacity":"","overlay-gradient":""}},"ast-content-background-meta":{"desktop":{"background-color":"var(--ast-global-color-5)","background-image":"","background-repeat":"repeat","background-position":"center center","background-size":"auto","background-attachment":"scroll","background-type":"","background-media":"","overlay-type":"","overlay-color":"","overlay-opacity":"","overlay-gradient":""},"tablet":{"background-color":"var(--ast-global-color-5)","background-image":"","background-repeat":"repeat","background-position":"center center","background-size":"auto","background-attachment":"scroll","background-type":"","background-media":"","overlay-type":"","overlay-color":"","overlay-opacity":"","overlay-gradient":""},"mobile":{"background-color":"var(--ast-global-color-5)","background-image":"","background-repeat":"repeat","background-position":"center center","background-size":"auto","background-attachment":"scroll","background-type":"","background-media":"","overlay-type":"","overlay-color":"","overlay-opacity":"","overlay-gradient":""}},"footnotes":""},"categories":[],"tags":[],"class_list":["post-33659","page","type-page","status-publish","hentry"],"featured_image_urls_v2":{"full":"","thumbnail":"","medium":"","medium_large":"","large":"","1536x1536":"","2048x2048":"","menu-24x24":"","menu-36x36":"","menu-48x48":""},"post_excerpt_stackable_v2":"<p>Migration \u2013 Culture \u2013 City Lab** (MCCLab) Team Dr hab. Ewa Banaszak, Prof. UWrDr Agnieszka BielewskaDr hab. Kamilla Doli\u0144ska, Prof. UWrDr hab. Katarzyna Kajdanek, Prof. UWrDr Mateusz KarolakDr Dawid Krysi\u0144skiDr hab. Julita Makaro, Prof. UWrDr hab. El\u017cbieta Opi\u0142owska, Prof. UWr The Migration \u2013 Culture \u2013 City Lab is a research unit established in October 2024 at the Institute of Sociology, University of Wroc\u0142aw, to conduct advanced, interdisciplinary and integrated studies on migration processes, socio-cultural changes and urban policies. The Lab brings together specialists in urban studies, migration research and cultural studies who have previously conducted research projects in each of&hellip;<\/p>\n","category_list_v2":"Uncategorized","author_info_v2":{"name":"stanislaw.krawczyk@uwr.edu.pl","url":"https:\/\/socjologia.uwr.edu.pl\/en\/author\/stanislaw-krawczykuwr-edu-pl\/"},"comments_num_v2":"0 comments","acf":[],"yoast_head":"<!-- This site is optimized with the Yoast SEO plugin v27.1.1 - https:\/\/yoast.com\/product\/yoast-seo-wordpress\/ -->\n<title>Migration \u2013 Culture \u2013 City Lab** (MCCLab) - Institute of Sociology<\/title>\n<meta name=\"robots\" content=\"index, follow, max-snippet:-1, max-image-preview:large, max-video-preview:-1\" \/>\n<link rel=\"canonical\" href=\"https:\/\/socjologia.uwr.edu.pl\/en\/institute\/structure\/migration-culture-city-lab-mcclab\/\" \/>\n<meta property=\"og:locale\" content=\"en_US\" \/>\n<meta property=\"og:type\" content=\"article\" \/>\n<meta property=\"og:title\" content=\"Migration \u2013 Culture \u2013 City Lab** (MCCLab) - Institute of Sociology\" \/>\n<meta property=\"og:description\" content=\"Migration \u2013 Culture \u2013 City Lab** (MCCLab) Team Dr hab. Ewa Banaszak, Prof. UWrDr Agnieszka BielewskaDr hab. Kamilla Doli\u0144ska, Prof. UWrDr hab. Katarzyna Kajdanek, Prof. UWrDr Mateusz KarolakDr Dawid Krysi\u0144skiDr hab. Julita Makaro, Prof. UWrDr hab. El\u017cbieta Opi\u0142owska, Prof. UWr The Migration \u2013 Culture \u2013 City Lab is a research unit established in October 2024 [&hellip;]\" \/>\n<meta property=\"og:url\" content=\"https:\/\/socjologia.uwr.edu.pl\/en\/institute\/structure\/migration-culture-city-lab-mcclab\/\" \/>\n<meta property=\"og:site_name\" content=\"Institute of Sociology\" \/>\n<meta property=\"article:modified_time\" content=\"2024-11-19T00:03:37+00:00\" \/>\n<meta name=\"twitter:card\" content=\"summary_large_image\" \/>\n<meta name=\"twitter:label1\" content=\"Est. reading time\" \/>\n\t<meta name=\"twitter:data1\" content=\"2 minutes\" \/>\n<script type=\"application\/ld+json\" class=\"yoast-schema-graph\">{\"@context\":\"https:\/\/schema.org\",\"@graph\":[{\"@type\":\"WebPage\",\"@id\":\"https:\/\/socjologia.uwr.edu.pl\/en\/institute\/structure\/migration-culture-city-lab-mcclab\/\",\"url\":\"https:\/\/socjologia.uwr.edu.pl\/en\/institute\/structure\/migration-culture-city-lab-mcclab\/\",\"name\":\"Migration \u2013 Culture \u2013 City Lab** (MCCLab) - Institute of Sociology\",\"isPartOf\":{\"@id\":\"https:\/\/socjologia.uwr.edu.pl\/#website\"},\"datePublished\":\"2024-11-13T18:08:28+00:00\",\"dateModified\":\"2024-11-19T00:03:37+00:00\",\"breadcrumb\":{\"@id\":\"https:\/\/socjologia.uwr.edu.pl\/en\/institute\/structure\/migration-culture-city-lab-mcclab\/#breadcrumb\"},\"inLanguage\":\"en-US\",\"potentialAction\":[{\"@type\":\"ReadAction\",\"target\":[\"https:\/\/socjologia.uwr.edu.pl\/en\/institute\/structure\/migration-culture-city-lab-mcclab\/\"]}]},{\"@type\":\"BreadcrumbList\",\"@id\":\"https:\/\/socjologia.uwr.edu.pl\/en\/institute\/structure\/migration-culture-city-lab-mcclab\/#breadcrumb\",\"itemListElement\":[{\"@type\":\"ListItem\",\"position\":1,\"name\":\"Strona g\u0142\u00f3wna\",\"item\":\"https:\/\/socjologia.uwr.edu.pl\/en\/\"},{\"@type\":\"ListItem\",\"position\":2,\"name\":\"Institute\",\"item\":\"https:\/\/socjologia.uwr.edu.pl\/en\/institute\/\"},{\"@type\":\"ListItem\",\"position\":3,\"name\":\"Structure\",\"item\":\"https:\/\/socjologia.uwr.edu.pl\/en\/institute\/structure\/\"},{\"@type\":\"ListItem\",\"position\":4,\"name\":\"Migration \u2013 Culture \u2013 City Lab** (MCCLab)\"}]},{\"@type\":\"WebSite\",\"@id\":\"https:\/\/socjologia.uwr.edu.pl\/#website\",\"url\":\"https:\/\/socjologia.uwr.edu.pl\/\",\"name\":\"Institute of Sociology\",\"description\":\"Kolejna witryna sieci \u201eUWR Witryny\u201d\",\"publisher\":{\"@id\":\"https:\/\/socjologia.uwr.edu.pl\/#organization\"},\"potentialAction\":[{\"@type\":\"SearchAction\",\"target\":{\"@type\":\"EntryPoint\",\"urlTemplate\":\"https:\/\/socjologia.uwr.edu.pl\/?s={search_term_string}\"},\"query-input\":{\"@type\":\"PropertyValueSpecification\",\"valueRequired\":true,\"valueName\":\"search_term_string\"}}],\"inLanguage\":\"en-US\"},{\"@type\":\"Organization\",\"@id\":\"https:\/\/socjologia.uwr.edu.pl\/#organization\",\"name\":\"Institute of Sociology\",\"url\":\"https:\/\/socjologia.uwr.edu.pl\/\",\"logo\":{\"@type\":\"ImageObject\",\"inLanguage\":\"en-US\",\"@id\":\"https:\/\/socjologia.uwr.edu.pl\/#\/schema\/logo\/image\/\",\"url\":\"https:\/\/socjologia.uwr.edu.pl\/wp-content\/uploads\/sites\/393\/2025\/10\/UWr-logotyp-2025.png\",\"contentUrl\":\"https:\/\/socjologia.uwr.edu.pl\/wp-content\/uploads\/sites\/393\/2025\/10\/UWr-logotyp-2025.png\",\"width\":764,\"height\":269,\"caption\":\"Institute of Sociology\"},\"image\":{\"@id\":\"https:\/\/socjologia.uwr.edu.pl\/#\/schema\/logo\/image\/\"}}]}<\/script>\n<!-- \/ Yoast SEO plugin. -->","yoast_head_json":{"title":"Migration \u2013 Culture \u2013 City Lab** (MCCLab) - Institute of Sociology","robots":{"index":"index","follow":"follow","max-snippet":"max-snippet:-1","max-image-preview":"max-image-preview:large","max-video-preview":"max-video-preview:-1"},"canonical":"https:\/\/socjologia.uwr.edu.pl\/en\/institute\/structure\/migration-culture-city-lab-mcclab\/","og_locale":"en_US","og_type":"article","og_title":"Migration \u2013 Culture \u2013 City Lab** (MCCLab) - Institute of Sociology","og_description":"Migration \u2013 Culture \u2013 City Lab** (MCCLab) Team Dr hab. Ewa Banaszak, Prof. UWrDr Agnieszka BielewskaDr hab. Kamilla Doli\u0144ska, Prof. UWrDr hab. Katarzyna Kajdanek, Prof. UWrDr Mateusz KarolakDr Dawid Krysi\u0144skiDr hab. Julita Makaro, Prof. UWrDr hab. El\u017cbieta Opi\u0142owska, Prof. UWr The Migration \u2013 Culture \u2013 City Lab is a research unit established in October 2024 [&hellip;]","og_url":"https:\/\/socjologia.uwr.edu.pl\/en\/institute\/structure\/migration-culture-city-lab-mcclab\/","og_site_name":"Institute of Sociology","article_modified_time":"2024-11-19T00:03:37+00:00","twitter_card":"summary_large_image","twitter_misc":{"Est. reading time":"2 minutes"},"schema":{"@context":"https:\/\/schema.org","@graph":[{"@type":"WebPage","@id":"https:\/\/socjologia.uwr.edu.pl\/en\/institute\/structure\/migration-culture-city-lab-mcclab\/","url":"https:\/\/socjologia.uwr.edu.pl\/en\/institute\/structure\/migration-culture-city-lab-mcclab\/","name":"Migration \u2013 Culture \u2013 City Lab** (MCCLab) - Institute of Sociology","isPartOf":{"@id":"https:\/\/socjologia.uwr.edu.pl\/#website"},"datePublished":"2024-11-13T18:08:28+00:00","dateModified":"2024-11-19T00:03:37+00:00","breadcrumb":{"@id":"https:\/\/socjologia.uwr.edu.pl\/en\/institute\/structure\/migration-culture-city-lab-mcclab\/#breadcrumb"},"inLanguage":"en-US","potentialAction":[{"@type":"ReadAction","target":["https:\/\/socjologia.uwr.edu.pl\/en\/institute\/structure\/migration-culture-city-lab-mcclab\/"]}]},{"@type":"BreadcrumbList","@id":"https:\/\/socjologia.uwr.edu.pl\/en\/institute\/structure\/migration-culture-city-lab-mcclab\/#breadcrumb","itemListElement":[{"@type":"ListItem","position":1,"name":"Strona g\u0142\u00f3wna","item":"https:\/\/socjologia.uwr.edu.pl\/en\/"},{"@type":"ListItem","position":2,"name":"Institute","item":"https:\/\/socjologia.uwr.edu.pl\/en\/institute\/"},{"@type":"ListItem","position":3,"name":"Structure","item":"https:\/\/socjologia.uwr.edu.pl\/en\/institute\/structure\/"},{"@type":"ListItem","position":4,"name":"Migration \u2013 Culture \u2013 City Lab** (MCCLab)"}]},{"@type":"WebSite","@id":"https:\/\/socjologia.uwr.edu.pl\/#website","url":"https:\/\/socjologia.uwr.edu.pl\/","name":"Institute of Sociology","description":"Kolejna witryna sieci \u201eUWR Witryny\u201d","publisher":{"@id":"https:\/\/socjologia.uwr.edu.pl\/#organization"},"potentialAction":[{"@type":"SearchAction","target":{"@type":"EntryPoint","urlTemplate":"https:\/\/socjologia.uwr.edu.pl\/?s={search_term_string}"},"query-input":{"@type":"PropertyValueSpecification","valueRequired":true,"valueName":"search_term_string"}}],"inLanguage":"en-US"},{"@type":"Organization","@id":"https:\/\/socjologia.uwr.edu.pl\/#organization","name":"Institute of Sociology","url":"https:\/\/socjologia.uwr.edu.pl\/","logo":{"@type":"ImageObject","inLanguage":"en-US","@id":"https:\/\/socjologia.uwr.edu.pl\/#\/schema\/logo\/image\/","url":"https:\/\/socjologia.uwr.edu.pl\/wp-content\/uploads\/sites\/393\/2025\/10\/UWr-logotyp-2025.png","contentUrl":"https:\/\/socjologia.uwr.edu.pl\/wp-content\/uploads\/sites\/393\/2025\/10\/UWr-logotyp-2025.png","width":764,"height":269,"caption":"Institute of Sociology"},"image":{"@id":"https:\/\/socjologia.uwr.edu.pl\/#\/schema\/logo\/image\/"}}]}},"publishpress_future_action":{"enabled":false,"date":"2026-05-06 09:26:19","action":"change-status","newStatus":"draft","terms":[],"taxonomy":"category","extraData":[]},"publishpress_future_workflow_manual_trigger":{"enabledWorkflows":[]},"_links":{"self":[{"href":"https:\/\/socjologia.uwr.edu.pl\/en\/wp-json\/wp\/v2\/pages\/33659\/"}],"collection":[{"href":"https:\/\/socjologia.uwr.edu.pl\/en\/wp-json\/wp\/v2\/pages\/"}],"about":[{"href":"https:\/\/socjologia.uwr.edu.pl\/en\/wp-json\/wp\/v2\/types\/page\/"}],"author":[{"embeddable":true,"href":"https:\/\/socjologia.uwr.edu.pl\/en\/wp-json\/wp\/v2\/users\/5364\/"}],"replies":[{"embeddable":true,"href":"https:\/\/socjologia.uwr.edu.pl\/en\/wp-json\/wp\/v2\/comments\/?post=33659"}],"version-history":[{"count":4,"href":"https:\/\/socjologia.uwr.edu.pl\/en\/wp-json\/wp\/v2\/pages\/33659\/revisions\/"}],"predecessor-version":[{"id":33713,"href":"https:\/\/socjologia.uwr.edu.pl\/en\/wp-json\/wp\/v2\/pages\/33659\/revisions\/33713\/"}],"up":[{"embeddable":true,"href":"https:\/\/socjologia.uwr.edu.pl\/en\/wp-json\/wp\/v2\/pages\/28374\/"}],"wp:attachment":[{"href":"https:\/\/socjologia.uwr.edu.pl\/en\/wp-json\/wp\/v2\/media\/?parent=33659"}],"wp:term":[{"taxonomy":"category","embeddable":true,"href":"https:\/\/socjologia.uwr.edu.pl\/en\/wp-json\/wp\/v2\/categories\/?post=33659"},{"taxonomy":"post_tag","embeddable":true,"href":"https:\/\/socjologia.uwr.edu.pl\/en\/wp-json\/wp\/v2\/tags\/?post=33659"}],"curies":[{"name":"wp","href":"https:\/\/api.w.org\/{rel}","templated":true}]}}