{"id":30523,"date":"2024-04-10T13:23:47","date_gmt":"2024-04-10T11:23:47","guid":{"rendered":"https:\/\/socjologia.uwr.edu.pl\/?page_id=30523"},"modified":"2025-03-19T09:00:21","modified_gmt":"2025-03-19T08:00:21","slug":"stanislaw-krawczyk","status":"publish","type":"page","link":"https:\/\/socjologia.uwr.edu.pl\/en\/institute\/academic-staff\/institute-staff\/stanislaw-krawczyk\/","title":{"rendered":"Stanis\u0142aw Krawczyk"},"content":{"rendered":"\n<div class=\"wp-block-media-text alignwide is-stacked-on-mobile is-vertically-aligned-top\" style=\"grid-template-columns:25% auto\"><figure class=\"wp-block-media-text__media\"><img loading=\"lazy\" decoding=\"async\" width=\"806\" height=\"1024\" src=\"https:\/\/socjologia.uwr.edu.pl\/wp-content\/uploads\/sites\/393\/2024\/04\/zdjecie-806x1024.png\" alt=\"Stanis\u0142aw Krawczyk profil\" class=\"wp-image-28716 size-full\" srcset=\"https:\/\/socjologia.uwr.edu.pl\/wp-content\/uploads\/sites\/393\/2024\/04\/zdjecie-806x1024.png 806w, https:\/\/socjologia.uwr.edu.pl\/wp-content\/uploads\/sites\/393\/2024\/04\/zdjecie-236x300.png 236w, https:\/\/socjologia.uwr.edu.pl\/wp-content\/uploads\/sites\/393\/2024\/04\/zdjecie-768x976.png 768w, https:\/\/socjologia.uwr.edu.pl\/wp-content\/uploads\/sites\/393\/2024\/04\/zdjecie-19x24.png 19w, https:\/\/socjologia.uwr.edu.pl\/wp-content\/uploads\/sites\/393\/2024\/04\/zdjecie-28x36.png 28w, https:\/\/socjologia.uwr.edu.pl\/wp-content\/uploads\/sites\/393\/2024\/04\/zdjecie-38x48.png 38w, https:\/\/socjologia.uwr.edu.pl\/wp-content\/uploads\/sites\/393\/2024\/04\/zdjecie.png 884w\" sizes=\"auto, (max-width: 806px) 100vw, 806px\" \/><\/figure><div class=\"wp-block-media-text__content\">\n<p><strong>Stanis\u0142aw Krawczyk<\/strong><\/p>\n\n\n\n<p>Degree: Dr<\/p>\n\n\n\n<p>Postion: Assistant Professor<\/p>\n\n\n\n<p>Department of the Sociology of Knowledge and Culture<\/p>\n\n\n\n<p>Room: 344<\/p>\n\n\n\n<p>Telephone: +48 71 375 51 26<\/p>\n\n\n\n<p>E-mail: <a href=\"mailto:stanislaw.krawczyk@uwr.edu.pl\">stanislaw.krawczyk@uwr.edu.pl<\/a><\/p>\n\n\n\n<p>ORCID: <a href=\"https:\/\/orcid.org\/0000-0003-3548-1046  \">https:\/\/orcid.org\/0000-0003-3548-1046<\/a><\/p>\n\n\n\n<p>Website (in Polish and English): <a href=\"https:\/\/stanislawkrawczyk.pl\/\" target=\"_blank\" rel=\"noreferrer noopener\">https:\/\/stanislawkrawczyk.pl\/<\/a><\/p>\n\n\n\n<p>Publications in the University of Wroc\u0142aw&#8217;s database: <a href=\"https:\/\/luna.bu.uni.wroc.pl\/publikacje\/Browse.php?Ind=0&amp;ItemUtf8=Krawczyk+&amp;Wydz=0&amp;Ekr=0&amp;GrTyp=0\">Stanis\u0142aw Krawczyk<\/a><\/p>\n\n\n\n<p>Professional roles:<\/p>\n\n\n\n<ul class=\"wp-block-list\">\n<li>Board member of DiGRA (Digital Games Research Association) Central and Eastern Europe<\/li>\n\n\n\n<li>Associate editor at&nbsp;<em>Replay: The Polish Journal of Game Studies<\/em><\/li>\n\n\n\n<li>Supervisor of KISS UWr (Ko\u0142o Inicjatyw Spo\u0142ecznych Student\u00f3w Uniwersytetu Wroc\u0142awskiego \u2013 the Student Association of Social Initiatives of the University of Wroc\u0142aw)<\/li>\n<\/ul>\n\n\n\n<p>Research interests:<\/p>\n\n\n\n<ul class=\"wp-block-list\">\n<li>Sociology of culture<\/li>\n\n\n\n<li>Sociology of literature<\/li>\n\n\n\n<li>Higher education studies<\/li>\n\n\n\n<li>Game studies<\/li>\n\n\n\n<li>Science fiction studies<\/li>\n<\/ul>\n\n\n\n<p><a href=\"https:\/\/socjologia.uwr.edu.pl\/en\/institute\/academic-staff\/office-hours\/\" target=\"_blank\" rel=\"noreferrer noopener\">Office hours<\/a><\/p>\n<\/div><\/div>\n","protected":false},"excerpt":{"rendered":"","protected":false},"author":5364,"featured_media":0,"parent":29376,"menu_order":0,"comment_status":"closed","ping_status":"closed","template":"","meta":{"_acf_changed":false,"inline_featured_image":false,"site-sidebar-layout":"default","site-content-layout":"","ast-site-content-layout":"default","site-content-style":"default","site-sidebar-style":"default","ast-global-header-display":"","ast-banner-title-visibility":"","ast-main-header-display":"","ast-hfb-above-header-display":"","ast-hfb-below-header-display":"","ast-hfb-mobile-header-display":"","site-post-title":"","ast-breadcrumbs-content":"","ast-featured-img":"","footer-sml-layout":"","ast-disable-related-posts":"","theme-transparent-header-meta":"","adv-header-id-meta":"","stick-header-meta":"","header-above-stick-meta":"","header-main-stick-meta":"","header-below-stick-meta":"","astra-migrate-meta-layouts":"set","ast-page-background-enabled":"default","ast-page-background-meta":{"desktop":{"background-color":"","background-image":"","background-repeat":"repeat","background-position":"center center","background-size":"auto","background-attachment":"scroll","background-type":"","background-media":"","overlay-type":"","overlay-color":"","overlay-opacity":"","overlay-gradient":""},"tablet":{"background-color":"","background-image":"","background-repeat":"repeat","background-position":"center center","background-size":"auto","background-attachment":"scroll","background-type":"","background-media":"","overlay-type":"","overlay-color":"","overlay-opacity":"","overlay-gradient":""},"mobile":{"background-color":"","background-image":"","background-repeat":"repeat","background-position":"center center","background-size":"auto","background-attachment":"scroll","background-type":"","background-media":"","overlay-type":"","overlay-color":"","overlay-opacity":"","overlay-gradient":""}},"ast-content-background-meta":{"desktop":{"background-color":"var(--ast-global-color-5)","background-image":"","background-repeat":"repeat","background-position":"center center","background-size":"auto","background-attachment":"scroll","background-type":"","background-media":"","overlay-type":"","overlay-color":"","overlay-opacity":"","overlay-gradient":""},"tablet":{"background-color":"var(--ast-global-color-5)","background-image":"","background-repeat":"repeat","background-position":"center center","background-size":"auto","background-attachment":"scroll","background-type":"","background-media":"","overlay-type":"","overlay-color":"","overlay-opacity":"","overlay-gradient":""},"mobile":{"background-color":"var(--ast-global-color-5)","background-image":"","background-repeat":"repeat","background-position":"center center","background-size":"auto","background-attachment":"scroll","background-type":"","background-media":"","overlay-type":"","overlay-color":"","overlay-opacity":"","overlay-gradient":""}},"footnotes":""},"categories":[],"tags":[],"class_list":["post-30523","page","type-page","status-publish","hentry"],"featured_image_urls_v2":{"full":"","thumbnail":"","medium":"","medium_large":"","large":"","1536x1536":"","2048x2048":"","menu-24x24":"","menu-36x36":"","menu-48x48":""},"post_excerpt_stackable_v2":"<p>Stanis\u0142aw Krawczyk Degree: Dr Postion: Assistant Professor Department of the Sociology of Knowledge and Culture Room: 344 Telephone: +48 71 375 51 26 E-mail: stanislaw.krawczyk@uwr.edu.pl ORCID: https:\/\/orcid.org\/0000-0003-3548-1046 Website (in Polish and English): https:\/\/stanislawkrawczyk.pl\/ Publications in the University of Wroc\u0142aw&#8217;s database: Stanis\u0142aw Krawczyk Professional roles: Board member of DiGRA (Digital Games Research Association) Central and Eastern Europe Associate editor at&nbsp;Replay: The Polish Journal of Game Studies Supervisor of KISS UWr (Ko\u0142o Inicjatyw Spo\u0142ecznych Student\u00f3w Uniwersytetu Wroc\u0142awskiego \u2013 the Student Association of Social Initiatives of the University of Wroc\u0142aw) Research interests: Sociology of culture Sociology of literature Higher education studies Game studies&hellip;<\/p>\n","category_list_v2":"Uncategorized","author_info_v2":{"name":"stanislaw.krawczyk@uwr.edu.pl","url":"https:\/\/socjologia.uwr.edu.pl\/en\/author\/stanislaw-krawczykuwr-edu-pl\/"},"comments_num_v2":"0 comments","acf":[],"yoast_head":"<!-- This site is optimized with the Yoast SEO plugin v27.1.1 - https:\/\/yoast.com\/product\/yoast-seo-wordpress\/ -->\n<title>Stanis\u0142aw Krawczyk - Institute of Sociology<\/title>\n<meta name=\"robots\" content=\"index, follow, max-snippet:-1, max-image-preview:large, max-video-preview:-1\" \/>\n<link rel=\"canonical\" href=\"https:\/\/socjologia.uwr.edu.pl\/en\/institute\/academic-staff\/institute-staff\/stanislaw-krawczyk\/\" \/>\n<meta property=\"og:locale\" content=\"en_US\" \/>\n<meta property=\"og:type\" content=\"article\" \/>\n<meta property=\"og:title\" content=\"Stanis\u0142aw Krawczyk - Institute of Sociology\" \/>\n<meta property=\"og:url\" content=\"https:\/\/socjologia.uwr.edu.pl\/en\/institute\/academic-staff\/institute-staff\/stanislaw-krawczyk\/\" \/>\n<meta property=\"og:site_name\" content=\"Institute of Sociology\" \/>\n<meta property=\"article:modified_time\" content=\"2025-03-19T08:00:21+00:00\" \/>\n<meta property=\"og:image\" content=\"https:\/\/socjologia.uwr.edu.pl\/wp-content\/uploads\/sites\/393\/2024\/04\/zdjecie.png\" \/>\n\t<meta property=\"og:image:width\" content=\"884\" \/>\n\t<meta property=\"og:image:height\" content=\"1123\" \/>\n\t<meta property=\"og:image:type\" content=\"image\/png\" \/>\n<meta name=\"twitter:card\" content=\"summary_large_image\" \/>\n<meta name=\"twitter:label1\" content=\"Est. reading time\" \/>\n\t<meta name=\"twitter:data1\" content=\"1 minute\" \/>\n<script type=\"application\/ld+json\" class=\"yoast-schema-graph\">{\"@context\":\"https:\/\/schema.org\",\"@graph\":[{\"@type\":\"WebPage\",\"@id\":\"https:\/\/socjologia.uwr.edu.pl\/en\/institute\/academic-staff\/institute-staff\/stanislaw-krawczyk\/\",\"url\":\"https:\/\/socjologia.uwr.edu.pl\/en\/institute\/academic-staff\/institute-staff\/stanislaw-krawczyk\/\",\"name\":\"Stanis\u0142aw Krawczyk - Institute of Sociology\",\"isPartOf\":{\"@id\":\"https:\/\/socjologia.uwr.edu.pl\/#website\"},\"primaryImageOfPage\":{\"@id\":\"https:\/\/socjologia.uwr.edu.pl\/en\/institute\/academic-staff\/institute-staff\/stanislaw-krawczyk\/#primaryimage\"},\"image\":{\"@id\":\"https:\/\/socjologia.uwr.edu.pl\/en\/institute\/academic-staff\/institute-staff\/stanislaw-krawczyk\/#primaryimage\"},\"thumbnailUrl\":\"https:\/\/socjologia.uwr.edu.pl\/wp-content\/uploads\/sites\/393\/2024\/04\/zdjecie-806x1024.png\",\"datePublished\":\"2024-04-10T11:23:47+00:00\",\"dateModified\":\"2025-03-19T08:00:21+00:00\",\"breadcrumb\":{\"@id\":\"https:\/\/socjologia.uwr.edu.pl\/en\/institute\/academic-staff\/institute-staff\/stanislaw-krawczyk\/#breadcrumb\"},\"inLanguage\":\"en-US\",\"potentialAction\":[{\"@type\":\"ReadAction\",\"target\":[\"https:\/\/socjologia.uwr.edu.pl\/en\/institute\/academic-staff\/institute-staff\/stanislaw-krawczyk\/\"]}]},{\"@type\":\"ImageObject\",\"inLanguage\":\"en-US\",\"@id\":\"https:\/\/socjologia.uwr.edu.pl\/en\/institute\/academic-staff\/institute-staff\/stanislaw-krawczyk\/#primaryimage\",\"url\":\"https:\/\/socjologia.uwr.edu.pl\/wp-content\/uploads\/sites\/393\/2024\/04\/zdjecie-806x1024.png\",\"contentUrl\":\"https:\/\/socjologia.uwr.edu.pl\/wp-content\/uploads\/sites\/393\/2024\/04\/zdjecie-806x1024.png\"},{\"@type\":\"BreadcrumbList\",\"@id\":\"https:\/\/socjologia.uwr.edu.pl\/en\/institute\/academic-staff\/institute-staff\/stanislaw-krawczyk\/#breadcrumb\",\"itemListElement\":[{\"@type\":\"ListItem\",\"position\":1,\"name\":\"Strona g\u0142\u00f3wna\",\"item\":\"https:\/\/socjologia.uwr.edu.pl\/en\/\"},{\"@type\":\"ListItem\",\"position\":2,\"name\":\"Institute\",\"item\":\"https:\/\/socjologia.uwr.edu.pl\/en\/institute\/\"},{\"@type\":\"ListItem\",\"position\":3,\"name\":\"Academic Staff\",\"item\":\"https:\/\/socjologia.uwr.edu.pl\/en\/institute\/academic-staff\/\"},{\"@type\":\"ListItem\",\"position\":4,\"name\":\"Institute Staff\",\"item\":\"https:\/\/socjologia.uwr.edu.pl\/en\/institute\/academic-staff\/institute-staff\/\"},{\"@type\":\"ListItem\",\"position\":5,\"name\":\"Stanis\u0142aw Krawczyk\"}]},{\"@type\":\"WebSite\",\"@id\":\"https:\/\/socjologia.uwr.edu.pl\/#website\",\"url\":\"https:\/\/socjologia.uwr.edu.pl\/\",\"name\":\"Institute of Sociology\",\"description\":\"Kolejna witryna sieci \u201eUWR Witryny\u201d\",\"publisher\":{\"@id\":\"https:\/\/socjologia.uwr.edu.pl\/#organization\"},\"potentialAction\":[{\"@type\":\"SearchAction\",\"target\":{\"@type\":\"EntryPoint\",\"urlTemplate\":\"https:\/\/socjologia.uwr.edu.pl\/?s={search_term_string}\"},\"query-input\":{\"@type\":\"PropertyValueSpecification\",\"valueRequired\":true,\"valueName\":\"search_term_string\"}}],\"inLanguage\":\"en-US\"},{\"@type\":\"Organization\",\"@id\":\"https:\/\/socjologia.uwr.edu.pl\/#organization\",\"name\":\"Institute of Sociology\",\"url\":\"https:\/\/socjologia.uwr.edu.pl\/\",\"logo\":{\"@type\":\"ImageObject\",\"inLanguage\":\"en-US\",\"@id\":\"https:\/\/socjologia.uwr.edu.pl\/#\/schema\/logo\/image\/\",\"url\":\"https:\/\/socjologia.uwr.edu.pl\/wp-content\/uploads\/sites\/393\/2025\/10\/UWr-logotyp-2025.png\",\"contentUrl\":\"https:\/\/socjologia.uwr.edu.pl\/wp-content\/uploads\/sites\/393\/2025\/10\/UWr-logotyp-2025.png\",\"width\":764,\"height\":269,\"caption\":\"Institute of Sociology\"},\"image\":{\"@id\":\"https:\/\/socjologia.uwr.edu.pl\/#\/schema\/logo\/image\/\"}}]}<\/script>\n<!-- \/ Yoast SEO plugin. -->","yoast_head_json":{"title":"Stanis\u0142aw Krawczyk - Institute of Sociology","robots":{"index":"index","follow":"follow","max-snippet":"max-snippet:-1","max-image-preview":"max-image-preview:large","max-video-preview":"max-video-preview:-1"},"canonical":"https:\/\/socjologia.uwr.edu.pl\/en\/institute\/academic-staff\/institute-staff\/stanislaw-krawczyk\/","og_locale":"en_US","og_type":"article","og_title":"Stanis\u0142aw Krawczyk - Institute of Sociology","og_url":"https:\/\/socjologia.uwr.edu.pl\/en\/institute\/academic-staff\/institute-staff\/stanislaw-krawczyk\/","og_site_name":"Institute of Sociology","article_modified_time":"2025-03-19T08:00:21+00:00","og_image":[{"width":884,"height":1123,"url":"https:\/\/socjologia.uwr.edu.pl\/wp-content\/uploads\/sites\/393\/2024\/04\/zdjecie.png","type":"image\/png"}],"twitter_card":"summary_large_image","twitter_misc":{"Est. reading time":"1 minute"},"schema":{"@context":"https:\/\/schema.org","@graph":[{"@type":"WebPage","@id":"https:\/\/socjologia.uwr.edu.pl\/en\/institute\/academic-staff\/institute-staff\/stanislaw-krawczyk\/","url":"https:\/\/socjologia.uwr.edu.pl\/en\/institute\/academic-staff\/institute-staff\/stanislaw-krawczyk\/","name":"Stanis\u0142aw Krawczyk - Institute of Sociology","isPartOf":{"@id":"https:\/\/socjologia.uwr.edu.pl\/#website"},"primaryImageOfPage":{"@id":"https:\/\/socjologia.uwr.edu.pl\/en\/institute\/academic-staff\/institute-staff\/stanislaw-krawczyk\/#primaryimage"},"image":{"@id":"https:\/\/socjologia.uwr.edu.pl\/en\/institute\/academic-staff\/institute-staff\/stanislaw-krawczyk\/#primaryimage"},"thumbnailUrl":"https:\/\/socjologia.uwr.edu.pl\/wp-content\/uploads\/sites\/393\/2024\/04\/zdjecie-806x1024.png","datePublished":"2024-04-10T11:23:47+00:00","dateModified":"2025-03-19T08:00:21+00:00","breadcrumb":{"@id":"https:\/\/socjologia.uwr.edu.pl\/en\/institute\/academic-staff\/institute-staff\/stanislaw-krawczyk\/#breadcrumb"},"inLanguage":"en-US","potentialAction":[{"@type":"ReadAction","target":["https:\/\/socjologia.uwr.edu.pl\/en\/institute\/academic-staff\/institute-staff\/stanislaw-krawczyk\/"]}]},{"@type":"ImageObject","inLanguage":"en-US","@id":"https:\/\/socjologia.uwr.edu.pl\/en\/institute\/academic-staff\/institute-staff\/stanislaw-krawczyk\/#primaryimage","url":"https:\/\/socjologia.uwr.edu.pl\/wp-content\/uploads\/sites\/393\/2024\/04\/zdjecie-806x1024.png","contentUrl":"https:\/\/socjologia.uwr.edu.pl\/wp-content\/uploads\/sites\/393\/2024\/04\/zdjecie-806x1024.png"},{"@type":"BreadcrumbList","@id":"https:\/\/socjologia.uwr.edu.pl\/en\/institute\/academic-staff\/institute-staff\/stanislaw-krawczyk\/#breadcrumb","itemListElement":[{"@type":"ListItem","position":1,"name":"Strona g\u0142\u00f3wna","item":"https:\/\/socjologia.uwr.edu.pl\/en\/"},{"@type":"ListItem","position":2,"name":"Institute","item":"https:\/\/socjologia.uwr.edu.pl\/en\/institute\/"},{"@type":"ListItem","position":3,"name":"Academic Staff","item":"https:\/\/socjologia.uwr.edu.pl\/en\/institute\/academic-staff\/"},{"@type":"ListItem","position":4,"name":"Institute Staff","item":"https:\/\/socjologia.uwr.edu.pl\/en\/institute\/academic-staff\/institute-staff\/"},{"@type":"ListItem","position":5,"name":"Stanis\u0142aw Krawczyk"}]},{"@type":"WebSite","@id":"https:\/\/socjologia.uwr.edu.pl\/#website","url":"https:\/\/socjologia.uwr.edu.pl\/","name":"Institute of Sociology","description":"Kolejna witryna sieci \u201eUWR Witryny\u201d","publisher":{"@id":"https:\/\/socjologia.uwr.edu.pl\/#organization"},"potentialAction":[{"@type":"SearchAction","target":{"@type":"EntryPoint","urlTemplate":"https:\/\/socjologia.uwr.edu.pl\/?s={search_term_string}"},"query-input":{"@type":"PropertyValueSpecification","valueRequired":true,"valueName":"search_term_string"}}],"inLanguage":"en-US"},{"@type":"Organization","@id":"https:\/\/socjologia.uwr.edu.pl\/#organization","name":"Institute of Sociology","url":"https:\/\/socjologia.uwr.edu.pl\/","logo":{"@type":"ImageObject","inLanguage":"en-US","@id":"https:\/\/socjologia.uwr.edu.pl\/#\/schema\/logo\/image\/","url":"https:\/\/socjologia.uwr.edu.pl\/wp-content\/uploads\/sites\/393\/2025\/10\/UWr-logotyp-2025.png","contentUrl":"https:\/\/socjologia.uwr.edu.pl\/wp-content\/uploads\/sites\/393\/2025\/10\/UWr-logotyp-2025.png","width":764,"height":269,"caption":"Institute of Sociology"},"image":{"@id":"https:\/\/socjologia.uwr.edu.pl\/#\/schema\/logo\/image\/"}}]}},"publishpress_future_action":{"enabled":false,"date":"2026-05-22 15:26:09","action":"change-status","newStatus":"draft","terms":[],"taxonomy":"category","extraData":[]},"publishpress_future_workflow_manual_trigger":{"enabledWorkflows":[]},"_links":{"self":[{"href":"https:\/\/socjologia.uwr.edu.pl\/en\/wp-json\/wp\/v2\/pages\/30523\/"}],"collection":[{"href":"https:\/\/socjologia.uwr.edu.pl\/en\/wp-json\/wp\/v2\/pages\/"}],"about":[{"href":"https:\/\/socjologia.uwr.edu.pl\/en\/wp-json\/wp\/v2\/types\/page\/"}],"author":[{"embeddable":true,"href":"https:\/\/socjologia.uwr.edu.pl\/en\/wp-json\/wp\/v2\/users\/5364\/"}],"replies":[{"embeddable":true,"href":"https:\/\/socjologia.uwr.edu.pl\/en\/wp-json\/wp\/v2\/comments\/?post=30523"}],"version-history":[{"count":12,"href":"https:\/\/socjologia.uwr.edu.pl\/en\/wp-json\/wp\/v2\/pages\/30523\/revisions\/"}],"predecessor-version":[{"id":35014,"href":"https:\/\/socjologia.uwr.edu.pl\/en\/wp-json\/wp\/v2\/pages\/30523\/revisions\/35014\/"}],"up":[{"embeddable":true,"href":"https:\/\/socjologia.uwr.edu.pl\/en\/wp-json\/wp\/v2\/pages\/29376\/"}],"wp:attachment":[{"href":"https:\/\/socjologia.uwr.edu.pl\/en\/wp-json\/wp\/v2\/media\/?parent=30523"}],"wp:term":[{"taxonomy":"category","embeddable":true,"href":"https:\/\/socjologia.uwr.edu.pl\/en\/wp-json\/wp\/v2\/categories\/?post=30523"},{"taxonomy":"post_tag","embeddable":true,"href":"https:\/\/socjologia.uwr.edu.pl\/en\/wp-json\/wp\/v2\/tags\/?post=30523"}],"curies":[{"name":"wp","href":"https:\/\/api.w.org\/{rel}","templated":true}]}}