{"id":30487,"date":"2023-08-31T17:34:55","date_gmt":"2023-08-31T15:34:55","guid":{"rendered":"https:\/\/socjologia.uwr.edu.pl\/?page_id=30487"},"modified":"2024-10-18T10:38:03","modified_gmt":"2024-10-18T08:38:03","slug":"department-of-the-sociology-of-security-and-education","status":"publish","type":"page","link":"https:\/\/socjologia.uwr.edu.pl\/en\/institute\/structure\/department-of-the-sociology-of-security-and-education\/","title":{"rendered":"Department of the Sociology of Security and Education"},"content":{"rendered":"\n<h4 class=\"wp-block-heading\"><strong>Academic Staff<\/strong><\/h4>\n\n\n\n<ul class=\"wp-block-list\">\n<li>Dr hab. Barbara Wi\u015bniewska-Pa\u017a, Prof. UWr (Head of Department)<\/li>\n\n\n\n<li>Dr Berenika Dyczek<\/li>\n\n\n\n<li>Dr Grzegorz Kozdra\u015b<\/li>\n\n\n\n<li>Dr Igor Pietraszewski<\/li>\n\n\n\n<li>Dr Ma\u0142gorzata Stochmal<\/li>\n\n\n\n<li>Dr Monika Zawartka<\/li>\n<\/ul>\n\n\n\n<h4 class=\"wp-block-heading\"><strong>PhD Students<\/strong><\/h4>\n\n\n\n<ul class=\"wp-block-list\">\n<li>Mgr Joanna Jankowska<\/li>\n\n\n\n<li>Mgr Paulina St\u0119pie\u0144<\/li>\n\n\n\n<li>Mgr Kamila J\u0119drzejczyk<\/li>\n\n\n\n<li>Mgr Rados\u0142aw Rybczy\u0144ski<\/li>\n<\/ul>\n","protected":false},"excerpt":{"rendered":"<p>Academic Staff PhD Students<\/p>\n","protected":false},"author":5364,"featured_media":0,"parent":28374,"menu_order":0,"comment_status":"closed","ping_status":"closed","template":"","meta":{"_acf_changed":false,"inline_featured_image":false,"site-sidebar-layout":"default","site-content-layout":"","ast-site-content-layout":"default","site-content-style":"default","site-sidebar-style":"default","ast-global-header-display":"","ast-banner-title-visibility":"","ast-main-header-display":"","ast-hfb-above-header-display":"","ast-hfb-below-header-display":"","ast-hfb-mobile-header-display":"","site-post-title":"","ast-breadcrumbs-content":"","ast-featured-img":"","footer-sml-layout":"","ast-disable-related-posts":"","theme-transparent-header-meta":"","adv-header-id-meta":"","stick-header-meta":"","header-above-stick-meta":"","header-main-stick-meta":"","header-below-stick-meta":"","astra-migrate-meta-layouts":"set","ast-page-background-enabled":"default","ast-page-background-meta":{"desktop":{"background-color":"","background-image":"","background-repeat":"repeat","background-position":"center center","background-size":"auto","background-attachment":"scroll","background-type":"","background-media":"","overlay-type":"","overlay-color":"","overlay-opacity":"","overlay-gradient":""},"tablet":{"background-color":"","background-image":"","background-repeat":"repeat","background-position":"center center","background-size":"auto","background-attachment":"scroll","background-type":"","background-media":"","overlay-type":"","overlay-color":"","overlay-opacity":"","overlay-gradient":""},"mobile":{"background-color":"","background-image":"","background-repeat":"repeat","background-position":"center center","background-size":"auto","background-attachment":"scroll","background-type":"","background-media":"","overlay-type":"","overlay-color":"","overlay-opacity":"","overlay-gradient":""}},"ast-content-background-meta":{"desktop":{"background-color":"var(--ast-global-color-5)","background-image":"","background-repeat":"repeat","background-position":"center center","background-size":"auto","background-attachment":"scroll","background-type":"","background-media":"","overlay-type":"","overlay-color":"","overlay-opacity":"","overlay-gradient":""},"tablet":{"background-color":"var(--ast-global-color-5)","background-image":"","background-repeat":"repeat","background-position":"center center","background-size":"auto","background-attachment":"scroll","background-type":"","background-media":"","overlay-type":"","overlay-color":"","overlay-opacity":"","overlay-gradient":""},"mobile":{"background-color":"var(--ast-global-color-5)","background-image":"","background-repeat":"repeat","background-position":"center center","background-size":"auto","background-attachment":"scroll","background-type":"","background-media":"","overlay-type":"","overlay-color":"","overlay-opacity":"","overlay-gradient":""}},"footnotes":""},"categories":[],"tags":[],"class_list":["post-30487","page","type-page","status-publish","hentry"],"featured_image_urls_v2":{"full":"","thumbnail":"","medium":"","medium_large":"","large":"","1536x1536":"","2048x2048":"","menu-24x24":"","menu-36x36":"","menu-48x48":""},"post_excerpt_stackable_v2":"<p>Academic Staff Dr hab. Barbara Wi\u015bniewska-Pa\u017a, Prof. UWr (Head of Department) Dr Berenika Dyczek Dr Grzegorz Kozdra\u015b Dr Igor Pietraszewski Dr Ma\u0142gorzata Stochmal Dr Monika Zawartka PhD Students Mgr Joanna Jankowska Mgr Paulina St\u0119pie\u0144 Mgr Kamila J\u0119drzejczyk Mgr Rados\u0142aw Rybczy\u0144ski<\/p>\n","category_list_v2":"Uncategorized","author_info_v2":{"name":"stanislaw.krawczyk@uwr.edu.pl","url":"https:\/\/socjologia.uwr.edu.pl\/en\/author\/stanislaw-krawczykuwr-edu-pl\/"},"comments_num_v2":"0 comments","acf":[],"yoast_head":"<!-- This site is optimized with the Yoast SEO plugin v27.1.1 - https:\/\/yoast.com\/product\/yoast-seo-wordpress\/ -->\n<title>Department of the Sociology of Security and Education - Institute of Sociology<\/title>\n<meta name=\"robots\" content=\"index, follow, max-snippet:-1, max-image-preview:large, max-video-preview:-1\" \/>\n<link rel=\"canonical\" href=\"https:\/\/socjologia.uwr.edu.pl\/en\/institute\/structure\/department-of-the-sociology-of-security-and-education\/\" \/>\n<meta property=\"og:locale\" content=\"en_US\" \/>\n<meta property=\"og:type\" content=\"article\" \/>\n<meta property=\"og:title\" content=\"Department of the Sociology of Security and Education - Institute of Sociology\" \/>\n<meta property=\"og:description\" content=\"Academic Staff PhD Students\" \/>\n<meta property=\"og:url\" content=\"https:\/\/socjologia.uwr.edu.pl\/en\/institute\/structure\/department-of-the-sociology-of-security-and-education\/\" \/>\n<meta property=\"og:site_name\" content=\"Institute of Sociology\" \/>\n<meta property=\"article:modified_time\" content=\"2024-10-18T08:38:03+00:00\" \/>\n<meta name=\"twitter:card\" content=\"summary_large_image\" \/>\n<meta name=\"twitter:label1\" content=\"Est. reading time\" \/>\n\t<meta name=\"twitter:data1\" content=\"1 minute\" \/>\n<script type=\"application\/ld+json\" class=\"yoast-schema-graph\">{\"@context\":\"https:\/\/schema.org\",\"@graph\":[{\"@type\":\"WebPage\",\"@id\":\"https:\/\/socjologia.uwr.edu.pl\/en\/institute\/structure\/department-of-the-sociology-of-security-and-education\/\",\"url\":\"https:\/\/socjologia.uwr.edu.pl\/en\/institute\/structure\/department-of-the-sociology-of-security-and-education\/\",\"name\":\"Department of the Sociology of Security and Education - Institute of Sociology\",\"isPartOf\":{\"@id\":\"https:\/\/socjologia.uwr.edu.pl\/#website\"},\"datePublished\":\"2023-08-31T15:34:55+00:00\",\"dateModified\":\"2024-10-18T08:38:03+00:00\",\"breadcrumb\":{\"@id\":\"https:\/\/socjologia.uwr.edu.pl\/en\/institute\/structure\/department-of-the-sociology-of-security-and-education\/#breadcrumb\"},\"inLanguage\":\"en-US\",\"potentialAction\":[{\"@type\":\"ReadAction\",\"target\":[\"https:\/\/socjologia.uwr.edu.pl\/en\/institute\/structure\/department-of-the-sociology-of-security-and-education\/\"]}]},{\"@type\":\"BreadcrumbList\",\"@id\":\"https:\/\/socjologia.uwr.edu.pl\/en\/institute\/structure\/department-of-the-sociology-of-security-and-education\/#breadcrumb\",\"itemListElement\":[{\"@type\":\"ListItem\",\"position\":1,\"name\":\"Strona g\u0142\u00f3wna\",\"item\":\"https:\/\/socjologia.uwr.edu.pl\/en\/\"},{\"@type\":\"ListItem\",\"position\":2,\"name\":\"Institute\",\"item\":\"https:\/\/socjologia.uwr.edu.pl\/en\/institute\/\"},{\"@type\":\"ListItem\",\"position\":3,\"name\":\"Structure\",\"item\":\"https:\/\/socjologia.uwr.edu.pl\/en\/institute\/structure\/\"},{\"@type\":\"ListItem\",\"position\":4,\"name\":\"Department of the Sociology of Security and Education\"}]},{\"@type\":\"WebSite\",\"@id\":\"https:\/\/socjologia.uwr.edu.pl\/#website\",\"url\":\"https:\/\/socjologia.uwr.edu.pl\/\",\"name\":\"Institute of Sociology\",\"description\":\"Kolejna witryna sieci \u201eUWR Witryny\u201d\",\"publisher\":{\"@id\":\"https:\/\/socjologia.uwr.edu.pl\/#organization\"},\"potentialAction\":[{\"@type\":\"SearchAction\",\"target\":{\"@type\":\"EntryPoint\",\"urlTemplate\":\"https:\/\/socjologia.uwr.edu.pl\/?s={search_term_string}\"},\"query-input\":{\"@type\":\"PropertyValueSpecification\",\"valueRequired\":true,\"valueName\":\"search_term_string\"}}],\"inLanguage\":\"en-US\"},{\"@type\":\"Organization\",\"@id\":\"https:\/\/socjologia.uwr.edu.pl\/#organization\",\"name\":\"Institute of Sociology\",\"url\":\"https:\/\/socjologia.uwr.edu.pl\/\",\"logo\":{\"@type\":\"ImageObject\",\"inLanguage\":\"en-US\",\"@id\":\"https:\/\/socjologia.uwr.edu.pl\/#\/schema\/logo\/image\/\",\"url\":\"https:\/\/socjologia.uwr.edu.pl\/wp-content\/uploads\/sites\/393\/2025\/10\/UWr-logotyp-2025.png\",\"contentUrl\":\"https:\/\/socjologia.uwr.edu.pl\/wp-content\/uploads\/sites\/393\/2025\/10\/UWr-logotyp-2025.png\",\"width\":764,\"height\":269,\"caption\":\"Institute of Sociology\"},\"image\":{\"@id\":\"https:\/\/socjologia.uwr.edu.pl\/#\/schema\/logo\/image\/\"}}]}<\/script>\n<!-- \/ Yoast SEO plugin. -->","yoast_head_json":{"title":"Department of the Sociology of Security and Education - Institute of Sociology","robots":{"index":"index","follow":"follow","max-snippet":"max-snippet:-1","max-image-preview":"max-image-preview:large","max-video-preview":"max-video-preview:-1"},"canonical":"https:\/\/socjologia.uwr.edu.pl\/en\/institute\/structure\/department-of-the-sociology-of-security-and-education\/","og_locale":"en_US","og_type":"article","og_title":"Department of the Sociology of Security and Education - Institute of Sociology","og_description":"Academic Staff PhD Students","og_url":"https:\/\/socjologia.uwr.edu.pl\/en\/institute\/structure\/department-of-the-sociology-of-security-and-education\/","og_site_name":"Institute of Sociology","article_modified_time":"2024-10-18T08:38:03+00:00","twitter_card":"summary_large_image","twitter_misc":{"Est. reading time":"1 minute"},"schema":{"@context":"https:\/\/schema.org","@graph":[{"@type":"WebPage","@id":"https:\/\/socjologia.uwr.edu.pl\/en\/institute\/structure\/department-of-the-sociology-of-security-and-education\/","url":"https:\/\/socjologia.uwr.edu.pl\/en\/institute\/structure\/department-of-the-sociology-of-security-and-education\/","name":"Department of the Sociology of Security and Education - Institute of Sociology","isPartOf":{"@id":"https:\/\/socjologia.uwr.edu.pl\/#website"},"datePublished":"2023-08-31T15:34:55+00:00","dateModified":"2024-10-18T08:38:03+00:00","breadcrumb":{"@id":"https:\/\/socjologia.uwr.edu.pl\/en\/institute\/structure\/department-of-the-sociology-of-security-and-education\/#breadcrumb"},"inLanguage":"en-US","potentialAction":[{"@type":"ReadAction","target":["https:\/\/socjologia.uwr.edu.pl\/en\/institute\/structure\/department-of-the-sociology-of-security-and-education\/"]}]},{"@type":"BreadcrumbList","@id":"https:\/\/socjologia.uwr.edu.pl\/en\/institute\/structure\/department-of-the-sociology-of-security-and-education\/#breadcrumb","itemListElement":[{"@type":"ListItem","position":1,"name":"Strona g\u0142\u00f3wna","item":"https:\/\/socjologia.uwr.edu.pl\/en\/"},{"@type":"ListItem","position":2,"name":"Institute","item":"https:\/\/socjologia.uwr.edu.pl\/en\/institute\/"},{"@type":"ListItem","position":3,"name":"Structure","item":"https:\/\/socjologia.uwr.edu.pl\/en\/institute\/structure\/"},{"@type":"ListItem","position":4,"name":"Department of the Sociology of Security and Education"}]},{"@type":"WebSite","@id":"https:\/\/socjologia.uwr.edu.pl\/#website","url":"https:\/\/socjologia.uwr.edu.pl\/","name":"Institute of Sociology","description":"Kolejna witryna sieci \u201eUWR Witryny\u201d","publisher":{"@id":"https:\/\/socjologia.uwr.edu.pl\/#organization"},"potentialAction":[{"@type":"SearchAction","target":{"@type":"EntryPoint","urlTemplate":"https:\/\/socjologia.uwr.edu.pl\/?s={search_term_string}"},"query-input":{"@type":"PropertyValueSpecification","valueRequired":true,"valueName":"search_term_string"}}],"inLanguage":"en-US"},{"@type":"Organization","@id":"https:\/\/socjologia.uwr.edu.pl\/#organization","name":"Institute of Sociology","url":"https:\/\/socjologia.uwr.edu.pl\/","logo":{"@type":"ImageObject","inLanguage":"en-US","@id":"https:\/\/socjologia.uwr.edu.pl\/#\/schema\/logo\/image\/","url":"https:\/\/socjologia.uwr.edu.pl\/wp-content\/uploads\/sites\/393\/2025\/10\/UWr-logotyp-2025.png","contentUrl":"https:\/\/socjologia.uwr.edu.pl\/wp-content\/uploads\/sites\/393\/2025\/10\/UWr-logotyp-2025.png","width":764,"height":269,"caption":"Institute of Sociology"},"image":{"@id":"https:\/\/socjologia.uwr.edu.pl\/#\/schema\/logo\/image\/"}}]}},"publishpress_future_action":{"enabled":false,"date":"2026-05-06 08:29:25","action":"change-status","newStatus":"draft","terms":[],"taxonomy":"category","extraData":[]},"publishpress_future_workflow_manual_trigger":{"enabledWorkflows":[]},"_links":{"self":[{"href":"https:\/\/socjologia.uwr.edu.pl\/en\/wp-json\/wp\/v2\/pages\/30487\/"}],"collection":[{"href":"https:\/\/socjologia.uwr.edu.pl\/en\/wp-json\/wp\/v2\/pages\/"}],"about":[{"href":"https:\/\/socjologia.uwr.edu.pl\/en\/wp-json\/wp\/v2\/types\/page\/"}],"author":[{"embeddable":true,"href":"https:\/\/socjologia.uwr.edu.pl\/en\/wp-json\/wp\/v2\/users\/5364\/"}],"replies":[{"embeddable":true,"href":"https:\/\/socjologia.uwr.edu.pl\/en\/wp-json\/wp\/v2\/comments\/?post=30487"}],"version-history":[{"count":3,"href":"https:\/\/socjologia.uwr.edu.pl\/en\/wp-json\/wp\/v2\/pages\/30487\/revisions\/"}],"predecessor-version":[{"id":33221,"href":"https:\/\/socjologia.uwr.edu.pl\/en\/wp-json\/wp\/v2\/pages\/30487\/revisions\/33221\/"}],"up":[{"embeddable":true,"href":"https:\/\/socjologia.uwr.edu.pl\/en\/wp-json\/wp\/v2\/pages\/28374\/"}],"wp:attachment":[{"href":"https:\/\/socjologia.uwr.edu.pl\/en\/wp-json\/wp\/v2\/media\/?parent=30487"}],"wp:term":[{"taxonomy":"category","embeddable":true,"href":"https:\/\/socjologia.uwr.edu.pl\/en\/wp-json\/wp\/v2\/categories\/?post=30487"},{"taxonomy":"post_tag","embeddable":true,"href":"https:\/\/socjologia.uwr.edu.pl\/en\/wp-json\/wp\/v2\/tags\/?post=30487"}],"curies":[{"name":"wp","href":"https:\/\/api.w.org\/{rel}","templated":true}]}}