{"id":30457,"date":"2023-09-08T14:00:51","date_gmt":"2023-09-08T12:00:51","guid":{"rendered":"https:\/\/socjologia.uwr.edu.pl\/?page_id=30457"},"modified":"2024-10-18T10:36:03","modified_gmt":"2024-10-18T08:36:03","slug":"department-of-the-sociology-of-gender-and-family","status":"publish","type":"page","link":"https:\/\/socjologia.uwr.edu.pl\/en\/institute\/structure\/department-of-the-sociology-of-gender-and-family\/","title":{"rendered":"\u00a0Department of the Sociology of Gender and Family"},"content":{"rendered":"\n<h4 class=\"wp-block-heading\"><strong>Academic Staff<\/strong><\/h4>\n\n\n\n<ul class=\"wp-block-list\">\n<li>Dr hab. Dorota Majka-Rostek, Prof.&nbsp;UWr (Head of Department)<\/li>\n\n\n\n<li>Dr hab. Ewa Banaszak<\/li>\n\n\n\n<li>Dr Pawe\u0142 Czajkowski<\/li>\n\n\n\n<li>Dr Wojciech Doli\u0144ski<\/li>\n\n\n\n<li>Dr&nbsp;Aleksandra Drabina<\/li>\n\n\n\n<li>Dr Aneta Uss-Lik<\/li>\n<\/ul>\n\n\n\n<h4 class=\"wp-block-heading\"><strong>History of the Department<\/strong><\/h4>\n\n\n\n<p>The Department of the Sociology of Gender and Family was created in 2016. The initiative to create the Department stemmed from the willingness to co-join in one organisational unit the work of people who cooperated for a couple of years, jointly organising conferences and publishing, even though they belonged to different departments. Professor Dorota Majka-Rostek, dr Ewa Banaszak and dr Pawe\u0142 Czajkowski organised two academic conferences:<\/p>\n\n\n\n<p>\u201cGender not welcome? Socio-cultural dimensions of gender in the public and private sphere\u201d, Wroc\u0142aw, 4th December 2014.<\/p>\n\n\n\n<p>\u201cBody is a trickster. Sociocultural contexts of experiencing the body\u201d, Wroc\u0142aw, 10th December 2015<\/p>\n\n\n\n<p>The collaborative publications are:<\/p>\n\n\n\n<ul class=\"wp-block-list\">\n<li>\u201cGenderowe filtry. R\u00f3\u017cnorodno\u015b\u0107 do\u015bwiadczenia i percepcji p\u0142ci w przestrzeni publicznej i prywatnej\u201d [eng. Gender filters. The variety of experience and perception of gender in the public and private sphere], , D. Majka-Rostek, E. Banaszak, P. Czajkowski (Eds.), The Institute of Sociology, University of Wroc\u0142aw, Wroc\u0142aw 2015 \u2013 co-editing and introduction<\/li>\n\n\n\n<li>Banaszak, P.Czajkowski, D. Majka-Rostek, \u201eGender niemile widziany?\u201d [eng. Gender not welcomed?], \u201cKultura i Edukacja\u201d, 3\/2015.<\/li>\n\n\n\n<li>\u201cTrickster. Spo\u0142eczno-kulturowe konteksty do\u015bwiadczania cia\u0142a\u201d [eng. \u201cTrickster. Socio-cultural contexts of experiencing the body\u201d], E. Banaszak, P. Czajkowski, D. Majka-Rostek, R. Florkowski (Eds.), Wydawnictwo Naukowe Katedra, Gda\u0144sk 2016.<\/li>\n<\/ul>\n\n\n\n<h4 class=\"wp-block-heading\"><strong>Main research topics<\/strong><\/h4>\n\n\n\n<ul class=\"wp-block-list\">\n<li>Modern family transformation<\/li>\n\n\n\n<li>Socio-cultural aspects of gender<\/li>\n\n\n\n<li>Gender aspects of social communication<\/li>\n\n\n\n<li>Social creation and perception of sexuality<\/li>\n\n\n\n<li>Mechanisms of sexual normativization and exclusion<\/li>\n\n\n\n<li>Social functioning of sexual minorities<\/li>\n\n\n\n<li>Body as a social creation and an object of social control<\/li>\n\n\n\n<li>Gender, sexuality and corporeality<\/li>\n<\/ul>\n\n\n\n<h4 class=\"wp-block-heading\"><strong>Academic and scientific events<\/strong><\/h4>\n\n\n\n<ul class=\"wp-block-list\">\n<li>Conference: \u201cFashion vs. everyday clothing. Functions \u2013 dynamics \u2013 mechanisms\u201d, Wroc\u0142aw, 17th November 2016.<\/li>\n\n\n\n<li>Conference \u201cOur (un)usual sex. Socio-cultural contexts of sexual behaviour\u201d, Wroc\u0142aw, 5th December 2016.<\/li>\n<\/ul>\n\n\n\n<h4 class=\"wp-block-heading\"><strong>Academic collaboration<\/strong><\/h4>\n\n\n\n<ul class=\"wp-block-list\">\n<li>Polish Sociological Association<\/li>\n\n\n\n<li>Polish Sexuological Society<\/li>\n\n\n\n<li>Faculty of Tourism and Recreation Poznan University of Physical Education<\/li>\n<\/ul>\n","protected":false},"excerpt":{"rendered":"<p>Academic Staff History of the Department The Department of the Sociology of Gender and Family was created in 2016. The initiative to create the Department stemmed from the willingness to co-join in one organisational unit the work of people who cooperated for a couple of years, jointly organising conferences and publishing, even though they belonged [&hellip;]<\/p>\n","protected":false},"author":5364,"featured_media":0,"parent":28374,"menu_order":0,"comment_status":"closed","ping_status":"closed","template":"","meta":{"_acf_changed":false,"inline_featured_image":false,"site-sidebar-layout":"default","site-content-layout":"","ast-site-content-layout":"default","site-content-style":"default","site-sidebar-style":"default","ast-global-header-display":"","ast-banner-title-visibility":"","ast-main-header-display":"","ast-hfb-above-header-display":"","ast-hfb-below-header-display":"","ast-hfb-mobile-header-display":"","site-post-title":"","ast-breadcrumbs-content":"","ast-featured-img":"","footer-sml-layout":"","ast-disable-related-posts":"","theme-transparent-header-meta":"","adv-header-id-meta":"","stick-header-meta":"","header-above-stick-meta":"","header-main-stick-meta":"","header-below-stick-meta":"","astra-migrate-meta-layouts":"set","ast-page-background-enabled":"default","ast-page-background-meta":{"desktop":{"background-color":"","background-image":"","background-repeat":"repeat","background-position":"center center","background-size":"auto","background-attachment":"scroll","background-type":"","background-media":"","overlay-type":"","overlay-color":"","overlay-opacity":"","overlay-gradient":""},"tablet":{"background-color":"","background-image":"","background-repeat":"repeat","background-position":"center center","background-size":"auto","background-attachment":"scroll","background-type":"","background-media":"","overlay-type":"","overlay-color":"","overlay-opacity":"","overlay-gradient":""},"mobile":{"background-color":"","background-image":"","background-repeat":"repeat","background-position":"center center","background-size":"auto","background-attachment":"scroll","background-type":"","background-media":"","overlay-type":"","overlay-color":"","overlay-opacity":"","overlay-gradient":""}},"ast-content-background-meta":{"desktop":{"background-color":"var(--ast-global-color-5)","background-image":"","background-repeat":"repeat","background-position":"center center","background-size":"auto","background-attachment":"scroll","background-type":"","background-media":"","overlay-type":"","overlay-color":"","overlay-opacity":"","overlay-gradient":""},"tablet":{"background-color":"var(--ast-global-color-5)","background-image":"","background-repeat":"repeat","background-position":"center center","background-size":"auto","background-attachment":"scroll","background-type":"","background-media":"","overlay-type":"","overlay-color":"","overlay-opacity":"","overlay-gradient":""},"mobile":{"background-color":"var(--ast-global-color-5)","background-image":"","background-repeat":"repeat","background-position":"center center","background-size":"auto","background-attachment":"scroll","background-type":"","background-media":"","overlay-type":"","overlay-color":"","overlay-opacity":"","overlay-gradient":""}},"footnotes":""},"categories":[],"tags":[],"class_list":["post-30457","page","type-page","status-publish","hentry"],"featured_image_urls_v2":{"full":"","thumbnail":"","medium":"","medium_large":"","large":"","1536x1536":"","2048x2048":"","menu-24x24":"","menu-36x36":"","menu-48x48":""},"post_excerpt_stackable_v2":"<p>Academic Staff Dr hab. Dorota Majka-Rostek, Prof.&nbsp;UWr (Head of Department) Dr hab. Ewa Banaszak Dr Pawe\u0142 Czajkowski Dr Wojciech Doli\u0144ski Dr&nbsp;Aleksandra Drabina Dr Aneta Uss-Lik History of the Department The Department of the Sociology of Gender and Family was created in 2016. The initiative to create the Department stemmed from the willingness to co-join in one organisational unit the work of people who cooperated for a couple of years, jointly organising conferences and publishing, even though they belonged to different departments. Professor Dorota Majka-Rostek, dr Ewa Banaszak and dr Pawe\u0142 Czajkowski organised two academic conferences: \u201cGender not welcome? Socio-cultural dimensions&hellip;<\/p>\n","category_list_v2":"Uncategorized","author_info_v2":{"name":"stanislaw.krawczyk@uwr.edu.pl","url":"https:\/\/socjologia.uwr.edu.pl\/en\/author\/stanislaw-krawczykuwr-edu-pl\/"},"comments_num_v2":"0 comments","acf":[],"yoast_head":"<!-- This site is optimized with the Yoast SEO plugin v27.1.1 - https:\/\/yoast.com\/product\/yoast-seo-wordpress\/ -->\n<title>\u00a0Department of the Sociology of Gender and Family - Institute of Sociology<\/title>\n<meta name=\"robots\" content=\"index, follow, max-snippet:-1, max-image-preview:large, max-video-preview:-1\" \/>\n<link rel=\"canonical\" href=\"https:\/\/socjologia.uwr.edu.pl\/en\/institute\/structure\/department-of-the-sociology-of-gender-and-family\/\" \/>\n<meta property=\"og:locale\" content=\"en_US\" \/>\n<meta property=\"og:type\" content=\"article\" \/>\n<meta property=\"og:title\" content=\"\u00a0Department of the Sociology of Gender and Family - Institute of Sociology\" \/>\n<meta property=\"og:description\" content=\"Academic Staff History of the Department The Department of the Sociology of Gender and Family was created in 2016. The initiative to create the Department stemmed from the willingness to co-join in one organisational unit the work of people who cooperated for a couple of years, jointly organising conferences and publishing, even though they belonged [&hellip;]\" \/>\n<meta property=\"og:url\" content=\"https:\/\/socjologia.uwr.edu.pl\/en\/institute\/structure\/department-of-the-sociology-of-gender-and-family\/\" \/>\n<meta property=\"og:site_name\" content=\"Institute of Sociology\" \/>\n<meta property=\"article:modified_time\" content=\"2024-10-18T08:36:03+00:00\" \/>\n<meta name=\"twitter:card\" content=\"summary_large_image\" \/>\n<meta name=\"twitter:label1\" content=\"Est. reading time\" \/>\n\t<meta name=\"twitter:data1\" content=\"2 minutes\" \/>\n<script type=\"application\/ld+json\" class=\"yoast-schema-graph\">{\"@context\":\"https:\/\/schema.org\",\"@graph\":[{\"@type\":\"WebPage\",\"@id\":\"https:\/\/socjologia.uwr.edu.pl\/en\/institute\/structure\/department-of-the-sociology-of-gender-and-family\/\",\"url\":\"https:\/\/socjologia.uwr.edu.pl\/en\/institute\/structure\/department-of-the-sociology-of-gender-and-family\/\",\"name\":\"\u00a0Department of the Sociology of Gender and Family - Institute of Sociology\",\"isPartOf\":{\"@id\":\"https:\/\/socjologia.uwr.edu.pl\/#website\"},\"datePublished\":\"2023-09-08T12:00:51+00:00\",\"dateModified\":\"2024-10-18T08:36:03+00:00\",\"breadcrumb\":{\"@id\":\"https:\/\/socjologia.uwr.edu.pl\/en\/institute\/structure\/department-of-the-sociology-of-gender-and-family\/#breadcrumb\"},\"inLanguage\":\"en-US\",\"potentialAction\":[{\"@type\":\"ReadAction\",\"target\":[\"https:\/\/socjologia.uwr.edu.pl\/en\/institute\/structure\/department-of-the-sociology-of-gender-and-family\/\"]}]},{\"@type\":\"BreadcrumbList\",\"@id\":\"https:\/\/socjologia.uwr.edu.pl\/en\/institute\/structure\/department-of-the-sociology-of-gender-and-family\/#breadcrumb\",\"itemListElement\":[{\"@type\":\"ListItem\",\"position\":1,\"name\":\"Strona g\u0142\u00f3wna\",\"item\":\"https:\/\/socjologia.uwr.edu.pl\/en\/\"},{\"@type\":\"ListItem\",\"position\":2,\"name\":\"Institute\",\"item\":\"https:\/\/socjologia.uwr.edu.pl\/en\/institute\/\"},{\"@type\":\"ListItem\",\"position\":3,\"name\":\"Structure\",\"item\":\"https:\/\/socjologia.uwr.edu.pl\/en\/institute\/structure\/\"},{\"@type\":\"ListItem\",\"position\":4,\"name\":\"\u00a0Department of the Sociology of Gender and Family\"}]},{\"@type\":\"WebSite\",\"@id\":\"https:\/\/socjologia.uwr.edu.pl\/#website\",\"url\":\"https:\/\/socjologia.uwr.edu.pl\/\",\"name\":\"Institute of Sociology\",\"description\":\"Kolejna witryna sieci \u201eUWR Witryny\u201d\",\"publisher\":{\"@id\":\"https:\/\/socjologia.uwr.edu.pl\/#organization\"},\"potentialAction\":[{\"@type\":\"SearchAction\",\"target\":{\"@type\":\"EntryPoint\",\"urlTemplate\":\"https:\/\/socjologia.uwr.edu.pl\/?s={search_term_string}\"},\"query-input\":{\"@type\":\"PropertyValueSpecification\",\"valueRequired\":true,\"valueName\":\"search_term_string\"}}],\"inLanguage\":\"en-US\"},{\"@type\":\"Organization\",\"@id\":\"https:\/\/socjologia.uwr.edu.pl\/#organization\",\"name\":\"Institute of Sociology\",\"url\":\"https:\/\/socjologia.uwr.edu.pl\/\",\"logo\":{\"@type\":\"ImageObject\",\"inLanguage\":\"en-US\",\"@id\":\"https:\/\/socjologia.uwr.edu.pl\/#\/schema\/logo\/image\/\",\"url\":\"https:\/\/socjologia.uwr.edu.pl\/wp-content\/uploads\/sites\/393\/2025\/10\/UWr-logotyp-2025.png\",\"contentUrl\":\"https:\/\/socjologia.uwr.edu.pl\/wp-content\/uploads\/sites\/393\/2025\/10\/UWr-logotyp-2025.png\",\"width\":764,\"height\":269,\"caption\":\"Institute of Sociology\"},\"image\":{\"@id\":\"https:\/\/socjologia.uwr.edu.pl\/#\/schema\/logo\/image\/\"}}]}<\/script>\n<!-- \/ Yoast SEO plugin. -->","yoast_head_json":{"title":"\u00a0Department of the Sociology of Gender and Family - Institute of Sociology","robots":{"index":"index","follow":"follow","max-snippet":"max-snippet:-1","max-image-preview":"max-image-preview:large","max-video-preview":"max-video-preview:-1"},"canonical":"https:\/\/socjologia.uwr.edu.pl\/en\/institute\/structure\/department-of-the-sociology-of-gender-and-family\/","og_locale":"en_US","og_type":"article","og_title":"\u00a0Department of the Sociology of Gender and Family - Institute of Sociology","og_description":"Academic Staff History of the Department The Department of the Sociology of Gender and Family was created in 2016. The initiative to create the Department stemmed from the willingness to co-join in one organisational unit the work of people who cooperated for a couple of years, jointly organising conferences and publishing, even though they belonged [&hellip;]","og_url":"https:\/\/socjologia.uwr.edu.pl\/en\/institute\/structure\/department-of-the-sociology-of-gender-and-family\/","og_site_name":"Institute of Sociology","article_modified_time":"2024-10-18T08:36:03+00:00","twitter_card":"summary_large_image","twitter_misc":{"Est. reading time":"2 minutes"},"schema":{"@context":"https:\/\/schema.org","@graph":[{"@type":"WebPage","@id":"https:\/\/socjologia.uwr.edu.pl\/en\/institute\/structure\/department-of-the-sociology-of-gender-and-family\/","url":"https:\/\/socjologia.uwr.edu.pl\/en\/institute\/structure\/department-of-the-sociology-of-gender-and-family\/","name":"\u00a0Department of the Sociology of Gender and Family - Institute of Sociology","isPartOf":{"@id":"https:\/\/socjologia.uwr.edu.pl\/#website"},"datePublished":"2023-09-08T12:00:51+00:00","dateModified":"2024-10-18T08:36:03+00:00","breadcrumb":{"@id":"https:\/\/socjologia.uwr.edu.pl\/en\/institute\/structure\/department-of-the-sociology-of-gender-and-family\/#breadcrumb"},"inLanguage":"en-US","potentialAction":[{"@type":"ReadAction","target":["https:\/\/socjologia.uwr.edu.pl\/en\/institute\/structure\/department-of-the-sociology-of-gender-and-family\/"]}]},{"@type":"BreadcrumbList","@id":"https:\/\/socjologia.uwr.edu.pl\/en\/institute\/structure\/department-of-the-sociology-of-gender-and-family\/#breadcrumb","itemListElement":[{"@type":"ListItem","position":1,"name":"Strona g\u0142\u00f3wna","item":"https:\/\/socjologia.uwr.edu.pl\/en\/"},{"@type":"ListItem","position":2,"name":"Institute","item":"https:\/\/socjologia.uwr.edu.pl\/en\/institute\/"},{"@type":"ListItem","position":3,"name":"Structure","item":"https:\/\/socjologia.uwr.edu.pl\/en\/institute\/structure\/"},{"@type":"ListItem","position":4,"name":"\u00a0Department of the Sociology of Gender and Family"}]},{"@type":"WebSite","@id":"https:\/\/socjologia.uwr.edu.pl\/#website","url":"https:\/\/socjologia.uwr.edu.pl\/","name":"Institute of Sociology","description":"Kolejna witryna sieci \u201eUWR Witryny\u201d","publisher":{"@id":"https:\/\/socjologia.uwr.edu.pl\/#organization"},"potentialAction":[{"@type":"SearchAction","target":{"@type":"EntryPoint","urlTemplate":"https:\/\/socjologia.uwr.edu.pl\/?s={search_term_string}"},"query-input":{"@type":"PropertyValueSpecification","valueRequired":true,"valueName":"search_term_string"}}],"inLanguage":"en-US"},{"@type":"Organization","@id":"https:\/\/socjologia.uwr.edu.pl\/#organization","name":"Institute of Sociology","url":"https:\/\/socjologia.uwr.edu.pl\/","logo":{"@type":"ImageObject","inLanguage":"en-US","@id":"https:\/\/socjologia.uwr.edu.pl\/#\/schema\/logo\/image\/","url":"https:\/\/socjologia.uwr.edu.pl\/wp-content\/uploads\/sites\/393\/2025\/10\/UWr-logotyp-2025.png","contentUrl":"https:\/\/socjologia.uwr.edu.pl\/wp-content\/uploads\/sites\/393\/2025\/10\/UWr-logotyp-2025.png","width":764,"height":269,"caption":"Institute of Sociology"},"image":{"@id":"https:\/\/socjologia.uwr.edu.pl\/#\/schema\/logo\/image\/"}}]}},"publishpress_future_action":{"enabled":false,"date":"2026-05-06 11:06:07","action":"change-status","newStatus":"draft","terms":[],"taxonomy":"category","extraData":[]},"publishpress_future_workflow_manual_trigger":{"enabledWorkflows":[]},"_links":{"self":[{"href":"https:\/\/socjologia.uwr.edu.pl\/en\/wp-json\/wp\/v2\/pages\/30457\/"}],"collection":[{"href":"https:\/\/socjologia.uwr.edu.pl\/en\/wp-json\/wp\/v2\/pages\/"}],"about":[{"href":"https:\/\/socjologia.uwr.edu.pl\/en\/wp-json\/wp\/v2\/types\/page\/"}],"author":[{"embeddable":true,"href":"https:\/\/socjologia.uwr.edu.pl\/en\/wp-json\/wp\/v2\/users\/5364\/"}],"replies":[{"embeddable":true,"href":"https:\/\/socjologia.uwr.edu.pl\/en\/wp-json\/wp\/v2\/comments\/?post=30457"}],"version-history":[{"count":3,"href":"https:\/\/socjologia.uwr.edu.pl\/en\/wp-json\/wp\/v2\/pages\/30457\/revisions\/"}],"predecessor-version":[{"id":33209,"href":"https:\/\/socjologia.uwr.edu.pl\/en\/wp-json\/wp\/v2\/pages\/30457\/revisions\/33209\/"}],"up":[{"embeddable":true,"href":"https:\/\/socjologia.uwr.edu.pl\/en\/wp-json\/wp\/v2\/pages\/28374\/"}],"wp:attachment":[{"href":"https:\/\/socjologia.uwr.edu.pl\/en\/wp-json\/wp\/v2\/media\/?parent=30457"}],"wp:term":[{"taxonomy":"category","embeddable":true,"href":"https:\/\/socjologia.uwr.edu.pl\/en\/wp-json\/wp\/v2\/categories\/?post=30457"},{"taxonomy":"post_tag","embeddable":true,"href":"https:\/\/socjologia.uwr.edu.pl\/en\/wp-json\/wp\/v2\/tags\/?post=30457"}],"curies":[{"name":"wp","href":"https:\/\/api.w.org\/{rel}","templated":true}]}}