{"id":30448,"date":"2023-09-08T14:06:06","date_gmt":"2023-09-08T12:06:06","guid":{"rendered":"https:\/\/socjologia.uwr.edu.pl\/?page_id=30448"},"modified":"2024-08-31T14:58:56","modified_gmt":"2024-08-31T12:58:56","slug":"department-of-the-sociology-of-borderland","status":"publish","type":"page","link":"https:\/\/socjologia.uwr.edu.pl\/en\/institute\/structure\/department-of-the-sociology-of-borderland\/","title":{"rendered":"Department of the Sociology of Borderland"},"content":{"rendered":"\n<h4 class=\"wp-block-heading\"><strong>Academic Staff<\/strong><\/h4>\n\n\n\n<ul class=\"wp-block-list\">\n<li>Dr hab. Kamilla Doli\u0144ska, Prof. UWr\u00a0(Head of Department)<\/li>\n\n\n\n<li>Dr hab. Julita Makaro, Prof. UWr<\/li>\n\n\n\n<li>Dr hab. El\u017cbieta Opi\u0142owska, Prof. UWr<\/li>\n\n\n\n<li>Dr hab. Marcin D\u0119bicki, Prof. UWr<\/li>\n\n\n\n<li>Dr hab. Natalia Nied\u017awiecka-Iwa\u0144czak<\/li>\n\n\n\n<li>Prof. dr hab. Zbigniew Kurcz (Professor Emeritus)<\/li>\n\n\n\n<li>Dr Irena Szlachcic (Emerita)<\/li>\n<\/ul>\n\n\n\n<p>PhD students<\/p>\n\n\n\n<ul class=\"wp-block-list\">\n<li>Mgr Anna Korotusz-Mirecka, \u201cThe identity of the contemporary denizens of Upper Silesia\u201d<\/li>\n\n\n\n<li>Mgr Maciej \u015aled\u017a, \u201cThe role of video games in the lives of people with disabilities\u201d<\/li>\n<\/ul>\n\n\n\n<h4 class=\"wp-block-heading\"><strong>History of the department<\/strong><\/h4>\n\n\n\n<p>The establishment of the Department was triggered off by the political changes of the 1990s in Central and Eastern Europe.&nbsp;Consequently, state borders in the region have become open and more permeable, which resulted in a rapid growth of the number of journeys. Their participants usually headed for borderlands where the previously unknown processes and phenomena came into being. They originated from a lively economic exchange yet led to deeper transformations\u2014of social and cultural structure. The Department of the Sociology of Borderland was set up in 1997 as a proposal by PhD hab. Zbigniew Kurcz who had already been carrying out his own research in the Polish-German borderland since 1990 (which was documented with a pioneer article of his, published in the \u2018Przegl\u0105d Zachodni\u2019 quarterly as early as in 1991). The moment the Department was established it assembled: El\u017cbieta Baczy\u0144ska, PhD; Jan Kurek, PhD; Irena Szlachcic, PhD. El\u017cbieta Baczy\u0144ska took up the question of the pathology in borderlands, Jan Kurek dealt with religious cult in borderlands, while Irena Szlachcic investigated the identity of the inhabitants of the Czech-German-Polish borderland in an intergenerational dimension. Next workers were employed as they became PhDs and were recruited from among prof. Kurcz\u2019s seminarists: Julita Makaro, PhD (since 2003), Marcin D\u0119bicki, PhD (since 2008), Kamilla Doli\u0144ska (since 2008), Natalia Nied\u017awiecka-Iwa\u0144czak (since 2008). It was in 2016 that the Department was joined by El\u017cbieta Opi\u0142owska, PhD, who used to cooperate with prof. Kurcz, at times also with the Department\u2019s other members, as an assistant professor at the Willy Brandt Center (WBZ) for German and European Studies. In 2014 she successfully applied to establish the Center for Regional and Borderlands Studies, and at present it is also the Centre that is staffed by the workers of the Department. The members of the Department received awards for their research and didactic activity, documented with a number of publications: prof. Z. Kurcz\u2014with the Award of the Ministry of Education and with the Award of the Ministry of Science and Higher Education; dr hab. Julita Makaro\u2014with the Stanis\u0142aw Ossowski Prize awarded by the Polish Sociological Association; dr N. Nied\u017awiecka-Iwa\u0144czak\u2014with the Piotr Dobrowolski Prize awarded by the Polish Association of the Political Sciences.<\/p>\n\n\n\n<h4 class=\"wp-block-heading\"><strong>Main research topics<\/strong><\/h4>\n\n\n\n<p>The research directions followed by the Department of the Sociology of Borderland include several areas of interest yet with state\/nation borderlands and ethnic issues as points of departure.<\/p>\n\n\n\n<p>Firstly, it is the processes of globalization and integration as well as their consequences\u2014real socio-economic transformations in particular borderlands\u2014that account for the research topics to be dealt with. This approach has materialized with the projects on the impact of the neighbours\u2019 vise-free mobilities or of the abolishment of border controls on the reality of borderlands and borderlanders.<\/p>\n\n\n\n<p>Secondly, research directions are marked by an attempt at synthesis, comparison, search for rules and regularities of the life in borderlands. It can be illustrated with the studies oriented at the comparison of the towns in Poland\u2019s western borderland, as well as its comparison with Poland\u2019s other borderlands.<\/p>\n\n\n\n<p>Thirdly, it is also the reflection over the borderland itself, its evolution into transborderland, the relations within the neighbourhood of cultures and nations. The examples of this research direction include the studies on the ways the borderland can be conceived, its administration and social dimension as well as getting familiar with the relations between national neighbours.<\/p>\n\n\n\n<p>Fourthly, research endeavours have headed to discover and shape a new subdiscipline\u2014the sociology of borderland. Here, the Department\u2019s members are oriented at this subdiscipline\u2019s fields of interest and its place among other detailed sociologies. Looking precisely at the research directions taken up in the Department one needs to underline that they refer mainly to the German and Czech borderlands yet it is also the Lithuanian, Ukrainian and Slovak borderlands that have focused the workers\u2019 attention, which resulted in a range of publications.<\/p>\n\n\n\n<p>Other spheres of interest include: national and ethnic minorities, Polish national neighbourhoods, multiculturalism and transnationality. For more detailed information on publications concerning these issues\u2014see the website of the Institute of Sociology.<\/p>\n\n\n\n<h4 class=\"wp-block-heading\"><strong>Academic and scientific events<\/strong><\/h4>\n\n\n\n<ul class=\"wp-block-list\">\n<li>International scientific conference &#8211; Polish Borderlands in the Process of Change, part IV, 24\u201325 May 2016;<\/li>\n\n\n\n<li>International scientific conference &#8211; Polish Borderlands in the Process of Change, part III, 27\u201328 May 2013;<\/li>\n\n\n\n<li>International scientific conference &#8211; Polish Borderlands in the Process of Change, part II, 25\u201327 May 2010;<\/li>\n\n\n\n<li>International scientific conference &#8211; Polish Borderlands in the Process of Change, part I, 23\u201325 April 2007;<\/li>\n\n\n\n<li>International scientific conference &#8211; Socio-economic Problems in Borderlands, 11\u201313 April 2000;<\/li>\n\n\n\n<li>International scientific conference &#8211; Polish Neighbourhoods\u2014Slovakia, 1\u20132 December 2016;<\/li>\n\n\n\n<li>International scientific conference &#8211; Polish Neighbourhoods\u2014Russia, 15\u201316 October 2015;<\/li>\n\n\n\n<li>International scientific conference &#8211; Polish Neighbourhoods\u2014Ukraine, 10\u201311 April 2014;<\/li>\n\n\n\n<li>International scientific conference &#8211; Polish Neighbourhoods\u2014Czech Republic, 19\u201320 April 2012;<\/li>\n\n\n\n<li>International scientific conference &#8211; Polish Neighbourhoods\u2014Lithuania, 11\u201313 April 2011.<\/li>\n<\/ul>\n\n\n\n<h4 class=\"wp-block-heading\"><strong>Academic collaboration<\/strong><\/h4>\n\n\n\n<p>The Department of the Sociology of Borderland has undertaken cooperation with numerous domestic and international centres for which the research into borderlands has been an important element of their scientific identity. This cooperation did not take an institutionalised character based on contracts entered officially but has been realised in practice, i.e. by means of participation in seminars and workshops oriented towards researching into indicated subjects, participation in conferences organised by the Department\u2019s partner, co-participation in theme groups within Polish sociological congresses, research within common projects, releasing publications on specific fields of interest by the co-operators. The direction, nature and scope of cooperation have been marked by research projects realised by the partners, and the workers\u2019 own research. The partners are: Institute of Sociology University of Bia\u0142ystok, University of G\u00f6ttingen, the Czech Academy of Sciences (home: \u00dast\u00ed nad Labem), University of Zielona G\u00f3ra, University of Leipzig, Institute of Cultural Infrastructure of Saxony (home: G\u00f6rlitz), Institute for Western Affairs in Pozna\u0144, University of Szczecin, Polish Sociological Association\u2013Wroc\u0142aw Branch, European University Viadrina in Frankfurt (Oder), University of Applied Sciences Zittau\/G\u00f6rlitz, University of Southern Denmark in S\u00f8nderborg, The Section of Sociology of Ethnicity of the Polish Sociological Association<\/p>\n","protected":false},"excerpt":{"rendered":"<p>Academic Staff PhD students History of the department The establishment of the Department was triggered off by the political changes of the 1990s in Central and Eastern Europe.&nbsp;Consequently, state borders in the region have become open and more permeable, which resulted in a rapid growth of the number of journeys. Their participants usually headed for [&hellip;]<\/p>\n","protected":false},"author":5364,"featured_media":0,"parent":28374,"menu_order":0,"comment_status":"closed","ping_status":"closed","template":"","meta":{"_acf_changed":false,"inline_featured_image":false,"site-sidebar-layout":"default","site-content-layout":"","ast-site-content-layout":"default","site-content-style":"default","site-sidebar-style":"default","ast-global-header-display":"","ast-banner-title-visibility":"","ast-main-header-display":"","ast-hfb-above-header-display":"","ast-hfb-below-header-display":"","ast-hfb-mobile-header-display":"","site-post-title":"","ast-breadcrumbs-content":"","ast-featured-img":"","footer-sml-layout":"","ast-disable-related-posts":"","theme-transparent-header-meta":"","adv-header-id-meta":"","stick-header-meta":"","header-above-stick-meta":"","header-main-stick-meta":"","header-below-stick-meta":"","astra-migrate-meta-layouts":"set","ast-page-background-enabled":"default","ast-page-background-meta":{"desktop":{"background-color":"","background-image":"","background-repeat":"repeat","background-position":"center center","background-size":"auto","background-attachment":"scroll","background-type":"","background-media":"","overlay-type":"","overlay-color":"","overlay-opacity":"","overlay-gradient":""},"tablet":{"background-color":"","background-image":"","background-repeat":"repeat","background-position":"center center","background-size":"auto","background-attachment":"scroll","background-type":"","background-media":"","overlay-type":"","overlay-color":"","overlay-opacity":"","overlay-gradient":""},"mobile":{"background-color":"","background-image":"","background-repeat":"repeat","background-position":"center center","background-size":"auto","background-attachment":"scroll","background-type":"","background-media":"","overlay-type":"","overlay-color":"","overlay-opacity":"","overlay-gradient":""}},"ast-content-background-meta":{"desktop":{"background-color":"var(--ast-global-color-5)","background-image":"","background-repeat":"repeat","background-position":"center center","background-size":"auto","background-attachment":"scroll","background-type":"","background-media":"","overlay-type":"","overlay-color":"","overlay-opacity":"","overlay-gradient":""},"tablet":{"background-color":"var(--ast-global-color-5)","background-image":"","background-repeat":"repeat","background-position":"center center","background-size":"auto","background-attachment":"scroll","background-type":"","background-media":"","overlay-type":"","overlay-color":"","overlay-opacity":"","overlay-gradient":""},"mobile":{"background-color":"var(--ast-global-color-5)","background-image":"","background-repeat":"repeat","background-position":"center center","background-size":"auto","background-attachment":"scroll","background-type":"","background-media":"","overlay-type":"","overlay-color":"","overlay-opacity":"","overlay-gradient":""}},"footnotes":""},"categories":[],"tags":[],"class_list":["post-30448","page","type-page","status-publish","hentry"],"featured_image_urls_v2":{"full":"","thumbnail":"","medium":"","medium_large":"","large":"","1536x1536":"","2048x2048":"","menu-24x24":"","menu-36x36":"","menu-48x48":""},"post_excerpt_stackable_v2":"<p>Academic Staff Dr hab. Kamilla Doli\u0144ska, Prof. UWr\u00a0(Head of Department) Dr hab. Julita Makaro, Prof. UWr Dr hab. El\u017cbieta Opi\u0142owska, Prof. UWr Dr hab. Marcin D\u0119bicki, Prof. UWr Dr hab. Natalia Nied\u017awiecka-Iwa\u0144czak Prof. dr hab. Zbigniew Kurcz (Professor Emeritus) Dr Irena Szlachcic (Emerita) PhD students Mgr Anna Korotusz-Mirecka, \u201cThe identity of the contemporary denizens of Upper Silesia\u201d Mgr Maciej \u015aled\u017a, \u201cThe role of video games in the lives of people with disabilities\u201d History of the department The establishment of the Department was triggered off by the political changes of the 1990s in Central and Eastern Europe.&nbsp;Consequently, state borders in the&hellip;<\/p>\n","category_list_v2":"Uncategorized","author_info_v2":{"name":"stanislaw.krawczyk@uwr.edu.pl","url":"https:\/\/socjologia.uwr.edu.pl\/en\/author\/stanislaw-krawczykuwr-edu-pl\/"},"comments_num_v2":"0 comments","acf":[],"yoast_head":"<!-- This site is optimized with the Yoast SEO plugin v27.1.1 - https:\/\/yoast.com\/product\/yoast-seo-wordpress\/ -->\n<title>Department of the Sociology of Borderland - Institute of Sociology<\/title>\n<meta name=\"robots\" content=\"index, follow, max-snippet:-1, max-image-preview:large, max-video-preview:-1\" \/>\n<link rel=\"canonical\" href=\"https:\/\/socjologia.uwr.edu.pl\/en\/institute\/structure\/department-of-the-sociology-of-borderland\/\" \/>\n<meta property=\"og:locale\" content=\"en_US\" \/>\n<meta property=\"og:type\" content=\"article\" \/>\n<meta property=\"og:title\" content=\"Department of the Sociology of Borderland - Institute of Sociology\" \/>\n<meta property=\"og:description\" content=\"Academic Staff PhD students History of the department The establishment of the Department was triggered off by the political changes of the 1990s in Central and Eastern Europe.&nbsp;Consequently, state borders in the region have become open and more permeable, which resulted in a rapid growth of the number of journeys. Their participants usually headed for [&hellip;]\" \/>\n<meta property=\"og:url\" content=\"https:\/\/socjologia.uwr.edu.pl\/en\/institute\/structure\/department-of-the-sociology-of-borderland\/\" \/>\n<meta property=\"og:site_name\" content=\"Institute of Sociology\" \/>\n<meta property=\"article:modified_time\" content=\"2024-08-31T12:58:56+00:00\" \/>\n<meta name=\"twitter:card\" content=\"summary_large_image\" \/>\n<meta name=\"twitter:label1\" content=\"Est. reading time\" \/>\n\t<meta name=\"twitter:data1\" content=\"7 minutes\" \/>\n<script type=\"application\/ld+json\" class=\"yoast-schema-graph\">{\"@context\":\"https:\/\/schema.org\",\"@graph\":[{\"@type\":\"WebPage\",\"@id\":\"https:\/\/socjologia.uwr.edu.pl\/en\/institute\/structure\/department-of-the-sociology-of-borderland\/\",\"url\":\"https:\/\/socjologia.uwr.edu.pl\/en\/institute\/structure\/department-of-the-sociology-of-borderland\/\",\"name\":\"Department of the Sociology of Borderland - Institute of Sociology\",\"isPartOf\":{\"@id\":\"https:\/\/socjologia.uwr.edu.pl\/#website\"},\"datePublished\":\"2023-09-08T12:06:06+00:00\",\"dateModified\":\"2024-08-31T12:58:56+00:00\",\"breadcrumb\":{\"@id\":\"https:\/\/socjologia.uwr.edu.pl\/en\/institute\/structure\/department-of-the-sociology-of-borderland\/#breadcrumb\"},\"inLanguage\":\"en-US\",\"potentialAction\":[{\"@type\":\"ReadAction\",\"target\":[\"https:\/\/socjologia.uwr.edu.pl\/en\/institute\/structure\/department-of-the-sociology-of-borderland\/\"]}]},{\"@type\":\"BreadcrumbList\",\"@id\":\"https:\/\/socjologia.uwr.edu.pl\/en\/institute\/structure\/department-of-the-sociology-of-borderland\/#breadcrumb\",\"itemListElement\":[{\"@type\":\"ListItem\",\"position\":1,\"name\":\"Strona g\u0142\u00f3wna\",\"item\":\"https:\/\/socjologia.uwr.edu.pl\/en\/\"},{\"@type\":\"ListItem\",\"position\":2,\"name\":\"Institute\",\"item\":\"https:\/\/socjologia.uwr.edu.pl\/en\/institute\/\"},{\"@type\":\"ListItem\",\"position\":3,\"name\":\"Structure\",\"item\":\"https:\/\/socjologia.uwr.edu.pl\/en\/institute\/structure\/\"},{\"@type\":\"ListItem\",\"position\":4,\"name\":\"Department of the Sociology of Borderland\"}]},{\"@type\":\"WebSite\",\"@id\":\"https:\/\/socjologia.uwr.edu.pl\/#website\",\"url\":\"https:\/\/socjologia.uwr.edu.pl\/\",\"name\":\"Institute of Sociology\",\"description\":\"Kolejna witryna sieci \u201eUWR Witryny\u201d\",\"publisher\":{\"@id\":\"https:\/\/socjologia.uwr.edu.pl\/#organization\"},\"potentialAction\":[{\"@type\":\"SearchAction\",\"target\":{\"@type\":\"EntryPoint\",\"urlTemplate\":\"https:\/\/socjologia.uwr.edu.pl\/?s={search_term_string}\"},\"query-input\":{\"@type\":\"PropertyValueSpecification\",\"valueRequired\":true,\"valueName\":\"search_term_string\"}}],\"inLanguage\":\"en-US\"},{\"@type\":\"Organization\",\"@id\":\"https:\/\/socjologia.uwr.edu.pl\/#organization\",\"name\":\"Institute of Sociology\",\"url\":\"https:\/\/socjologia.uwr.edu.pl\/\",\"logo\":{\"@type\":\"ImageObject\",\"inLanguage\":\"en-US\",\"@id\":\"https:\/\/socjologia.uwr.edu.pl\/#\/schema\/logo\/image\/\",\"url\":\"https:\/\/socjologia.uwr.edu.pl\/wp-content\/uploads\/sites\/393\/2025\/10\/UWr-logotyp-2025.png\",\"contentUrl\":\"https:\/\/socjologia.uwr.edu.pl\/wp-content\/uploads\/sites\/393\/2025\/10\/UWr-logotyp-2025.png\",\"width\":764,\"height\":269,\"caption\":\"Institute of Sociology\"},\"image\":{\"@id\":\"https:\/\/socjologia.uwr.edu.pl\/#\/schema\/logo\/image\/\"}}]}<\/script>\n<!-- \/ Yoast SEO plugin. -->","yoast_head_json":{"title":"Department of the Sociology of Borderland - Institute of Sociology","robots":{"index":"index","follow":"follow","max-snippet":"max-snippet:-1","max-image-preview":"max-image-preview:large","max-video-preview":"max-video-preview:-1"},"canonical":"https:\/\/socjologia.uwr.edu.pl\/en\/institute\/structure\/department-of-the-sociology-of-borderland\/","og_locale":"en_US","og_type":"article","og_title":"Department of the Sociology of Borderland - Institute of Sociology","og_description":"Academic Staff PhD students History of the department The establishment of the Department was triggered off by the political changes of the 1990s in Central and Eastern Europe.&nbsp;Consequently, state borders in the region have become open and more permeable, which resulted in a rapid growth of the number of journeys. Their participants usually headed for [&hellip;]","og_url":"https:\/\/socjologia.uwr.edu.pl\/en\/institute\/structure\/department-of-the-sociology-of-borderland\/","og_site_name":"Institute of Sociology","article_modified_time":"2024-08-31T12:58:56+00:00","twitter_card":"summary_large_image","twitter_misc":{"Est. reading time":"7 minutes"},"schema":{"@context":"https:\/\/schema.org","@graph":[{"@type":"WebPage","@id":"https:\/\/socjologia.uwr.edu.pl\/en\/institute\/structure\/department-of-the-sociology-of-borderland\/","url":"https:\/\/socjologia.uwr.edu.pl\/en\/institute\/structure\/department-of-the-sociology-of-borderland\/","name":"Department of the Sociology of Borderland - Institute of Sociology","isPartOf":{"@id":"https:\/\/socjologia.uwr.edu.pl\/#website"},"datePublished":"2023-09-08T12:06:06+00:00","dateModified":"2024-08-31T12:58:56+00:00","breadcrumb":{"@id":"https:\/\/socjologia.uwr.edu.pl\/en\/institute\/structure\/department-of-the-sociology-of-borderland\/#breadcrumb"},"inLanguage":"en-US","potentialAction":[{"@type":"ReadAction","target":["https:\/\/socjologia.uwr.edu.pl\/en\/institute\/structure\/department-of-the-sociology-of-borderland\/"]}]},{"@type":"BreadcrumbList","@id":"https:\/\/socjologia.uwr.edu.pl\/en\/institute\/structure\/department-of-the-sociology-of-borderland\/#breadcrumb","itemListElement":[{"@type":"ListItem","position":1,"name":"Strona g\u0142\u00f3wna","item":"https:\/\/socjologia.uwr.edu.pl\/en\/"},{"@type":"ListItem","position":2,"name":"Institute","item":"https:\/\/socjologia.uwr.edu.pl\/en\/institute\/"},{"@type":"ListItem","position":3,"name":"Structure","item":"https:\/\/socjologia.uwr.edu.pl\/en\/institute\/structure\/"},{"@type":"ListItem","position":4,"name":"Department of the Sociology of Borderland"}]},{"@type":"WebSite","@id":"https:\/\/socjologia.uwr.edu.pl\/#website","url":"https:\/\/socjologia.uwr.edu.pl\/","name":"Institute of Sociology","description":"Kolejna witryna sieci \u201eUWR Witryny\u201d","publisher":{"@id":"https:\/\/socjologia.uwr.edu.pl\/#organization"},"potentialAction":[{"@type":"SearchAction","target":{"@type":"EntryPoint","urlTemplate":"https:\/\/socjologia.uwr.edu.pl\/?s={search_term_string}"},"query-input":{"@type":"PropertyValueSpecification","valueRequired":true,"valueName":"search_term_string"}}],"inLanguage":"en-US"},{"@type":"Organization","@id":"https:\/\/socjologia.uwr.edu.pl\/#organization","name":"Institute of Sociology","url":"https:\/\/socjologia.uwr.edu.pl\/","logo":{"@type":"ImageObject","inLanguage":"en-US","@id":"https:\/\/socjologia.uwr.edu.pl\/#\/schema\/logo\/image\/","url":"https:\/\/socjologia.uwr.edu.pl\/wp-content\/uploads\/sites\/393\/2025\/10\/UWr-logotyp-2025.png","contentUrl":"https:\/\/socjologia.uwr.edu.pl\/wp-content\/uploads\/sites\/393\/2025\/10\/UWr-logotyp-2025.png","width":764,"height":269,"caption":"Institute of Sociology"},"image":{"@id":"https:\/\/socjologia.uwr.edu.pl\/#\/schema\/logo\/image\/"}}]}},"publishpress_future_action":{"enabled":false,"date":"2026-05-06 09:26:16","action":"change-status","newStatus":"draft","terms":[],"taxonomy":"category","extraData":[]},"publishpress_future_workflow_manual_trigger":{"enabledWorkflows":[]},"_links":{"self":[{"href":"https:\/\/socjologia.uwr.edu.pl\/en\/wp-json\/wp\/v2\/pages\/30448\/"}],"collection":[{"href":"https:\/\/socjologia.uwr.edu.pl\/en\/wp-json\/wp\/v2\/pages\/"}],"about":[{"href":"https:\/\/socjologia.uwr.edu.pl\/en\/wp-json\/wp\/v2\/types\/page\/"}],"author":[{"embeddable":true,"href":"https:\/\/socjologia.uwr.edu.pl\/en\/wp-json\/wp\/v2\/users\/5364\/"}],"replies":[{"embeddable":true,"href":"https:\/\/socjologia.uwr.edu.pl\/en\/wp-json\/wp\/v2\/comments\/?post=30448"}],"version-history":[{"count":2,"href":"https:\/\/socjologia.uwr.edu.pl\/en\/wp-json\/wp\/v2\/pages\/30448\/revisions\/"}],"predecessor-version":[{"id":31853,"href":"https:\/\/socjologia.uwr.edu.pl\/en\/wp-json\/wp\/v2\/pages\/30448\/revisions\/31853\/"}],"up":[{"embeddable":true,"href":"https:\/\/socjologia.uwr.edu.pl\/en\/wp-json\/wp\/v2\/pages\/28374\/"}],"wp:attachment":[{"href":"https:\/\/socjologia.uwr.edu.pl\/en\/wp-json\/wp\/v2\/media\/?parent=30448"}],"wp:term":[{"taxonomy":"category","embeddable":true,"href":"https:\/\/socjologia.uwr.edu.pl\/en\/wp-json\/wp\/v2\/categories\/?post=30448"},{"taxonomy":"post_tag","embeddable":true,"href":"https:\/\/socjologia.uwr.edu.pl\/en\/wp-json\/wp\/v2\/tags\/?post=30448"}],"curies":[{"name":"wp","href":"https:\/\/api.w.org\/{rel}","templated":true}]}}