{"id":30430,"date":"2023-09-08T13:55:37","date_gmt":"2023-09-08T11:55:37","guid":{"rendered":"https:\/\/socjologia.uwr.edu.pl\/?page_id=30430"},"modified":"2025-03-19T09:02:15","modified_gmt":"2025-03-19T08:02:15","slug":"department-of-consumer-behaviour","status":"publish","type":"page","link":"https:\/\/socjologia.uwr.edu.pl\/en\/institute\/structure\/department-of-consumer-behaviour\/","title":{"rendered":"Department of Consumer Behaviour"},"content":{"rendered":"\n<h4 class=\"wp-block-heading\"><strong>Academic staff<\/strong><\/h4>\n\n\n\n<ul class=\"wp-block-list\">\n<li>Prof. dr hab. Wanda Patrza\u0142ek (Head of Department)<\/li>\n\n\n\n<li>Dr Micha\u0142 Cebula<\/li>\n\n\n\n<li>Dr Monika Mucha<\/li>\n\n\n\n<li>Dr Aleksandra Perchla-W\u0142osik<\/li>\n\n\n\n<li>Dr Joanna Wardza\u0142a<\/li>\n<\/ul>\n\n\n\n<h4 class=\"wp-block-heading\"><strong>History of the Department<\/strong><\/h4>\n\n\n\n<p>Department of Consumer Behaviour was established in 2000 within the framework of the Institute of Sociology at the University of Wroclaw at the initiative of prof. dr. Wanda Patrza\u0142ek acting from its begining to the present time&nbsp;as the Head of Department. The need for the establishment of the Department was related to the research on the contemporary consumer society as a result of transformation in Poland, but also resulted from science and business cooperation in the field transacted by market research release and Press Research conducted for newspaper publishers in Poland, Germany and the UK. Profile of the Department&nbsp; is an interdisciplinary staff &nbsp;next to sociology also present other disciplines such as economics, sociology, law and administration. Department cooperates with the Polish Society of Social Communication in the section of Advertising, whose founder and president since its creation in 2007 until now is a professor. dr. Wanda Patrza\u0142ek. Department realized internal grants, such as&nbsp;<em>Polish managers. Sociological profiles<\/em>, and grants in the context of Higher Education and the National Science Centre (NCN), which included:&nbsp;<em>Information activities of household members and&nbsp;their economic behavior<\/em>,&nbsp;<em>Symbolic dimension of consumption in contemporary culture in the light of the city residents<\/em>.<\/p>\n\n\n\n<p>Prof. dr. W. Patrza\u0142ek has been an expert in the competitions of NCN in the allocation of funds for research projects, as well as a manager of projects (FGI method for press releases and advertising copy testing, market surveys, monitoring sales of selected newspapers, etc.) on behalf of press companies Phoenix Press Media, Die Verlagsgruppe Jurg Marquard, Bauer, GE Publishing Limited in 1996-2006 and BPV Poland from 2012 to the present.<\/p>\n\n\n\n<p>Head of Department was the founder of Research Firms&#8217; Profile &#8211; Market &#8220;engaged in the market research and public opinion mainly for press companies in Poland and Europe in the years 1996-2006.<\/p>\n\n\n\n<p>The basic areas of research of the Department of Consumer Behaviors include: the behavior of market actors: especially households and businesses, social communication and its barriers in the behavior of consumers, businesses and institutions, advertising message as a social and sociology of consumption.<\/p>\n\n\n\n<p>From 2016\/2017 on the initiative of the Department of Consmer Behaviour the Institute of Sociology has created a new direction at the level of undergraduate sociology economic sociologists educating the spheres of business, administration and local government institutions.<\/p>\n\n\n\n<p>Under the supervision of dr hab. W. Patrza\u0142ek awards in national competitions in 2014, the best student in the field of humanities and social sciences (ie. Nobel student) and at the Faculty of Social Sciences in 2009. -I place, 2010- Second place, 2016 -II place. Dissertations under the supervision of the head of the Department &nbsp;have been repeatedly highlighted in 2010.2011, 2012.<\/p>\n\n\n\n<p>Department publishes numerous scientific publications in scoring scientific journals such as Scientific Papers of the University of Economics, Scientific Bulletin of the University of Szczecin, Marketing and Market, Work Research at the University of Szczecin, Marketing and Management.<\/p>\n\n\n\n<p>The Department conducts interdisciplinary teaching at the Institute of Sociology in the range of subjects such as: microeconomics, macroeconomics, theory of enterprise, consumer behavior. the behavior of market actors, sociology of consumption, sociology market, methods and techniques of market research, family and guardianship law, encyclopedia law, intellectual property law. For graduale studies &nbsp;tere is specialization in the field of market research, which every year enjoys great success among students, as well as numerous seminars bachelors and masters in sociology and social work.<\/p>\n\n\n\n<p>Head of Department, prof. dr. Wanda Patrza\u0142ek and Dr. Aleksandra Perchla-W\u0142osik and Dr. Joanna Wardza\u0142a have been awarded the Medal of the National Education Commission.<\/p>\n\n\n\n<h4 class=\"wp-block-heading\"><strong>Main research topics<\/strong><\/h4>\n\n\n\n<ul class=\"wp-block-list\">\n<li>Communication within the household and the exchange of information between household members,<\/li>\n\n\n\n<li>New trends in consumption, such that: deconsumpction, eco consumption,&nbsp; prosumption and virtualization of consumption,<\/li>\n\n\n\n<li>Actors&#8217; behavior in the conditions of globalization of markets, households, companies, institutions,<\/li>\n\n\n\n<li>Conditions in the sphere of cultural consumption and cultural factors determining consumption in the system: the values, norms and cultural patterns,<\/li>\n\n\n\n<li>Advertising as social communication,<\/li>\n\n\n\n<li>Symbolic dimension of consumption, consumer tastes and practices in relation to the social structure and the role of social capital and social networks in the area of consumption patterns and participation in culture,<\/li>\n\n\n\n<li>The study of young consumers&#8217; preferences and ways of communication and self-presentation in the context of visual sociology,<\/li>\n\n\n\n<li>Research related to the functioning of the fashion market in relation to the problems of sociology and fashion marketing,<\/li>\n\n\n\n<li>Research system axio-normative Polish society against the background of global changes and the creation of a network of societies,<\/li>\n\n\n\n<li>The prestigious nature of the consumption of goods and services,<\/li>\n\n\n\n<li>New ways of research of consumer behavior &#8211; qualitative research, neuromarketing research, triangulation of quantitative and qualitative research.<\/li>\n\n\n\n<li>Research awareness and legal culture of consumers in different age groups as well as legal education of youth and adults in the field of consumer rights through new media.<\/li>\n\n\n\n<li>Research enterprises and entrepreneurs in the context of organizational behavior<\/li>\n<\/ul>\n\n\n\n<h4 class=\"wp-block-heading\"><strong>Academic and scientific events<\/strong><\/h4>\n\n\n\n<ul class=\"wp-block-list\">\n<li>The organization of regular interdisciplinary conferences<\/li>\n\n\n\n<li>issues of contemporary consumption in a changing social environment and in terms of their conditions of communication.<\/li>\n\n\n\n<li>Co-organization of regular meetings, in collaboration with the Higher School of Banking in Wroclaw devoted to issues of the household as an object of economic research.<\/li>\n\n\n\n<li>The organization of regular meetings \u201c section advertisement\u201d in the conference and congresses &nbsp;of Polish Communication Association.<\/li>\n<\/ul>\n\n\n\n<h4 class=\"wp-block-heading\"><strong>Academic collaboration<\/strong><\/h4>\n\n\n\n<ul class=\"wp-block-list\">\n<li>Eastern Europe Studies at Warsaw University cooperation in the Scholarship Program of the Government R.P. them. Konstanty Kalinowski for scholars from Belarus prof.Patrza\u0142ek as tutor scholars from Eastern Europe in 2005-2007 to the present.<\/li>\n\n\n\n<li>University of Leipzig in a project devoted to the transformation of the cities of Wroclaw and Leipzig in terms of economic structure, changes in productivity, etc.<\/li>\n\n\n\n<li>Cooperation with the Institute for Market, Consumption and Business Situation (IBRiKK) in Warsaw prof. dr. W. Patrza\u0142ek as a reviewer issued by IBRIKK publications and participant in research seminars.<\/li>\n\n\n\n<li>Cooperation with the University of Szczecin prof. W. Patrza\u0142ek as a reviewer of publications issued under study Sociologica.<\/li>\n\n\n\n<li>Cooperation with the University of Economics in Wroclaw as a reviewer electronic publications (prof. Patrza\u0142ek) &nbsp;issued in the framework of Academic Research, Bulletin of Science, Social Sciences, Economics and Society, Central European Jurnal of Communication, doctorates in competitions PTKS.<\/li>\n\n\n\n<li>Cyclic scientific cooperation with the University of Szczecin at the International Conference on the Future of Marketing and published in the Scientific Works of the University of Szczecin and magazines Marketing and Management.<\/li>\n\n\n\n<li>Cooperation with the University of Economics in Wroclaw under the &#8220;Children&#8217;s Economic University&#8221;.<\/li>\n<\/ul>\n","protected":false},"excerpt":{"rendered":"<p>Academic staff History of the Department Department of Consumer Behaviour was established in 2000 within the framework of the Institute of Sociology at the University of Wroclaw at the initiative of prof. dr. Wanda Patrza\u0142ek acting from its begining to the present time&nbsp;as the Head of Department. The need for the establishment of the Department [&hellip;]<\/p>\n","protected":false},"author":5364,"featured_media":0,"parent":28374,"menu_order":0,"comment_status":"closed","ping_status":"closed","template":"","meta":{"_acf_changed":false,"inline_featured_image":false,"site-sidebar-layout":"default","site-content-layout":"","ast-site-content-layout":"default","site-content-style":"default","site-sidebar-style":"default","ast-global-header-display":"","ast-banner-title-visibility":"","ast-main-header-display":"","ast-hfb-above-header-display":"","ast-hfb-below-header-display":"","ast-hfb-mobile-header-display":"","site-post-title":"","ast-breadcrumbs-content":"","ast-featured-img":"","footer-sml-layout":"","ast-disable-related-posts":"","theme-transparent-header-meta":"","adv-header-id-meta":"","stick-header-meta":"","header-above-stick-meta":"","header-main-stick-meta":"","header-below-stick-meta":"","astra-migrate-meta-layouts":"set","ast-page-background-enabled":"default","ast-page-background-meta":{"desktop":{"background-color":"","background-image":"","background-repeat":"repeat","background-position":"center center","background-size":"auto","background-attachment":"scroll","background-type":"","background-media":"","overlay-type":"","overlay-color":"","overlay-opacity":"","overlay-gradient":""},"tablet":{"background-color":"","background-image":"","background-repeat":"repeat","background-position":"center center","background-size":"auto","background-attachment":"scroll","background-type":"","background-media":"","overlay-type":"","overlay-color":"","overlay-opacity":"","overlay-gradient":""},"mobile":{"background-color":"","background-image":"","background-repeat":"repeat","background-position":"center center","background-size":"auto","background-attachment":"scroll","background-type":"","background-media":"","overlay-type":"","overlay-color":"","overlay-opacity":"","overlay-gradient":""}},"ast-content-background-meta":{"desktop":{"background-color":"var(--ast-global-color-5)","background-image":"","background-repeat":"repeat","background-position":"center center","background-size":"auto","background-attachment":"scroll","background-type":"","background-media":"","overlay-type":"","overlay-color":"","overlay-opacity":"","overlay-gradient":""},"tablet":{"background-color":"var(--ast-global-color-5)","background-image":"","background-repeat":"repeat","background-position":"center center","background-size":"auto","background-attachment":"scroll","background-type":"","background-media":"","overlay-type":"","overlay-color":"","overlay-opacity":"","overlay-gradient":""},"mobile":{"background-color":"var(--ast-global-color-5)","background-image":"","background-repeat":"repeat","background-position":"center center","background-size":"auto","background-attachment":"scroll","background-type":"","background-media":"","overlay-type":"","overlay-color":"","overlay-opacity":"","overlay-gradient":""}},"footnotes":""},"categories":[],"tags":[],"class_list":["post-30430","page","type-page","status-publish","hentry"],"featured_image_urls_v2":{"full":"","thumbnail":"","medium":"","medium_large":"","large":"","1536x1536":"","2048x2048":"","menu-24x24":"","menu-36x36":"","menu-48x48":""},"post_excerpt_stackable_v2":"<p>Academic staff Prof. dr hab. Wanda Patrza\u0142ek (Head of Department) Dr Micha\u0142 Cebula Dr Monika Mucha Dr Aleksandra Perchla-W\u0142osik Dr Joanna Wardza\u0142a History of the Department Department of Consumer Behaviour was established in 2000 within the framework of the Institute of Sociology at the University of Wroclaw at the initiative of prof. dr. Wanda Patrza\u0142ek acting from its begining to the present time&nbsp;as the Head of Department. The need for the establishment of the Department was related to the research on the contemporary consumer society as a result of transformation in Poland, but also resulted from science and business cooperation&hellip;<\/p>\n","category_list_v2":"Uncategorized","author_info_v2":{"name":"stanislaw.krawczyk@uwr.edu.pl","url":"https:\/\/socjologia.uwr.edu.pl\/en\/author\/stanislaw-krawczykuwr-edu-pl\/"},"comments_num_v2":"0 comments","acf":[],"yoast_head":"<!-- This site is optimized with the Yoast SEO plugin v27.1.1 - https:\/\/yoast.com\/product\/yoast-seo-wordpress\/ -->\n<title>Department of Consumer Behaviour - Institute of Sociology<\/title>\n<meta name=\"robots\" content=\"index, follow, max-snippet:-1, max-image-preview:large, max-video-preview:-1\" \/>\n<link rel=\"canonical\" href=\"https:\/\/socjologia.uwr.edu.pl\/en\/institute\/structure\/department-of-consumer-behaviour\/\" \/>\n<meta property=\"og:locale\" content=\"en_US\" \/>\n<meta property=\"og:type\" content=\"article\" \/>\n<meta property=\"og:title\" content=\"Department of Consumer Behaviour - Institute of Sociology\" \/>\n<meta property=\"og:description\" content=\"Academic staff History of the Department Department of Consumer Behaviour was established in 2000 within the framework of the Institute of Sociology at the University of Wroclaw at the initiative of prof. dr. Wanda Patrza\u0142ek acting from its begining to the present time&nbsp;as the Head of Department. The need for the establishment of the Department [&hellip;]\" \/>\n<meta property=\"og:url\" content=\"https:\/\/socjologia.uwr.edu.pl\/en\/institute\/structure\/department-of-consumer-behaviour\/\" \/>\n<meta property=\"og:site_name\" content=\"Institute of Sociology\" \/>\n<meta property=\"article:modified_time\" content=\"2025-03-19T08:02:15+00:00\" \/>\n<meta name=\"twitter:card\" content=\"summary_large_image\" \/>\n<meta name=\"twitter:label1\" content=\"Est. reading time\" \/>\n\t<meta name=\"twitter:data1\" content=\"7 minutes\" \/>\n<script type=\"application\/ld+json\" class=\"yoast-schema-graph\">{\"@context\":\"https:\/\/schema.org\",\"@graph\":[{\"@type\":\"WebPage\",\"@id\":\"https:\/\/socjologia.uwr.edu.pl\/en\/institute\/structure\/department-of-consumer-behaviour\/\",\"url\":\"https:\/\/socjologia.uwr.edu.pl\/en\/institute\/structure\/department-of-consumer-behaviour\/\",\"name\":\"Department of Consumer Behaviour - Institute of Sociology\",\"isPartOf\":{\"@id\":\"https:\/\/socjologia.uwr.edu.pl\/#website\"},\"datePublished\":\"2023-09-08T11:55:37+00:00\",\"dateModified\":\"2025-03-19T08:02:15+00:00\",\"breadcrumb\":{\"@id\":\"https:\/\/socjologia.uwr.edu.pl\/en\/institute\/structure\/department-of-consumer-behaviour\/#breadcrumb\"},\"inLanguage\":\"en-US\",\"potentialAction\":[{\"@type\":\"ReadAction\",\"target\":[\"https:\/\/socjologia.uwr.edu.pl\/en\/institute\/structure\/department-of-consumer-behaviour\/\"]}]},{\"@type\":\"BreadcrumbList\",\"@id\":\"https:\/\/socjologia.uwr.edu.pl\/en\/institute\/structure\/department-of-consumer-behaviour\/#breadcrumb\",\"itemListElement\":[{\"@type\":\"ListItem\",\"position\":1,\"name\":\"Strona g\u0142\u00f3wna\",\"item\":\"https:\/\/socjologia.uwr.edu.pl\/en\/\"},{\"@type\":\"ListItem\",\"position\":2,\"name\":\"Institute\",\"item\":\"https:\/\/socjologia.uwr.edu.pl\/en\/institute\/\"},{\"@type\":\"ListItem\",\"position\":3,\"name\":\"Structure\",\"item\":\"https:\/\/socjologia.uwr.edu.pl\/en\/institute\/structure\/\"},{\"@type\":\"ListItem\",\"position\":4,\"name\":\"Department of Consumer Behaviour\"}]},{\"@type\":\"WebSite\",\"@id\":\"https:\/\/socjologia.uwr.edu.pl\/#website\",\"url\":\"https:\/\/socjologia.uwr.edu.pl\/\",\"name\":\"Institute of Sociology\",\"description\":\"Kolejna witryna sieci \u201eUWR Witryny\u201d\",\"publisher\":{\"@id\":\"https:\/\/socjologia.uwr.edu.pl\/#organization\"},\"potentialAction\":[{\"@type\":\"SearchAction\",\"target\":{\"@type\":\"EntryPoint\",\"urlTemplate\":\"https:\/\/socjologia.uwr.edu.pl\/?s={search_term_string}\"},\"query-input\":{\"@type\":\"PropertyValueSpecification\",\"valueRequired\":true,\"valueName\":\"search_term_string\"}}],\"inLanguage\":\"en-US\"},{\"@type\":\"Organization\",\"@id\":\"https:\/\/socjologia.uwr.edu.pl\/#organization\",\"name\":\"Institute of Sociology\",\"url\":\"https:\/\/socjologia.uwr.edu.pl\/\",\"logo\":{\"@type\":\"ImageObject\",\"inLanguage\":\"en-US\",\"@id\":\"https:\/\/socjologia.uwr.edu.pl\/#\/schema\/logo\/image\/\",\"url\":\"https:\/\/socjologia.uwr.edu.pl\/wp-content\/uploads\/sites\/393\/2025\/10\/UWr-logotyp-2025.png\",\"contentUrl\":\"https:\/\/socjologia.uwr.edu.pl\/wp-content\/uploads\/sites\/393\/2025\/10\/UWr-logotyp-2025.png\",\"width\":764,\"height\":269,\"caption\":\"Institute of Sociology\"},\"image\":{\"@id\":\"https:\/\/socjologia.uwr.edu.pl\/#\/schema\/logo\/image\/\"}}]}<\/script>\n<!-- \/ Yoast SEO plugin. -->","yoast_head_json":{"title":"Department of Consumer Behaviour - Institute of Sociology","robots":{"index":"index","follow":"follow","max-snippet":"max-snippet:-1","max-image-preview":"max-image-preview:large","max-video-preview":"max-video-preview:-1"},"canonical":"https:\/\/socjologia.uwr.edu.pl\/en\/institute\/structure\/department-of-consumer-behaviour\/","og_locale":"en_US","og_type":"article","og_title":"Department of Consumer Behaviour - Institute of Sociology","og_description":"Academic staff History of the Department Department of Consumer Behaviour was established in 2000 within the framework of the Institute of Sociology at the University of Wroclaw at the initiative of prof. dr. Wanda Patrza\u0142ek acting from its begining to the present time&nbsp;as the Head of Department. The need for the establishment of the Department [&hellip;]","og_url":"https:\/\/socjologia.uwr.edu.pl\/en\/institute\/structure\/department-of-consumer-behaviour\/","og_site_name":"Institute of Sociology","article_modified_time":"2025-03-19T08:02:15+00:00","twitter_card":"summary_large_image","twitter_misc":{"Est. reading time":"7 minutes"},"schema":{"@context":"https:\/\/schema.org","@graph":[{"@type":"WebPage","@id":"https:\/\/socjologia.uwr.edu.pl\/en\/institute\/structure\/department-of-consumer-behaviour\/","url":"https:\/\/socjologia.uwr.edu.pl\/en\/institute\/structure\/department-of-consumer-behaviour\/","name":"Department of Consumer Behaviour - Institute of Sociology","isPartOf":{"@id":"https:\/\/socjologia.uwr.edu.pl\/#website"},"datePublished":"2023-09-08T11:55:37+00:00","dateModified":"2025-03-19T08:02:15+00:00","breadcrumb":{"@id":"https:\/\/socjologia.uwr.edu.pl\/en\/institute\/structure\/department-of-consumer-behaviour\/#breadcrumb"},"inLanguage":"en-US","potentialAction":[{"@type":"ReadAction","target":["https:\/\/socjologia.uwr.edu.pl\/en\/institute\/structure\/department-of-consumer-behaviour\/"]}]},{"@type":"BreadcrumbList","@id":"https:\/\/socjologia.uwr.edu.pl\/en\/institute\/structure\/department-of-consumer-behaviour\/#breadcrumb","itemListElement":[{"@type":"ListItem","position":1,"name":"Strona g\u0142\u00f3wna","item":"https:\/\/socjologia.uwr.edu.pl\/en\/"},{"@type":"ListItem","position":2,"name":"Institute","item":"https:\/\/socjologia.uwr.edu.pl\/en\/institute\/"},{"@type":"ListItem","position":3,"name":"Structure","item":"https:\/\/socjologia.uwr.edu.pl\/en\/institute\/structure\/"},{"@type":"ListItem","position":4,"name":"Department of Consumer Behaviour"}]},{"@type":"WebSite","@id":"https:\/\/socjologia.uwr.edu.pl\/#website","url":"https:\/\/socjologia.uwr.edu.pl\/","name":"Institute of Sociology","description":"Kolejna witryna sieci \u201eUWR Witryny\u201d","publisher":{"@id":"https:\/\/socjologia.uwr.edu.pl\/#organization"},"potentialAction":[{"@type":"SearchAction","target":{"@type":"EntryPoint","urlTemplate":"https:\/\/socjologia.uwr.edu.pl\/?s={search_term_string}"},"query-input":{"@type":"PropertyValueSpecification","valueRequired":true,"valueName":"search_term_string"}}],"inLanguage":"en-US"},{"@type":"Organization","@id":"https:\/\/socjologia.uwr.edu.pl\/#organization","name":"Institute of Sociology","url":"https:\/\/socjologia.uwr.edu.pl\/","logo":{"@type":"ImageObject","inLanguage":"en-US","@id":"https:\/\/socjologia.uwr.edu.pl\/#\/schema\/logo\/image\/","url":"https:\/\/socjologia.uwr.edu.pl\/wp-content\/uploads\/sites\/393\/2025\/10\/UWr-logotyp-2025.png","contentUrl":"https:\/\/socjologia.uwr.edu.pl\/wp-content\/uploads\/sites\/393\/2025\/10\/UWr-logotyp-2025.png","width":764,"height":269,"caption":"Institute of Sociology"},"image":{"@id":"https:\/\/socjologia.uwr.edu.pl\/#\/schema\/logo\/image\/"}}]}},"publishpress_future_action":{"enabled":false,"date":"2026-05-06 09:22:35","action":"change-status","newStatus":"draft","terms":[],"taxonomy":"category","extraData":[]},"publishpress_future_workflow_manual_trigger":{"enabledWorkflows":[]},"_links":{"self":[{"href":"https:\/\/socjologia.uwr.edu.pl\/en\/wp-json\/wp\/v2\/pages\/30430\/"}],"collection":[{"href":"https:\/\/socjologia.uwr.edu.pl\/en\/wp-json\/wp\/v2\/pages\/"}],"about":[{"href":"https:\/\/socjologia.uwr.edu.pl\/en\/wp-json\/wp\/v2\/types\/page\/"}],"author":[{"embeddable":true,"href":"https:\/\/socjologia.uwr.edu.pl\/en\/wp-json\/wp\/v2\/users\/5364\/"}],"replies":[{"embeddable":true,"href":"https:\/\/socjologia.uwr.edu.pl\/en\/wp-json\/wp\/v2\/comments\/?post=30430"}],"version-history":[{"count":3,"href":"https:\/\/socjologia.uwr.edu.pl\/en\/wp-json\/wp\/v2\/pages\/30430\/revisions\/"}],"predecessor-version":[{"id":35026,"href":"https:\/\/socjologia.uwr.edu.pl\/en\/wp-json\/wp\/v2\/pages\/30430\/revisions\/35026\/"}],"up":[{"embeddable":true,"href":"https:\/\/socjologia.uwr.edu.pl\/en\/wp-json\/wp\/v2\/pages\/28374\/"}],"wp:attachment":[{"href":"https:\/\/socjologia.uwr.edu.pl\/en\/wp-json\/wp\/v2\/media\/?parent=30430"}],"wp:term":[{"taxonomy":"category","embeddable":true,"href":"https:\/\/socjologia.uwr.edu.pl\/en\/wp-json\/wp\/v2\/categories\/?post=30430"},{"taxonomy":"post_tag","embeddable":true,"href":"https:\/\/socjologia.uwr.edu.pl\/en\/wp-json\/wp\/v2\/tags\/?post=30430"}],"curies":[{"name":"wp","href":"https:\/\/api.w.org\/{rel}","templated":true}]}}