{"id":29955,"date":"2023-07-14T09:44:08","date_gmt":"2023-07-14T07:44:08","guid":{"rendered":"https:\/\/socjologia.uwr.edu.pl\/?page_id=29955"},"modified":"2024-11-26T13:10:16","modified_gmt":"2024-11-26T12:10:16","slug":"department-of-the-sociology-of-work-and-economic-sociology","status":"publish","type":"page","link":"https:\/\/socjologia.uwr.edu.pl\/en\/institute\/structure\/department-of-the-sociology-of-work-and-economic-sociology\/","title":{"rendered":"Department of the Sociology of Work and Economic Sociology"},"content":{"rendered":"\n<h2 class=\"wp-block-heading\"><strong>Staff and doctoral students<\/strong><\/h2>\n\n\n\n<p><strong>Staff<\/strong><\/p>\n\n\n\n<p><a href=\"mailto:adam.mrozowicki@uwr.edu.pl\">Dr hab. Adam Mrozowicki, Prof. UWr<\/a> (Head of Department)<\/p>\n\n\n\n<p>Dr Jacek Burski<\/p>\n\n\n\n<p>Dr Mateusz Karolak<\/p>\n\n\n\n<p>Dr Agata Krasowska<\/p>\n\n\n\n<p>Dr Olga Nowaczyk<\/p>\n\n\n\n<p>Dr. Piotr Pie\u0144kowski<\/p>\n\n\n\n<p>Dr Szymon Pilch<\/p>\n\n\n\n<p><strong>PhD students<\/strong><\/p>\n\n\n\n<p>MA Olga Gitkiewicz<\/p>\n\n\n\n<p>MA K\u00f6n\u00fcl Jafarova<\/p>\n\n\n\n<p><strong>Professor Emeritus<\/strong><\/p>\n\n\n\n<p>Dr hab. Zdzis\u0142aw Zag\u00f3rski, Prof. UWr<\/p>\n\n\n\n<p><strong>Main research fields<\/strong><\/p>\n\n\n\n<p>The research conducted in the Department of the Sociology of Work and Economic Sociology covers the topics of transformations of collective employment relations and the labour market, quality of jobs and precarity of employment, migration of transnational workers, digitalisation in the field of work and employment, consequences of the development of internet platforms for society, economy and democracy, and social resilience under conditions of socio-economic crises (polycrisis). Ongoing research projects address the problems of the world of work in both the public sector (e.g. education, health care, social assistance) and the private sector (logistics, high-tech industry, BPO centres and others). The analyses usually use mixed, quantitative and qualitative methods. For many years, the Department has been carrying out biographical research on various categories of working people in Poland, Europe and recently in the USA. Their theoretical foundations, which refer, among others, to the tradition of critical realism, interpretative sociology, Pierre Bourdieu&#8217;s sociology, as well as critical currents in labour studies, are important in the research work.<\/p>\n\n\n\n<p>In addition, continuing the tradition of the Department of General Sociology, researchers in the Department conduct analyses on the topics of large-scale social structures and systems, including class structure and stratification, the sociology of contemporary processes (including globalisation, civilisational processes, (dis)integration of systems, post-communist transformation and regionalisation), the sociology of (in)security and risk.<\/p>\n\n\n\n<p>Researchers in the Department, as well as PhD students, have publications in leading international and national journals in the field of sociology of work, economy and collective labour relations. The department has produced publications on the history of labour sociology in Poland as part of the project &#8220;Nestors of the sociology of work&#8221; initiated by its head (carried out by the Sociology of Work Section of the Polish Sociological Association).<\/p>\n\n\n\n<p>The majority of people in the Department have experience in implementing projects and applying for external funding for scientific research. Research projects financed by the National Science Centre in Poland (programmes: OPUS, Preludium, Miniatura, Etuida), the Foundation for Polish Science, European Union and European Commission framework programmes (including Horizon Europe and the 7th Framework Programme), as well as the Excellence Initiative &#8211; Research University programme, have been and are being implemented in the Department.<\/p>\n\n\n\n<p><strong>National and international cooperation<\/strong><\/p>\n\n\n\n<p>The research projects carried out are based on extensive national and international collaborations. Long-standing scientific relationships link the Department&#8217;s staff to the following universities and teams: Centre for Sociological Research (Catholic University of Leuven), Institute for East European Studies (Free University Berlin), Collegium of Socio-Economics of the Warsaw School of Economics in Warsaw. Researchers in the department also collaborate with universities such as Alma Mater Studiorum &#8211; Universita Di Bologna, Universitat De Barcelona, Associa\u00e7\u00e3o Laborat\u00f3rio Colaborativo Para O Trabalho, Emprego E Prote\u00e7\u00e3o Social (Colabor), Tartu Ulikool, University of Campinas, University Laval, University of Helsinki, National University of Colombia, Glasgow Caledonian University, University of Texas Houston, Institute for Development and International Relations (IRMO), ILR School &#8211; Cornell University, Grenoble Ecole de Management.<\/p>\n\n\n\n<p>The Department is also a part of the WORK-NET INTERNATIONAL, an international network of research centres and institutes dedicated to the interdisciplinary study of work and employment<\/p>\n\n\n\n<p>The Department also has a long history of cooperation in scientific projects with stakeholders in the field of economy and economic research, including trade unions, the European Trade Union Institute, the Institute of Public Affairs Foundation. The head of the department has served as a correspondent of the European Foundation for the Improvement of Living and Working Conditions (Eurofound).<\/p>\n\n\n\n<p><strong>Organisation of scientific events<\/strong><\/p>\n\n\n\n<p>VII international conference \u201cSocial Boundaries of Work. Critical Labour Studies in the Times of a Polycrisis\u201c, Wroc\u0142aw, 16-18 October 2024.<\/p>\n\n\n\n<p>The series &#8220;Analytical Workshops on the World of Work&#8221; &#8211; Meetings devoted to the discussion of research material collected in projects on the world of work<\/p>\n\n\n\n<p>Horizon Europe INCA project international seminar &#8211; INcrease corporate political responsibility and Accountability, 25-27 October 2023.<\/p>\n\n\n\n<p>International conference &#8216;Digital realities. Work, mobilities and new opportunities and risks in Central and Eastern Europe in (post)pan-academic period&#8217;, 13-14 May 2021.<\/p>\n\n\n\n<p>Scientific seminar &#8220;Institutions, structures and people. Prof. Zdzis\u0142aw Morawski&#8217;s jubilee seminar&#8221;, 18.10.2018, Wroc\u0142aw<\/p>\n\n\n\n<p>Scientific seminar &#8220;Challenges of social sciences for contemporary Poland. Prof. Zdzis\u0142aw Zag\u00f3rski&#8217;s jubilee seminar&#8221;, 7.10.2016.<\/p>\n\n\n\n<p>Conference series: &#8220;Civilisations in sociological perspective&#8221;, Wroc\u0142aw, 12-13.12.2011, 12-13.12.2012<\/p>\n\n\n\n<p>International conference: &#8220;Contemporary trade union representation of workers in Central and Eastern Europe: barriers, opportunities and challenges&#8221;, Wroc\u0142aw 11-12.10.2012<\/p>\n\n\n\n<p>International conference &#8220;Negotiating capitalism in Central and Eastern Europe? Chances and barriers to trade union renewal in a comparative perspective&#8221;, Wroc\u0142aw 4.05.2011<\/p>\n\n\n\n<p>International Conference \u201eSocial Agency. Theoretical and Methodological Challenges of the 21st Century Humanist Sociology\u201d, Wroc\u0142aw, 20-22.10.2010<\/p>\n","protected":false},"excerpt":{"rendered":"<p>Staff and doctoral students Staff Dr hab. Adam Mrozowicki, Prof. UWr (Head of Department) Dr Jacek Burski Dr Mateusz Karolak Dr Agata Krasowska Dr Olga Nowaczyk Dr. Piotr Pie\u0144kowski Dr Szymon Pilch PhD students MA Olga Gitkiewicz MA K\u00f6n\u00fcl Jafarova Professor Emeritus Dr hab. Zdzis\u0142aw Zag\u00f3rski, Prof. UWr Main research fields The research conducted in [&hellip;]<\/p>\n","protected":false},"author":5364,"featured_media":0,"parent":28374,"menu_order":0,"comment_status":"closed","ping_status":"closed","template":"","meta":{"_acf_changed":false,"inline_featured_image":false,"site-sidebar-layout":"default","site-content-layout":"","ast-site-content-layout":"default","site-content-style":"default","site-sidebar-style":"default","ast-global-header-display":"","ast-banner-title-visibility":"","ast-main-header-display":"","ast-hfb-above-header-display":"","ast-hfb-below-header-display":"","ast-hfb-mobile-header-display":"","site-post-title":"","ast-breadcrumbs-content":"","ast-featured-img":"","footer-sml-layout":"","ast-disable-related-posts":"","theme-transparent-header-meta":"","adv-header-id-meta":"","stick-header-meta":"","header-above-stick-meta":"","header-main-stick-meta":"","header-below-stick-meta":"","astra-migrate-meta-layouts":"set","ast-page-background-enabled":"default","ast-page-background-meta":{"desktop":{"background-color":"","background-image":"","background-repeat":"repeat","background-position":"center center","background-size":"auto","background-attachment":"scroll","background-type":"","background-media":"","overlay-type":"","overlay-color":"","overlay-opacity":"","overlay-gradient":""},"tablet":{"background-color":"","background-image":"","background-repeat":"repeat","background-position":"center center","background-size":"auto","background-attachment":"scroll","background-type":"","background-media":"","overlay-type":"","overlay-color":"","overlay-opacity":"","overlay-gradient":""},"mobile":{"background-color":"","background-image":"","background-repeat":"repeat","background-position":"center center","background-size":"auto","background-attachment":"scroll","background-type":"","background-media":"","overlay-type":"","overlay-color":"","overlay-opacity":"","overlay-gradient":""}},"ast-content-background-meta":{"desktop":{"background-color":"var(--ast-global-color-5)","background-image":"","background-repeat":"repeat","background-position":"center center","background-size":"auto","background-attachment":"scroll","background-type":"","background-media":"","overlay-type":"","overlay-color":"","overlay-opacity":"","overlay-gradient":""},"tablet":{"background-color":"var(--ast-global-color-5)","background-image":"","background-repeat":"repeat","background-position":"center center","background-size":"auto","background-attachment":"scroll","background-type":"","background-media":"","overlay-type":"","overlay-color":"","overlay-opacity":"","overlay-gradient":""},"mobile":{"background-color":"var(--ast-global-color-5)","background-image":"","background-repeat":"repeat","background-position":"center center","background-size":"auto","background-attachment":"scroll","background-type":"","background-media":"","overlay-type":"","overlay-color":"","overlay-opacity":"","overlay-gradient":""}},"footnotes":""},"categories":[],"tags":[],"class_list":["post-29955","page","type-page","status-publish","hentry"],"featured_image_urls_v2":{"full":"","thumbnail":"","medium":"","medium_large":"","large":"","1536x1536":"","2048x2048":"","menu-24x24":"","menu-36x36":"","menu-48x48":""},"post_excerpt_stackable_v2":"<p>Staff and doctoral students Staff Dr hab. Adam Mrozowicki, Prof. UWr (Head of Department) Dr Jacek Burski Dr Mateusz Karolak Dr Agata Krasowska Dr Olga Nowaczyk Dr. Piotr Pie\u0144kowski Dr Szymon Pilch PhD students MA Olga Gitkiewicz MA K\u00f6n\u00fcl Jafarova Professor Emeritus Dr hab. Zdzis\u0142aw Zag\u00f3rski, Prof. UWr Main research fields The research conducted in the Department of the Sociology of Work and Economic Sociology covers the topics of transformations of collective employment relations and the labour market, quality of jobs and precarity of employment, migration of transnational workers, digitalisation in the field of work and employment, consequences of the&hellip;<\/p>\n","category_list_v2":"Uncategorized","author_info_v2":{"name":"stanislaw.krawczyk@uwr.edu.pl","url":"https:\/\/socjologia.uwr.edu.pl\/en\/author\/stanislaw-krawczykuwr-edu-pl\/"},"comments_num_v2":"0 comments","acf":[],"yoast_head":"<!-- This site is optimized with the Yoast SEO plugin v27.1.1 - https:\/\/yoast.com\/product\/yoast-seo-wordpress\/ -->\n<title>Department of the Sociology of Work and Economic Sociology - Institute of Sociology<\/title>\n<meta name=\"robots\" content=\"index, follow, max-snippet:-1, max-image-preview:large, max-video-preview:-1\" \/>\n<link rel=\"canonical\" href=\"https:\/\/socjologia.uwr.edu.pl\/en\/institute\/structure\/department-of-the-sociology-of-work-and-economic-sociology\/\" \/>\n<meta property=\"og:locale\" content=\"en_US\" \/>\n<meta property=\"og:type\" content=\"article\" \/>\n<meta property=\"og:title\" content=\"Department of the Sociology of Work and Economic Sociology - Institute of Sociology\" \/>\n<meta property=\"og:description\" content=\"Staff and doctoral students Staff Dr hab. Adam Mrozowicki, Prof. UWr (Head of Department) Dr Jacek Burski Dr Mateusz Karolak Dr Agata Krasowska Dr Olga Nowaczyk Dr. Piotr Pie\u0144kowski Dr Szymon Pilch PhD students MA Olga Gitkiewicz MA K\u00f6n\u00fcl Jafarova Professor Emeritus Dr hab. Zdzis\u0142aw Zag\u00f3rski, Prof. UWr Main research fields The research conducted in [&hellip;]\" \/>\n<meta property=\"og:url\" content=\"https:\/\/socjologia.uwr.edu.pl\/en\/institute\/structure\/department-of-the-sociology-of-work-and-economic-sociology\/\" \/>\n<meta property=\"og:site_name\" content=\"Institute of Sociology\" \/>\n<meta property=\"article:modified_time\" content=\"2024-11-26T12:10:16+00:00\" \/>\n<meta name=\"twitter:card\" content=\"summary_large_image\" \/>\n<meta name=\"twitter:label1\" content=\"Est. reading time\" \/>\n\t<meta name=\"twitter:data1\" content=\"5 minutes\" \/>\n<script type=\"application\/ld+json\" class=\"yoast-schema-graph\">{\"@context\":\"https:\/\/schema.org\",\"@graph\":[{\"@type\":\"WebPage\",\"@id\":\"https:\/\/socjologia.uwr.edu.pl\/en\/institute\/structure\/department-of-the-sociology-of-work-and-economic-sociology\/\",\"url\":\"https:\/\/socjologia.uwr.edu.pl\/en\/institute\/structure\/department-of-the-sociology-of-work-and-economic-sociology\/\",\"name\":\"Department of the Sociology of Work and Economic Sociology - Institute of Sociology\",\"isPartOf\":{\"@id\":\"https:\/\/socjologia.uwr.edu.pl\/#website\"},\"datePublished\":\"2023-07-14T07:44:08+00:00\",\"dateModified\":\"2024-11-26T12:10:16+00:00\",\"breadcrumb\":{\"@id\":\"https:\/\/socjologia.uwr.edu.pl\/en\/institute\/structure\/department-of-the-sociology-of-work-and-economic-sociology\/#breadcrumb\"},\"inLanguage\":\"en-US\",\"potentialAction\":[{\"@type\":\"ReadAction\",\"target\":[\"https:\/\/socjologia.uwr.edu.pl\/en\/institute\/structure\/department-of-the-sociology-of-work-and-economic-sociology\/\"]}]},{\"@type\":\"BreadcrumbList\",\"@id\":\"https:\/\/socjologia.uwr.edu.pl\/en\/institute\/structure\/department-of-the-sociology-of-work-and-economic-sociology\/#breadcrumb\",\"itemListElement\":[{\"@type\":\"ListItem\",\"position\":1,\"name\":\"Strona g\u0142\u00f3wna\",\"item\":\"https:\/\/socjologia.uwr.edu.pl\/en\/\"},{\"@type\":\"ListItem\",\"position\":2,\"name\":\"Institute\",\"item\":\"https:\/\/socjologia.uwr.edu.pl\/en\/institute\/\"},{\"@type\":\"ListItem\",\"position\":3,\"name\":\"Structure\",\"item\":\"https:\/\/socjologia.uwr.edu.pl\/en\/institute\/structure\/\"},{\"@type\":\"ListItem\",\"position\":4,\"name\":\"Department of the Sociology of Work and Economic Sociology\"}]},{\"@type\":\"WebSite\",\"@id\":\"https:\/\/socjologia.uwr.edu.pl\/#website\",\"url\":\"https:\/\/socjologia.uwr.edu.pl\/\",\"name\":\"Institute of Sociology\",\"description\":\"Kolejna witryna sieci \u201eUWR Witryny\u201d\",\"publisher\":{\"@id\":\"https:\/\/socjologia.uwr.edu.pl\/#organization\"},\"potentialAction\":[{\"@type\":\"SearchAction\",\"target\":{\"@type\":\"EntryPoint\",\"urlTemplate\":\"https:\/\/socjologia.uwr.edu.pl\/?s={search_term_string}\"},\"query-input\":{\"@type\":\"PropertyValueSpecification\",\"valueRequired\":true,\"valueName\":\"search_term_string\"}}],\"inLanguage\":\"en-US\"},{\"@type\":\"Organization\",\"@id\":\"https:\/\/socjologia.uwr.edu.pl\/#organization\",\"name\":\"Institute of Sociology\",\"url\":\"https:\/\/socjologia.uwr.edu.pl\/\",\"logo\":{\"@type\":\"ImageObject\",\"inLanguage\":\"en-US\",\"@id\":\"https:\/\/socjologia.uwr.edu.pl\/#\/schema\/logo\/image\/\",\"url\":\"https:\/\/socjologia.uwr.edu.pl\/wp-content\/uploads\/sites\/393\/2025\/10\/UWr-logotyp-2025.png\",\"contentUrl\":\"https:\/\/socjologia.uwr.edu.pl\/wp-content\/uploads\/sites\/393\/2025\/10\/UWr-logotyp-2025.png\",\"width\":764,\"height\":269,\"caption\":\"Institute of Sociology\"},\"image\":{\"@id\":\"https:\/\/socjologia.uwr.edu.pl\/#\/schema\/logo\/image\/\"}}]}<\/script>\n<!-- \/ Yoast SEO plugin. -->","yoast_head_json":{"title":"Department of the Sociology of Work and Economic Sociology - Institute of Sociology","robots":{"index":"index","follow":"follow","max-snippet":"max-snippet:-1","max-image-preview":"max-image-preview:large","max-video-preview":"max-video-preview:-1"},"canonical":"https:\/\/socjologia.uwr.edu.pl\/en\/institute\/structure\/department-of-the-sociology-of-work-and-economic-sociology\/","og_locale":"en_US","og_type":"article","og_title":"Department of the Sociology of Work and Economic Sociology - Institute of Sociology","og_description":"Staff and doctoral students Staff Dr hab. Adam Mrozowicki, Prof. UWr (Head of Department) Dr Jacek Burski Dr Mateusz Karolak Dr Agata Krasowska Dr Olga Nowaczyk Dr. Piotr Pie\u0144kowski Dr Szymon Pilch PhD students MA Olga Gitkiewicz MA K\u00f6n\u00fcl Jafarova Professor Emeritus Dr hab. Zdzis\u0142aw Zag\u00f3rski, Prof. UWr Main research fields The research conducted in [&hellip;]","og_url":"https:\/\/socjologia.uwr.edu.pl\/en\/institute\/structure\/department-of-the-sociology-of-work-and-economic-sociology\/","og_site_name":"Institute of Sociology","article_modified_time":"2024-11-26T12:10:16+00:00","twitter_card":"summary_large_image","twitter_misc":{"Est. reading time":"5 minutes"},"schema":{"@context":"https:\/\/schema.org","@graph":[{"@type":"WebPage","@id":"https:\/\/socjologia.uwr.edu.pl\/en\/institute\/structure\/department-of-the-sociology-of-work-and-economic-sociology\/","url":"https:\/\/socjologia.uwr.edu.pl\/en\/institute\/structure\/department-of-the-sociology-of-work-and-economic-sociology\/","name":"Department of the Sociology of Work and Economic Sociology - Institute of Sociology","isPartOf":{"@id":"https:\/\/socjologia.uwr.edu.pl\/#website"},"datePublished":"2023-07-14T07:44:08+00:00","dateModified":"2024-11-26T12:10:16+00:00","breadcrumb":{"@id":"https:\/\/socjologia.uwr.edu.pl\/en\/institute\/structure\/department-of-the-sociology-of-work-and-economic-sociology\/#breadcrumb"},"inLanguage":"en-US","potentialAction":[{"@type":"ReadAction","target":["https:\/\/socjologia.uwr.edu.pl\/en\/institute\/structure\/department-of-the-sociology-of-work-and-economic-sociology\/"]}]},{"@type":"BreadcrumbList","@id":"https:\/\/socjologia.uwr.edu.pl\/en\/institute\/structure\/department-of-the-sociology-of-work-and-economic-sociology\/#breadcrumb","itemListElement":[{"@type":"ListItem","position":1,"name":"Strona g\u0142\u00f3wna","item":"https:\/\/socjologia.uwr.edu.pl\/en\/"},{"@type":"ListItem","position":2,"name":"Institute","item":"https:\/\/socjologia.uwr.edu.pl\/en\/institute\/"},{"@type":"ListItem","position":3,"name":"Structure","item":"https:\/\/socjologia.uwr.edu.pl\/en\/institute\/structure\/"},{"@type":"ListItem","position":4,"name":"Department of the Sociology of Work and Economic Sociology"}]},{"@type":"WebSite","@id":"https:\/\/socjologia.uwr.edu.pl\/#website","url":"https:\/\/socjologia.uwr.edu.pl\/","name":"Institute of Sociology","description":"Kolejna witryna sieci \u201eUWR Witryny\u201d","publisher":{"@id":"https:\/\/socjologia.uwr.edu.pl\/#organization"},"potentialAction":[{"@type":"SearchAction","target":{"@type":"EntryPoint","urlTemplate":"https:\/\/socjologia.uwr.edu.pl\/?s={search_term_string}"},"query-input":{"@type":"PropertyValueSpecification","valueRequired":true,"valueName":"search_term_string"}}],"inLanguage":"en-US"},{"@type":"Organization","@id":"https:\/\/socjologia.uwr.edu.pl\/#organization","name":"Institute of Sociology","url":"https:\/\/socjologia.uwr.edu.pl\/","logo":{"@type":"ImageObject","inLanguage":"en-US","@id":"https:\/\/socjologia.uwr.edu.pl\/#\/schema\/logo\/image\/","url":"https:\/\/socjologia.uwr.edu.pl\/wp-content\/uploads\/sites\/393\/2025\/10\/UWr-logotyp-2025.png","contentUrl":"https:\/\/socjologia.uwr.edu.pl\/wp-content\/uploads\/sites\/393\/2025\/10\/UWr-logotyp-2025.png","width":764,"height":269,"caption":"Institute of Sociology"},"image":{"@id":"https:\/\/socjologia.uwr.edu.pl\/#\/schema\/logo\/image\/"}}]}},"publishpress_future_action":{"enabled":false,"date":"2026-05-21 10:08:13","action":"change-status","newStatus":"draft","terms":[],"taxonomy":"category","extraData":[]},"publishpress_future_workflow_manual_trigger":{"enabledWorkflows":[]},"_links":{"self":[{"href":"https:\/\/socjologia.uwr.edu.pl\/en\/wp-json\/wp\/v2\/pages\/29955\/"}],"collection":[{"href":"https:\/\/socjologia.uwr.edu.pl\/en\/wp-json\/wp\/v2\/pages\/"}],"about":[{"href":"https:\/\/socjologia.uwr.edu.pl\/en\/wp-json\/wp\/v2\/types\/page\/"}],"author":[{"embeddable":true,"href":"https:\/\/socjologia.uwr.edu.pl\/en\/wp-json\/wp\/v2\/users\/5364\/"}],"replies":[{"embeddable":true,"href":"https:\/\/socjologia.uwr.edu.pl\/en\/wp-json\/wp\/v2\/comments\/?post=29955"}],"version-history":[{"count":3,"href":"https:\/\/socjologia.uwr.edu.pl\/en\/wp-json\/wp\/v2\/pages\/29955\/revisions\/"}],"predecessor-version":[{"id":33758,"href":"https:\/\/socjologia.uwr.edu.pl\/en\/wp-json\/wp\/v2\/pages\/29955\/revisions\/33758\/"}],"up":[{"embeddable":true,"href":"https:\/\/socjologia.uwr.edu.pl\/en\/wp-json\/wp\/v2\/pages\/28374\/"}],"wp:attachment":[{"href":"https:\/\/socjologia.uwr.edu.pl\/en\/wp-json\/wp\/v2\/media\/?parent=29955"}],"wp:term":[{"taxonomy":"category","embeddable":true,"href":"https:\/\/socjologia.uwr.edu.pl\/en\/wp-json\/wp\/v2\/categories\/?post=29955"},{"taxonomy":"post_tag","embeddable":true,"href":"https:\/\/socjologia.uwr.edu.pl\/en\/wp-json\/wp\/v2\/tags\/?post=29955"}],"curies":[{"name":"wp","href":"https:\/\/api.w.org\/{rel}","templated":true}]}}