{"id":27945,"date":"2023-09-08T14:34:17","date_gmt":"2023-09-08T12:34:17","guid":{"rendered":"https:\/\/socjologia.uwr.edu.pl\/instytut\/secretariat\/"},"modified":"2024-04-19T14:25:23","modified_gmt":"2024-04-19T12:25:23","slug":"secretariat","status":"publish","type":"page","link":"https:\/\/socjologia.uwr.edu.pl\/en\/institute\/secretariat\/","title":{"rendered":"Secretariat"},"content":{"rendered":"\n<div class=\"wp-block-ugb-container ugb-container blok_nowa_podstrona ugb-8dda971 ugb-container--v2 ugb-container--design-plain ugb-main-block\"><div class=\"ugb-inner-block\"><div class=\"ugb-block-content\"><div class=\"ugb-container__wrapper ugb-8dda971-wrapper\"><div class=\"ugb-container__side\"><div class=\"ugb-container__content-wrapper ugb-8dda971-content-wrapper\">\n<div class=\"wp-block-columns bs-news-page is-layout-flex wp-block-columns-is-layout-flex\">\n<div class=\"wp-block-column bs-contact-right-column is-layout-flow wp-block-column-is-layout-flow\">\n<div class=\"wp-block-bonasoft-modular-breadcrumbs-block\"><div class=\"bs_add_breadcrumb_trail\"><\/div><\/div>\n\n\n\n<hr class=\"wp-block-separator has-text-color has-black-color has-css-opacity has-black-background-color has-background is-style-wide bs-border-kontakt\"\/>\n\n\n<h1 style=\"font-style:normal;font-weight:700;\" class=\"bs-naglowek-podstrony wp-block-post-title\">Secretariat<\/h1>\n\n\n<h3 class=\"wp-block-heading\">SECRETARIAT (TEACHING) <\/h3>\n\n\n\n<p>mgr\u00a0Maria Dr\u00f3\u017cd\u017c<br\/><a href=\"mailto:maria.drozdz@uwr.edu.pl\">maria.drozdz@uwr.edu.pl<\/a>\u00a0<\/p>\n\n\n\n<p>mgr Katarzyna Czerkawska<br\/><a href=\"mailto:katarzyna.czerkawska@uwr.edu.pl\">katarzyna.czerkawska@uwr.edu.pl<\/a>\u00a0 \u00a0 \u00a0 \u00a0 \u00a0 \u00a0 \u00a0 \u00a0 \u00a0 \u00a0<\/p>\n\n\n\n<p>TELEFON:<br\/>(071) 375-50-97<br\/>(071) 375-51-00<br\/>(071) 326-50-96<br\/><br\/>ADRES E-MAIL: \u00a0<a href=\"mailto:wns.is@uwr.edu.pl\">wns.is@uwr.edu.pl<\/a>\u00a0<\/p>\n\n\n\n<h3 class=\"wp-block-heading\">SECRETARIAT (FINANCES) <\/h3>\n\n\n\n<p>mgr Ma\u0142gorzata \u015anie\u017cek<br\/><a href=\"mailto:malgorzata.sniezek@uwr.edu.pl\">malgorzata.sniezek@uwr.edu.pl<\/a><\/p>\n\n\n\n<p>TELEFON:\u00a0 (071) 375-52-41<\/p>\n<\/div>\n\n\n\n<div class=\"wp-block-column bs-kontakt-photo is-layout-flow wp-block-column-is-layout-flow\">\n<figure class=\"wp-block-image size-large\"><img loading=\"lazy\" decoding=\"async\" width=\"1024\" height=\"683\" src=\"https:\/\/socjologia.uwr.edu.pl\/wp-content\/uploads\/sites\/393\/2023\/07\/1-72-1024x683.jpg\" alt=\"IS building\" class=\"wp-image-23996\" srcset=\"https:\/\/socjologia.uwr.edu.pl\/wp-content\/uploads\/sites\/393\/2023\/07\/1-72-1024x683.jpg 1024w, https:\/\/socjologia.uwr.edu.pl\/wp-content\/uploads\/sites\/393\/2023\/07\/1-72-300x200.jpg 300w, https:\/\/socjologia.uwr.edu.pl\/wp-content\/uploads\/sites\/393\/2023\/07\/1-72-768x512.jpg 768w, https:\/\/socjologia.uwr.edu.pl\/wp-content\/uploads\/sites\/393\/2023\/07\/1-72-1536x1024.jpg 1536w, https:\/\/socjologia.uwr.edu.pl\/wp-content\/uploads\/sites\/393\/2023\/07\/1-72-2048x1365.jpg 2048w, https:\/\/socjologia.uwr.edu.pl\/wp-content\/uploads\/sites\/393\/2023\/07\/1-72-1320x880.jpg 1320w, https:\/\/socjologia.uwr.edu.pl\/wp-content\/uploads\/sites\/393\/2023\/07\/1-72-24x16.jpg 24w, https:\/\/socjologia.uwr.edu.pl\/wp-content\/uploads\/sites\/393\/2023\/07\/1-72-36x24.jpg 36w, https:\/\/socjologia.uwr.edu.pl\/wp-content\/uploads\/sites\/393\/2023\/07\/1-72-48x32.jpg 48w\" sizes=\"auto, (max-width: 1024px) 100vw, 1024px\" \/><\/figure>\n<\/div>\n<\/div>\n\n\n\n<div class=\"wp-block-ugb-container ugb-container bs-news-page-under ugb-f8694ce ugb-container--v2 ugb-container--design-plain ugb-main-block\"><div class=\"ugb-inner-block\"><div class=\"ugb-block-content\"><div class=\"ugb-container__wrapper ugb-f8694ce-wrapper\"><div class=\"ugb-container__side\"><div class=\"ugb-container__content-wrapper ugb-f8694ce-content-wrapper\">\n<h2 class=\"wp-block-heading\">Institute of Sociology<br\/>University of Wroc\u0142aw<\/h2>\n\n\n\n<p>3 Koszarowa St. <br\/>51-149 Wroc\u0142aw<br\/><br\/>E-MAIL: <a href=\"mailto:wns.is@uwr.edu.pl\">wns.is@uwr.edu.pl<\/a><\/p>\n<\/div><\/div><\/div><\/div><\/div><\/div>\n<\/div><\/div><\/div><\/div><\/div><\/div>\n","protected":false},"excerpt":{"rendered":"<p>SECRETARIAT (TEACHING) mgr\u00a0Maria Dr\u00f3\u017cd\u017cmaria.drozdz@uwr.edu.pl\u00a0 mgr Katarzyna Czerkawskakatarzyna.czerkawska@uwr.edu.pl\u00a0 \u00a0 \u00a0 \u00a0 \u00a0 \u00a0 \u00a0 \u00a0 \u00a0 \u00a0 TELEFON:(071) 375-50-97(071) 375-51-00(071) 326-50-96 ADRES E-MAIL: \u00a0wns.is@uwr.edu.pl\u00a0 SECRETARIAT (FINANCES) mgr Ma\u0142gorzata \u015anie\u017cekmalgorzata.sniezek@uwr.edu.pl TELEFON:\u00a0 (071) 375-52-41 Institute of SociologyUniversity of Wroc\u0142aw 3 Koszarowa St. 51-149 Wroc\u0142aw E-MAIL: wns.is@uwr.edu.pl<\/p>\n","protected":false},"author":1839,"featured_media":0,"parent":25413,"menu_order":4,"comment_status":"closed","ping_status":"closed","template":"","meta":{"_acf_changed":false,"inline_featured_image":false,"site-sidebar-layout":"default","site-content-layout":"","ast-site-content-layout":"default","site-content-style":"default","site-sidebar-style":"default","ast-global-header-display":"","ast-banner-title-visibility":"","ast-main-header-display":"","ast-hfb-above-header-display":"","ast-hfb-below-header-display":"","ast-hfb-mobile-header-display":"","site-post-title":"","ast-breadcrumbs-content":"","ast-featured-img":"","footer-sml-layout":"","ast-disable-related-posts":"","theme-transparent-header-meta":"","adv-header-id-meta":"","stick-header-meta":"","header-above-stick-meta":"","header-main-stick-meta":"","header-below-stick-meta":"","astra-migrate-meta-layouts":"default","ast-page-background-enabled":"default","ast-page-background-meta":{"desktop":{"background-color":"","background-image":"","background-repeat":"repeat","background-position":"center center","background-size":"auto","background-attachment":"scroll","background-type":"","background-media":"","overlay-type":"","overlay-color":"","overlay-opacity":"","overlay-gradient":""},"tablet":{"background-color":"","background-image":"","background-repeat":"repeat","background-position":"center center","background-size":"auto","background-attachment":"scroll","background-type":"","background-media":"","overlay-type":"","overlay-color":"","overlay-opacity":"","overlay-gradient":""},"mobile":{"background-color":"","background-image":"","background-repeat":"repeat","background-position":"center center","background-size":"auto","background-attachment":"scroll","background-type":"","background-media":"","overlay-type":"","overlay-color":"","overlay-opacity":"","overlay-gradient":""}},"ast-content-background-meta":{"desktop":{"background-color":"var(--ast-global-color-5)","background-image":"","background-repeat":"repeat","background-position":"center center","background-size":"auto","background-attachment":"scroll","background-type":"","background-media":"","overlay-type":"","overlay-color":"","overlay-opacity":"","overlay-gradient":""},"tablet":{"background-color":"var(--ast-global-color-5)","background-image":"","background-repeat":"repeat","background-position":"center center","background-size":"auto","background-attachment":"scroll","background-type":"","background-media":"","overlay-type":"","overlay-color":"","overlay-opacity":"","overlay-gradient":""},"mobile":{"background-color":"var(--ast-global-color-5)","background-image":"","background-repeat":"repeat","background-position":"center center","background-size":"auto","background-attachment":"scroll","background-type":"","background-media":"","overlay-type":"","overlay-color":"","overlay-opacity":"","overlay-gradient":""}},"footnotes":""},"categories":[],"tags":[],"class_list":["post-27945","page","type-page","status-publish","hentry"],"featured_image_urls_v2":{"full":"","thumbnail":"","medium":"","medium_large":"","large":"","1536x1536":"","2048x2048":"","menu-24x24":"","menu-36x36":"","menu-48x48":""},"post_excerpt_stackable_v2":"<p>Secretariat SECRETARIAT (TEACHING) mgr\u00a0Maria Dr\u00f3\u017cd\u017cmaria.drozdz@uwr.edu.pl\u00a0 mgr Katarzyna Czerkawskakatarzyna.czerkawska@uwr.edu.pl\u00a0 \u00a0 \u00a0 \u00a0 \u00a0 \u00a0 \u00a0 \u00a0 \u00a0 \u00a0 TELEFON:(071) 375-50-97(071) 375-51-00(071) 326-50-96ADRES E-MAIL: \u00a0wns.is@uwr.edu.pl\u00a0 SECRETARIAT (FINANCES) mgr Ma\u0142gorzata \u015anie\u017cekmalgorzata.sniezek@uwr.edu.pl TELEFON:\u00a0 (071) 375-52-41 Institute of SociologyUniversity of Wroc\u0142aw 3 Koszarowa St. 51-149 Wroc\u0142awE-MAIL: wns.is@uwr.edu.pl<\/p>\n","category_list_v2":"Uncategorized","author_info_v2":{"name":"ppienkowski","url":"https:\/\/socjologia.uwr.edu.pl\/en\/author\/ppienkowski\/"},"comments_num_v2":"0 comments","acf":[],"yoast_head":"<!-- This site is optimized with the Yoast SEO plugin v27.1.1 - https:\/\/yoast.com\/product\/yoast-seo-wordpress\/ -->\n<title>Secretariat - Institute of Sociology<\/title>\n<meta name=\"robots\" content=\"index, follow, max-snippet:-1, max-image-preview:large, max-video-preview:-1\" \/>\n<link rel=\"canonical\" href=\"https:\/\/socjologia.uwr.edu.pl\/instytut\/sekretariat\/\" \/>\n<meta property=\"og:locale\" content=\"en_US\" \/>\n<meta property=\"og:type\" content=\"article\" \/>\n<meta property=\"og:title\" content=\"Secretariat - Institute of Sociology\" \/>\n<meta property=\"og:description\" content=\"SECRETARIAT (TEACHING) mgr\u00a0Maria Dr\u00f3\u017cd\u017cmaria.drozdz@uwr.edu.pl\u00a0 mgr Katarzyna Czerkawskakatarzyna.czerkawska@uwr.edu.pl\u00a0 \u00a0 \u00a0 \u00a0 \u00a0 \u00a0 \u00a0 \u00a0 \u00a0 \u00a0 TELEFON:(071) 375-50-97(071) 375-51-00(071) 326-50-96 ADRES E-MAIL: \u00a0wns.is@uwr.edu.pl\u00a0 SECRETARIAT (FINANCES) mgr Ma\u0142gorzata \u015anie\u017cekmalgorzata.sniezek@uwr.edu.pl TELEFON:\u00a0 (071) 375-52-41 Institute of SociologyUniversity of Wroc\u0142aw 3 Koszarowa St. 51-149 Wroc\u0142aw E-MAIL: wns.is@uwr.edu.pl\" \/>\n<meta property=\"og:url\" content=\"https:\/\/socjologia.uwr.edu.pl\/instytut\/sekretariat\/\" \/>\n<meta property=\"og:site_name\" content=\"Institute of Sociology\" \/>\n<meta property=\"article:modified_time\" content=\"2024-04-19T12:25:23+00:00\" \/>\n<meta property=\"og:image\" content=\"https:\/\/socjologia.uwr.edu.pl\/wp-content\/uploads\/sites\/393\/2023\/07\/1-72-1024x683.jpg\" \/>\n<meta name=\"twitter:card\" content=\"summary_large_image\" \/>\n<script type=\"application\/ld+json\" class=\"yoast-schema-graph\">{\"@context\":\"https:\/\/schema.org\",\"@graph\":[{\"@type\":\"WebPage\",\"@id\":\"https:\/\/socjologia.uwr.edu.pl\/instytut\/sekretariat\/\",\"url\":\"https:\/\/socjologia.uwr.edu.pl\/instytut\/sekretariat\/\",\"name\":\"Secretariat - Institute of Sociology\",\"isPartOf\":{\"@id\":\"https:\/\/socjologia.uwr.edu.pl\/#website\"},\"primaryImageOfPage\":{\"@id\":\"https:\/\/socjologia.uwr.edu.pl\/instytut\/sekretariat\/#primaryimage\"},\"image\":{\"@id\":\"https:\/\/socjologia.uwr.edu.pl\/instytut\/sekretariat\/#primaryimage\"},\"thumbnailUrl\":\"https:\/\/socjologia.uwr.edu.pl\/wp-content\/uploads\/sites\/393\/2023\/07\/1-72-1024x683.jpg\",\"datePublished\":\"2023-09-08T12:34:17+00:00\",\"dateModified\":\"2024-04-19T12:25:23+00:00\",\"breadcrumb\":{\"@id\":\"https:\/\/socjologia.uwr.edu.pl\/instytut\/sekretariat\/#breadcrumb\"},\"inLanguage\":\"en-US\",\"potentialAction\":[{\"@type\":\"ReadAction\",\"target\":[\"https:\/\/socjologia.uwr.edu.pl\/instytut\/sekretariat\/\"]}]},{\"@type\":\"ImageObject\",\"inLanguage\":\"en-US\",\"@id\":\"https:\/\/socjologia.uwr.edu.pl\/instytut\/sekretariat\/#primaryimage\",\"url\":\"https:\/\/socjologia.uwr.edu.pl\/wp-content\/uploads\/sites\/393\/2023\/07\/1-72-1024x683.jpg\",\"contentUrl\":\"https:\/\/socjologia.uwr.edu.pl\/wp-content\/uploads\/sites\/393\/2023\/07\/1-72-1024x683.jpg\"},{\"@type\":\"BreadcrumbList\",\"@id\":\"https:\/\/socjologia.uwr.edu.pl\/instytut\/sekretariat\/#breadcrumb\",\"itemListElement\":[{\"@type\":\"ListItem\",\"position\":1,\"name\":\"Strona g\u0142\u00f3wna\",\"item\":\"https:\/\/socjologia.uwr.edu.pl\/en\/\"},{\"@type\":\"ListItem\",\"position\":2,\"name\":\"Institute\",\"item\":\"https:\/\/socjologia.uwr.edu.pl\/en\/institute\/\"},{\"@type\":\"ListItem\",\"position\":3,\"name\":\"Secretariat\"}]},{\"@type\":\"WebSite\",\"@id\":\"https:\/\/socjologia.uwr.edu.pl\/#website\",\"url\":\"https:\/\/socjologia.uwr.edu.pl\/\",\"name\":\"Institute of Sociology\",\"description\":\"Kolejna witryna sieci \u201eUWR Witryny\u201d\",\"publisher\":{\"@id\":\"https:\/\/socjologia.uwr.edu.pl\/#organization\"},\"potentialAction\":[{\"@type\":\"SearchAction\",\"target\":{\"@type\":\"EntryPoint\",\"urlTemplate\":\"https:\/\/socjologia.uwr.edu.pl\/?s={search_term_string}\"},\"query-input\":{\"@type\":\"PropertyValueSpecification\",\"valueRequired\":true,\"valueName\":\"search_term_string\"}}],\"inLanguage\":\"en-US\"},{\"@type\":\"Organization\",\"@id\":\"https:\/\/socjologia.uwr.edu.pl\/#organization\",\"name\":\"Institute of Sociology\",\"url\":\"https:\/\/socjologia.uwr.edu.pl\/\",\"logo\":{\"@type\":\"ImageObject\",\"inLanguage\":\"en-US\",\"@id\":\"https:\/\/socjologia.uwr.edu.pl\/#\/schema\/logo\/image\/\",\"url\":\"https:\/\/socjologia.uwr.edu.pl\/wp-content\/uploads\/sites\/393\/2025\/10\/UWr-logotyp-2025.png\",\"contentUrl\":\"https:\/\/socjologia.uwr.edu.pl\/wp-content\/uploads\/sites\/393\/2025\/10\/UWr-logotyp-2025.png\",\"width\":764,\"height\":269,\"caption\":\"Institute of Sociology\"},\"image\":{\"@id\":\"https:\/\/socjologia.uwr.edu.pl\/#\/schema\/logo\/image\/\"}}]}<\/script>\n<!-- \/ Yoast SEO plugin. -->","yoast_head_json":{"title":"Secretariat - Institute of Sociology","robots":{"index":"index","follow":"follow","max-snippet":"max-snippet:-1","max-image-preview":"max-image-preview:large","max-video-preview":"max-video-preview:-1"},"canonical":"https:\/\/socjologia.uwr.edu.pl\/instytut\/sekretariat\/","og_locale":"en_US","og_type":"article","og_title":"Secretariat - Institute of Sociology","og_description":"SECRETARIAT (TEACHING) mgr\u00a0Maria Dr\u00f3\u017cd\u017cmaria.drozdz@uwr.edu.pl\u00a0 mgr Katarzyna Czerkawskakatarzyna.czerkawska@uwr.edu.pl\u00a0 \u00a0 \u00a0 \u00a0 \u00a0 \u00a0 \u00a0 \u00a0 \u00a0 \u00a0 TELEFON:(071) 375-50-97(071) 375-51-00(071) 326-50-96 ADRES E-MAIL: \u00a0wns.is@uwr.edu.pl\u00a0 SECRETARIAT (FINANCES) mgr Ma\u0142gorzata \u015anie\u017cekmalgorzata.sniezek@uwr.edu.pl TELEFON:\u00a0 (071) 375-52-41 Institute of SociologyUniversity of Wroc\u0142aw 3 Koszarowa St. 51-149 Wroc\u0142aw E-MAIL: wns.is@uwr.edu.pl","og_url":"https:\/\/socjologia.uwr.edu.pl\/instytut\/sekretariat\/","og_site_name":"Institute of Sociology","article_modified_time":"2024-04-19T12:25:23+00:00","og_image":[{"url":"https:\/\/socjologia.uwr.edu.pl\/wp-content\/uploads\/sites\/393\/2023\/07\/1-72-1024x683.jpg","type":"","width":"","height":""}],"twitter_card":"summary_large_image","schema":{"@context":"https:\/\/schema.org","@graph":[{"@type":"WebPage","@id":"https:\/\/socjologia.uwr.edu.pl\/instytut\/sekretariat\/","url":"https:\/\/socjologia.uwr.edu.pl\/instytut\/sekretariat\/","name":"Secretariat - Institute of Sociology","isPartOf":{"@id":"https:\/\/socjologia.uwr.edu.pl\/#website"},"primaryImageOfPage":{"@id":"https:\/\/socjologia.uwr.edu.pl\/instytut\/sekretariat\/#primaryimage"},"image":{"@id":"https:\/\/socjologia.uwr.edu.pl\/instytut\/sekretariat\/#primaryimage"},"thumbnailUrl":"https:\/\/socjologia.uwr.edu.pl\/wp-content\/uploads\/sites\/393\/2023\/07\/1-72-1024x683.jpg","datePublished":"2023-09-08T12:34:17+00:00","dateModified":"2024-04-19T12:25:23+00:00","breadcrumb":{"@id":"https:\/\/socjologia.uwr.edu.pl\/instytut\/sekretariat\/#breadcrumb"},"inLanguage":"en-US","potentialAction":[{"@type":"ReadAction","target":["https:\/\/socjologia.uwr.edu.pl\/instytut\/sekretariat\/"]}]},{"@type":"ImageObject","inLanguage":"en-US","@id":"https:\/\/socjologia.uwr.edu.pl\/instytut\/sekretariat\/#primaryimage","url":"https:\/\/socjologia.uwr.edu.pl\/wp-content\/uploads\/sites\/393\/2023\/07\/1-72-1024x683.jpg","contentUrl":"https:\/\/socjologia.uwr.edu.pl\/wp-content\/uploads\/sites\/393\/2023\/07\/1-72-1024x683.jpg"},{"@type":"BreadcrumbList","@id":"https:\/\/socjologia.uwr.edu.pl\/instytut\/sekretariat\/#breadcrumb","itemListElement":[{"@type":"ListItem","position":1,"name":"Strona g\u0142\u00f3wna","item":"https:\/\/socjologia.uwr.edu.pl\/en\/"},{"@type":"ListItem","position":2,"name":"Institute","item":"https:\/\/socjologia.uwr.edu.pl\/en\/institute\/"},{"@type":"ListItem","position":3,"name":"Secretariat"}]},{"@type":"WebSite","@id":"https:\/\/socjologia.uwr.edu.pl\/#website","url":"https:\/\/socjologia.uwr.edu.pl\/","name":"Institute of Sociology","description":"Kolejna witryna sieci \u201eUWR Witryny\u201d","publisher":{"@id":"https:\/\/socjologia.uwr.edu.pl\/#organization"},"potentialAction":[{"@type":"SearchAction","target":{"@type":"EntryPoint","urlTemplate":"https:\/\/socjologia.uwr.edu.pl\/?s={search_term_string}"},"query-input":{"@type":"PropertyValueSpecification","valueRequired":true,"valueName":"search_term_string"}}],"inLanguage":"en-US"},{"@type":"Organization","@id":"https:\/\/socjologia.uwr.edu.pl\/#organization","name":"Institute of Sociology","url":"https:\/\/socjologia.uwr.edu.pl\/","logo":{"@type":"ImageObject","inLanguage":"en-US","@id":"https:\/\/socjologia.uwr.edu.pl\/#\/schema\/logo\/image\/","url":"https:\/\/socjologia.uwr.edu.pl\/wp-content\/uploads\/sites\/393\/2025\/10\/UWr-logotyp-2025.png","contentUrl":"https:\/\/socjologia.uwr.edu.pl\/wp-content\/uploads\/sites\/393\/2025\/10\/UWr-logotyp-2025.png","width":764,"height":269,"caption":"Institute of Sociology"},"image":{"@id":"https:\/\/socjologia.uwr.edu.pl\/#\/schema\/logo\/image\/"}}]}},"publishpress_future_action":{"enabled":false,"date":"2026-05-06 04:00:33","action":"change-status","newStatus":"draft","terms":[],"taxonomy":"category","extraData":[]},"publishpress_future_workflow_manual_trigger":{"enabledWorkflows":[]},"_links":{"self":[{"href":"https:\/\/socjologia.uwr.edu.pl\/en\/wp-json\/wp\/v2\/pages\/27945\/"}],"collection":[{"href":"https:\/\/socjologia.uwr.edu.pl\/en\/wp-json\/wp\/v2\/pages\/"}],"about":[{"href":"https:\/\/socjologia.uwr.edu.pl\/en\/wp-json\/wp\/v2\/types\/page\/"}],"author":[{"embeddable":true,"href":"https:\/\/socjologia.uwr.edu.pl\/en\/wp-json\/wp\/v2\/users\/1839\/"}],"replies":[{"embeddable":true,"href":"https:\/\/socjologia.uwr.edu.pl\/en\/wp-json\/wp\/v2\/comments\/?post=27945"}],"version-history":[{"count":4,"href":"https:\/\/socjologia.uwr.edu.pl\/en\/wp-json\/wp\/v2\/pages\/27945\/revisions\/"}],"predecessor-version":[{"id":29496,"href":"https:\/\/socjologia.uwr.edu.pl\/en\/wp-json\/wp\/v2\/pages\/27945\/revisions\/29496\/"}],"up":[{"embeddable":true,"href":"https:\/\/socjologia.uwr.edu.pl\/en\/wp-json\/wp\/v2\/pages\/25413\/"}],"wp:attachment":[{"href":"https:\/\/socjologia.uwr.edu.pl\/en\/wp-json\/wp\/v2\/media\/?parent=27945"}],"wp:term":[{"taxonomy":"category","embeddable":true,"href":"https:\/\/socjologia.uwr.edu.pl\/en\/wp-json\/wp\/v2\/categories\/?post=27945"},{"taxonomy":"post_tag","embeddable":true,"href":"https:\/\/socjologia.uwr.edu.pl\/en\/wp-json\/wp\/v2\/tags\/?post=27945"}],"curies":[{"name":"wp","href":"https:\/\/api.w.org\/{rel}","templated":true}]}}